{"id":6492,"date":"2023-09-28T16:42:04","date_gmt":"2023-09-28T13:42:04","guid":{"rendered":"https:\/\/estet.zt.ua\/?page_id=6492"},"modified":"2023-09-28T16:42:04","modified_gmt":"2023-09-28T13:42:04","slug":"granit-zhitomir-com","status":"publish","type":"page","link":"https:\/\/estet.zt.ua\/de\/granit-zhitomir-com\/","title":{"rendered":"Denkm\u00e4ler aus Granit von der Firma granit-zhitomir.com"},"content":{"rendered":"<h2>1. Einleitung<\/h2>\n<p><a href=\"https:\/\/granit-zhitomir.com\/\">Denkm\u00e4ler aus Granit von der Firma granit-zhitomir.com<\/a> - sind einzigartige und unnachahmliche Produkte, die sich durch ihre hohe Qualit\u00e4t und Haltbarkeit auszeichnen. Sie stellen ein teures und zeitaufw\u00e4ndiges Herstellungsverfahren dar, weshalb sie ein Symbol f\u00fcr Langlebigkeit sind. Granitdenkm\u00e4ler k\u00f6nnen f\u00fcr eine Vielzahl von Zwecken verwendet werden, einschlie\u00dflich der Aufstellung auf Festpl\u00e4tzen und an verschiedenen Orten des Gedenkens. In diesem Artikel werden wir alle Vor- und Nachteile der Granitdenkm\u00e4ler von granit-zhitomir.com betrachten.<\/p>\n<h2>2. Vorteile der Verwendung von Granit f\u00fcr den Bau von Denkm\u00e4lern<\/h2>\n<h3>Langlebigkeit und hohe Festigkeit<\/h3>\n<p>Granit hat eine hohe Festigkeit und Haltbarkeit, was ihn ideal f\u00fcr den Bau von Denkm\u00e4lern macht. Er kann l\u00e4ngere Zeit wechselnden Witterungsbedingungen wie Regen, Schnee, Nebel usw. standhalten.<\/p>\n<h3>Erschwinglicher Preis<\/h3>\n<p>Granit ist zu einem erschwinglichen Preis erh\u00e4ltlich, weshalb er sich ideal f\u00fcr den Bau von Denkm\u00e4lern eignet. Das bedeutet, dass man Granitdenkm\u00e4ler bauen kann, ohne gro\u00dfe Kosten zu verursachen.<\/p>\n<h3>Hohe Dichte und Festigkeit<\/h3>\n<p>Granit hat eine hohe Dichte und Haltbarkeit, was ihn zu einem idealen Material f\u00fcr den Bau von Denkm\u00e4lern macht. Er kann l\u00e4ngere Zeit wechselnden Witterungsbedingungen wie Regen, Schnee, Nebel usw. standhalten.<\/p>\n<h3>Verarbeitungsm\u00f6glichkeiten<\/h3>\n<p>Granit l\u00e4sst sich leicht bearbeiten, so dass er f\u00fcr den Bau von Denkm\u00e4lern in verschiedenen Formen und Gr\u00f6\u00dfen verwendet werden kann. Dies macht ihn zu einem idealen Material f\u00fcr den Bau von Denkm\u00e4lern in einer Vielzahl von Stilen.<\/p>\n<h2>3. Vorteile der Bestellung Granit Denkm\u00e4ler von der Firma granit-zhitomir.com<\/h2>\n<h3>Erfahrene Fachleute<\/h3>\n<p>Unser Team besteht aus erfahrenen Spezialisten, die sich professionell mit der Herstellung von Denkm\u00e4lern aus Granit besch\u00e4ftigen. Wir bieten Ihnen qualitativ hochwertige Dienstleistungen und garantieren Professionalit\u00e4t in allen Phasen der Arbeit.<\/p>\n<h3>Vielfalt der Modelle<\/h3>\n<p>In unserem Sortiment gibt es viele Modelle von Denkm\u00e4lern aus Granit. Sie k\u00f6nnen ein Denkmal w\u00e4hlen, das in Form und Gr\u00f6\u00dfe zu Ihnen passt. Wir bieten unseren Kunden eine Vielzahl von Gestaltungsm\u00f6glichkeiten und dekorativen Elementen.<\/p>\n<h3>Erschwingliche Preise<\/h3>\n<p>Wir legen gro\u00dfen Wert auf ein gutes Preis-Leistungs-Verh\u00e4ltnis. Wir bieten erschwingliche Preise f\u00fcr Denkm\u00e4ler aus Granit und liefern gleichzeitig Qualit\u00e4tsarbeit.<\/p>\n<h3>Einhaltung der Fristen<\/h3>\n<p>Wir halten uns an strenge Fristen und garantieren eine termingerechte Auftragserf\u00fcllung. Wir bieten unseren Kunden ein flexibles System von Rabatten und Boni.<\/p>\n<h3>Hochwertige Materialien<\/h3>\n<p>Wir verwenden nur die besten Materialien f\u00fcr die Herstellung von Granitmonumenten. Alle unsere Produkte durchlaufen eine strenge Qualit\u00e4tskontrolle und haben hohe Eigenschaften.<\/p>\n<h2>4. Schlussfolgerung<\/h2>\n<p>In dem Artikel wurden Granit-Denkm\u00e4ler, die von der Firma granit-zhitomir.com angeboten werden, betrachtet. Unser Unternehmen produziert Denkm\u00e4ler aus Granit von h\u00f6chster Qualit\u00e4t, die f\u00fcr jeden Ort und Zweck geeignet sind. Unsere Denkm\u00e4ler werden Sie f\u00fcr viele Jahre dienen und wird als ein echtes Denkmal f\u00fcr Ihre Lieben dienen.<\/p>\n<p>Unser Unternehmen bietet eine breite Palette von Granitmonumenten f\u00fcr jeden Stil und jede Vorliebe. Wir garantieren die Qualit\u00e4t und Haltbarkeit unserer Produkte und bieten attraktive Preise. Unsere Experten helfen Ihnen bei der Auswahl des am besten geeigneten Granitdenkmals f\u00fcr Ihre Lieben.<\/p>\n<p>Wenn Sie m\u00f6chten, dass <a href=\"https:\/\/granit-zhitomir.com\/\">ein Denkmal aus Granit zu kaufen, angeboten von der Firma granit-zhitomir.com<\/a>Bitte besuchen Sie unsere Website oder kontaktieren Sie uns f\u00fcr weitere Informationen.<\/p>","protected":false},"excerpt":{"rendered":"<p>1. Einleitung Denkm\u00e4ler aus Granit der Firma granit-zhitomir.com sind einzigartige und unnachahmliche Produkte, die sich durch ihre hohe Qualit\u00e4t und Haltbarkeit auszeichnen. Sie stellen ein teures und zeitaufw\u00e4ndiges Herstellungsverfahren dar und sind daher ein Symbol f\u00fcr Best\u00e4ndigkeit. Denkm\u00e4ler aus Granit k\u00f6nnen f\u00fcr verschiedene Zwecke verwendet werden, unter anderem f\u00fcr die Aufstellung an Festtagen [...].<\/p>","protected":false},"author":1,"featured_media":6493,"parent":0,"menu_order":0,"comment_status":"closed","ping_status":"closed","template":"","meta":{"footnotes":""},"class_list":["post-6492","page","type-page","status-publish","has-post-thumbnail","hentry"],"yoast_head":"<!-- This site is optimized with the Yoast SEO plugin v25.2 - https:\/\/yoast.com\/wordpress\/plugins\/seo\/ -->\n<title>\u041f\u0430\u043c\u044f\u0442\u043d\u0438\u043a\u0438 \u0438\u0437 \u0433\u0440\u0430\u043d\u0438\u0442\u0430 \u043e\u0442 \u043a\u043e\u043c\u043f\u0430\u043d\u0438\u0438 granit-zhitomir.com - \u042d\u0441\u0442\u0435\u0442. \u0421\u043f\u043e\u0440\u0442\u0438\u0432\u043d\u044b\u0435 \u0431\u0430\u043b\u044c\u043d\u044b\u0435 \u0442\u0430\u043d\u0446\u044b \u0432 \u0416\u0438\u0442\u043e\u043c\u0438\u0440\u0435.<\/title>\n<meta name=\"robots\" content=\"index, follow, max-snippet:-1, max-image-preview:large, max-video-preview:-1\" \/>\n<link rel=\"canonical\" href=\"https:\/\/estet.zt.ua\/de\/granit-zhitomir-com\/\" \/>\n<meta property=\"og:locale\" content=\"de_DE\" \/>\n<meta property=\"og:type\" content=\"article\" \/>\n<meta property=\"og:title\" content=\"\u041f\u0430\u043c\u044f\u0442\u043d\u0438\u043a\u0438 \u0438\u0437 \u0433\u0440\u0430\u043d\u0438\u0442\u0430 \u043e\u0442 \u043a\u043e\u043c\u043f\u0430\u043d\u0438\u0438 granit-zhitomir.com - \u042d\u0441\u0442\u0435\u0442. \u0421\u043f\u043e\u0440\u0442\u0438\u0432\u043d\u044b\u0435 \u0431\u0430\u043b\u044c\u043d\u044b\u0435 \u0442\u0430\u043d\u0446\u044b \u0432 \u0416\u0438\u0442\u043e\u043c\u0438\u0440\u0435.\" \/>\n<meta property=\"og:description\" content=\"1. \u0412\u0432\u0435\u0434\u0435\u043d\u0438\u0435 \u041f\u0430\u043c\u044f\u0442\u043d\u0438\u043a\u0438 \u0438\u0437 \u0433\u0440\u0430\u043d\u0438\u0442\u0430 \u043e\u0442 \u043a\u043e\u043c\u043f\u0430\u043d\u0438\u0438 granit-zhitomir.com \u2013 \u044d\u0442\u043e \u0443\u043d\u0438\u043a\u0430\u043b\u044c\u043d\u044b\u0435 \u0438 \u043d\u0435\u043f\u043e\u0432\u0442\u043e\u0440\u0438\u043c\u044b\u0435 \u0438\u0437\u0434\u0435\u043b\u0438\u044f, \u043e\u0442\u043b\u0438\u0447\u0430\u044e\u0449\u0438\u0435\u0441\u044f \u0441\u0432\u043e\u0438\u043c \u0432\u044b\u0441\u043e\u043a\u0438\u043c \u043a\u0430\u0447\u0435\u0441\u0442\u0432\u043e\u043c \u0438 \u043f\u0440\u043e\u0447\u043d\u043e\u0441\u0442\u044c\u044e. \u041e\u043d\u0438 \u043f\u0440\u0435\u0434\u0441\u0442\u0430\u0432\u043b\u044f\u044e\u0442 \u0441\u043e\u0431\u043e\u0439 \u0434\u043e\u0440\u043e\u0433\u0443\u044e \u0438 \u0434\u043b\u0438\u0442\u0435\u043b\u044c\u043d\u0443\u044e \u043f\u0440\u043e\u0446\u0435\u0434\u0443\u0440\u0443 \u0438\u0437\u0433\u043e\u0442\u043e\u0432\u043b\u0435\u043d\u0438\u044f, \u043f\u043e\u044d\u0442\u043e\u043c\u0443 \u043e\u043d\u0438 \u044f\u0432\u043b\u044f\u044e\u0442\u0441\u044f \u0441\u0438\u043c\u0432\u043e\u043b\u043e\u043c \u0434\u043e\u043b\u0433\u043e\u0432\u0435\u0447\u043d\u043e\u0441\u0442\u0438. \u041f\u0430\u043c\u044f\u0442\u043d\u0438\u043a\u0438 \u0438\u0437 \u0433\u0440\u0430\u043d\u0438\u0442\u0430 \u043c\u043e\u0433\u0443\u0442 \u0438\u0441\u043f\u043e\u043b\u044c\u0437\u043e\u0432\u0430\u0442\u044c\u0441\u044f \u0434\u043b\u044f \u0440\u0430\u0437\u043b\u0438\u0447\u043d\u044b\u0445 \u0446\u0435\u043b\u0435\u0439, \u0432\u043a\u043b\u044e\u0447\u0430\u044f \u0443\u0441\u0442\u0430\u043d\u043e\u0432\u043a\u0443 \u043d\u0430 \u043f\u0440\u0430\u0437\u0434\u043d\u0438\u0447\u043d\u044b\u0435 [&hellip;]\" \/>\n<meta property=\"og:url\" content=\"https:\/\/estet.zt.ua\/de\/granit-zhitomir-com\/\" \/>\n<meta property=\"og:site_name\" content=\"\u042d\u0441\u0442\u0435\u0442. \u0421\u043f\u043e\u0440\u0442\u0438\u0432\u043d\u044b\u0435 \u0431\u0430\u043b\u044c\u043d\u044b\u0435 \u0442\u0430\u043d\u0446\u044b \u0432 \u0416\u0438\u0442\u043e\u043c\u0438\u0440\u0435.\" \/>\n<meta property=\"og:image\" content=\"https:\/\/estet.zt.ua\/wp-content\/uploads\/2023\/09\/logo-bw.jpg\" \/>\n\t<meta property=\"og:image:width\" content=\"960\" \/>\n\t<meta property=\"og:image:height\" content=\"768\" \/>\n\t<meta property=\"og:image:type\" content=\"image\/jpeg\" \/>\n<meta name=\"twitter:card\" content=\"summary_large_image\" \/>\n<meta name=\"twitter:label1\" content=\"Gesch\u00e4tzte Lesezeit\" \/>\n\t<meta name=\"twitter:data1\" content=\"2\u00a0Minuten\" \/>\n<script type=\"application\/ld+json\" class=\"yoast-schema-graph\">{\"@context\":\"https:\/\/schema.org\",\"@graph\":[{\"@type\":\"WebPage\",\"@id\":\"https:\/\/estet.zt.ua\/granit-zhitomir-com\/\",\"url\":\"https:\/\/estet.zt.ua\/granit-zhitomir-com\/\",\"name\":\"\u041f\u0430\u043c\u044f\u0442\u043d\u0438\u043a\u0438 \u0438\u0437 \u0433\u0440\u0430\u043d\u0438\u0442\u0430 \u043e\u0442 \u043a\u043e\u043c\u043f\u0430\u043d\u0438\u0438 granit-zhitomir.com - \u042d\u0441\u0442\u0435\u0442. \u0421\u043f\u043e\u0440\u0442\u0438\u0432\u043d\u044b\u0435 \u0431\u0430\u043b\u044c\u043d\u044b\u0435 \u0442\u0430\u043d\u0446\u044b \u0432 \u0416\u0438\u0442\u043e\u043c\u0438\u0440\u0435.\",\"isPartOf\":{\"@id\":\"https:\/\/estet.zt.ua\/#website\"},\"primaryImageOfPage\":{\"@id\":\"https:\/\/estet.zt.ua\/granit-zhitomir-com\/#primaryimage\"},\"image\":{\"@id\":\"https:\/\/estet.zt.ua\/granit-zhitomir-com\/#primaryimage\"},\"thumbnailUrl\":\"https:\/\/estet.zt.ua\/wp-content\/uploads\/2023\/09\/logo-bw.jpg\",\"datePublished\":\"2023-09-28T13:42:04+00:00\",\"breadcrumb\":{\"@id\":\"https:\/\/estet.zt.ua\/granit-zhitomir-com\/#breadcrumb\"},\"inLanguage\":\"de\",\"potentialAction\":[{\"@type\":\"ReadAction\",\"target\":[\"https:\/\/estet.zt.ua\/granit-zhitomir-com\/\"]}]},{\"@type\":\"ImageObject\",\"inLanguage\":\"de\",\"@id\":\"https:\/\/estet.zt.ua\/granit-zhitomir-com\/#primaryimage\",\"url\":\"https:\/\/estet.zt.ua\/wp-content\/uploads\/2023\/09\/logo-bw.jpg\",\"contentUrl\":\"https:\/\/estet.zt.ua\/wp-content\/uploads\/2023\/09\/logo-bw.jpg\",\"width\":960,\"height\":768},{\"@type\":\"BreadcrumbList\",\"@id\":\"https:\/\/estet.zt.ua\/granit-zhitomir-com\/#breadcrumb\",\"itemListElement\":[{\"@type\":\"ListItem\",\"position\":1,\"name\":\"\u0413\u043b\u0430\u0432\u043d\u0430\u044f \u0441\u0442\u0440\u0430\u043d\u0438\u0446\u0430\",\"item\":\"https:\/\/estet.zt.ua\/\"},{\"@type\":\"ListItem\",\"position\":2,\"name\":\"\u041f\u0430\u043c\u044f\u0442\u043d\u0438\u043a\u0438 \u0438\u0437 \u0433\u0440\u0430\u043d\u0438\u0442\u0430 \u043e\u0442 \u043a\u043e\u043c\u043f\u0430\u043d\u0438\u0438 granit-zhitomir.com\"}]},{\"@type\":\"WebSite\",\"@id\":\"https:\/\/estet.zt.ua\/#website\",\"url\":\"https:\/\/estet.zt.ua\/\",\"name\":\"\u042d\u0441\u0442\u0435\u0442. \u0421\u043f\u043e\u0440\u0442\u0438\u0432\u043d\u044b\u0435 \u0431\u0430\u043b\u044c\u043d\u044b\u0435 \u0442\u0430\u043d\u0446\u044b \u0432 \u0416\u0438\u0442\u043e\u043c\u0438\u0440\u0435.\",\"description\":\"\u0421\u043f\u043e\u0440\u0442\u0438\u0432\u043d\u044b\u0435 \u0431\u0430\u043b\u044c\u043d\u044b\u0435 \u0442\u0430\u043d\u0446\u044b \u0432 \u0416\u0438\u0442\u043e\u043c\u0438\u0440\u0435\",\"publisher\":{\"@id\":\"https:\/\/estet.zt.ua\/#organization\"},\"potentialAction\":[{\"@type\":\"SearchAction\",\"target\":{\"@type\":\"EntryPoint\",\"urlTemplate\":\"https:\/\/estet.zt.ua\/?s={search_term_string}\"},\"query-input\":{\"@type\":\"PropertyValueSpecification\",\"valueRequired\":true,\"valueName\":\"search_term_string\"}}],\"inLanguage\":\"de\"},{\"@type\":\"Organization\",\"@id\":\"https:\/\/estet.zt.ua\/#organization\",\"name\":\"\u042d\u0441\u0442\u0435\u0442. \u0411\u0430\u043b\u044c\u043d\u044b\u0435 \u0442\u0430\u043d\u0446\u044b \u0416\u0438\u0442\u043e\u043c\u0438\u0440\",\"url\":\"https:\/\/estet.zt.ua\/\",\"logo\":{\"@type\":\"ImageObject\",\"inLanguage\":\"de\",\"@id\":\"https:\/\/estet.zt.ua\/#\/schema\/logo\/image\/\",\"url\":\"https:\/\/estet.zt.ua\/wp-content\/uploads\/2020\/01\/logoestet.png\",\"contentUrl\":\"https:\/\/estet.zt.ua\/wp-content\/uploads\/2020\/01\/logoestet.png\",\"width\":300,\"height\":100,\"caption\":\"\u042d\u0441\u0442\u0435\u0442. \u0411\u0430\u043b\u044c\u043d\u044b\u0435 \u0442\u0430\u043d\u0446\u044b \u0416\u0438\u0442\u043e\u043c\u0438\u0440\"},\"image\":{\"@id\":\"https:\/\/estet.zt.ua\/#\/schema\/logo\/image\/\"}}]}<\/script>\n<!-- \/ Yoast SEO plugin. -->","yoast_head_json":{"title":"\u041f\u0430\u043c\u044f\u0442\u043d\u0438\u043a\u0438 \u0438\u0437 \u0433\u0440\u0430\u043d\u0438\u0442\u0430 \u043e\u0442 \u043a\u043e\u043c\u043f\u0430\u043d\u0438\u0438 granit-zhitomir.com - \u042d\u0441\u0442\u0435\u0442. \u0421\u043f\u043e\u0440\u0442\u0438\u0432\u043d\u044b\u0435 \u0431\u0430\u043b\u044c\u043d\u044b\u0435 \u0442\u0430\u043d\u0446\u044b \u0432 \u0416\u0438\u0442\u043e\u043c\u0438\u0440\u0435.","robots":{"index":"index","follow":"follow","max-snippet":"max-snippet:-1","max-image-preview":"max-image-preview:large","max-video-preview":"max-video-preview:-1"},"canonical":"https:\/\/estet.zt.ua\/de\/granit-zhitomir-com\/","og_locale":"de_DE","og_type":"article","og_title":"\u041f\u0430\u043c\u044f\u0442\u043d\u0438\u043a\u0438 \u0438\u0437 \u0433\u0440\u0430\u043d\u0438\u0442\u0430 \u043e\u0442 \u043a\u043e\u043c\u043f\u0430\u043d\u0438\u0438 granit-zhitomir.com - \u042d\u0441\u0442\u0435\u0442. \u0421\u043f\u043e\u0440\u0442\u0438\u0432\u043d\u044b\u0435 \u0431\u0430\u043b\u044c\u043d\u044b\u0435 \u0442\u0430\u043d\u0446\u044b \u0432 \u0416\u0438\u0442\u043e\u043c\u0438\u0440\u0435.","og_description":"1. \u0412\u0432\u0435\u0434\u0435\u043d\u0438\u0435 \u041f\u0430\u043c\u044f\u0442\u043d\u0438\u043a\u0438 \u0438\u0437 \u0433\u0440\u0430\u043d\u0438\u0442\u0430 \u043e\u0442 \u043a\u043e\u043c\u043f\u0430\u043d\u0438\u0438 granit-zhitomir.com \u2013 \u044d\u0442\u043e \u0443\u043d\u0438\u043a\u0430\u043b\u044c\u043d\u044b\u0435 \u0438 \u043d\u0435\u043f\u043e\u0432\u0442\u043e\u0440\u0438\u043c\u044b\u0435 \u0438\u0437\u0434\u0435\u043b\u0438\u044f, \u043e\u0442\u043b\u0438\u0447\u0430\u044e\u0449\u0438\u0435\u0441\u044f \u0441\u0432\u043e\u0438\u043c \u0432\u044b\u0441\u043e\u043a\u0438\u043c \u043a\u0430\u0447\u0435\u0441\u0442\u0432\u043e\u043c \u0438 \u043f\u0440\u043e\u0447\u043d\u043e\u0441\u0442\u044c\u044e. \u041e\u043d\u0438 \u043f\u0440\u0435\u0434\u0441\u0442\u0430\u0432\u043b\u044f\u044e\u0442 \u0441\u043e\u0431\u043e\u0439 \u0434\u043e\u0440\u043e\u0433\u0443\u044e \u0438 \u0434\u043b\u0438\u0442\u0435\u043b\u044c\u043d\u0443\u044e \u043f\u0440\u043e\u0446\u0435\u0434\u0443\u0440\u0443 \u0438\u0437\u0433\u043e\u0442\u043e\u0432\u043b\u0435\u043d\u0438\u044f, \u043f\u043e\u044d\u0442\u043e\u043c\u0443 \u043e\u043d\u0438 \u044f\u0432\u043b\u044f\u044e\u0442\u0441\u044f \u0441\u0438\u043c\u0432\u043e\u043b\u043e\u043c \u0434\u043e\u043b\u0433\u043e\u0432\u0435\u0447\u043d\u043e\u0441\u0442\u0438. \u041f\u0430\u043c\u044f\u0442\u043d\u0438\u043a\u0438 \u0438\u0437 \u0433\u0440\u0430\u043d\u0438\u0442\u0430 \u043c\u043e\u0433\u0443\u0442 \u0438\u0441\u043f\u043e\u043b\u044c\u0437\u043e\u0432\u0430\u0442\u044c\u0441\u044f \u0434\u043b\u044f \u0440\u0430\u0437\u043b\u0438\u0447\u043d\u044b\u0445 \u0446\u0435\u043b\u0435\u0439, \u0432\u043a\u043b\u044e\u0447\u0430\u044f \u0443\u0441\u0442\u0430\u043d\u043e\u0432\u043a\u0443 \u043d\u0430 \u043f\u0440\u0430\u0437\u0434\u043d\u0438\u0447\u043d\u044b\u0435 [&hellip;]","og_url":"https:\/\/estet.zt.ua\/de\/granit-zhitomir-com\/","og_site_name":"\u042d\u0441\u0442\u0435\u0442. \u0421\u043f\u043e\u0440\u0442\u0438\u0432\u043d\u044b\u0435 \u0431\u0430\u043b\u044c\u043d\u044b\u0435 \u0442\u0430\u043d\u0446\u044b \u0432 \u0416\u0438\u0442\u043e\u043c\u0438\u0440\u0435.","og_image":[{"width":960,"height":768,"url":"https:\/\/estet.zt.ua\/wp-content\/uploads\/2023\/09\/logo-bw.jpg","type":"image\/jpeg"}],"twitter_card":"summary_large_image","twitter_misc":{"Gesch\u00e4tzte Lesezeit":"2\u00a0Minuten"},"schema":{"@context":"https:\/\/schema.org","@graph":[{"@type":"WebPage","@id":"https:\/\/estet.zt.ua\/granit-zhitomir-com\/","url":"https:\/\/estet.zt.ua\/granit-zhitomir-com\/","name":"\u041f\u0430\u043c\u044f\u0442\u043d\u0438\u043a\u0438 \u0438\u0437 \u0433\u0440\u0430\u043d\u0438\u0442\u0430 \u043e\u0442 \u043a\u043e\u043c\u043f\u0430\u043d\u0438\u0438 granit-zhitomir.com - \u042d\u0441\u0442\u0435\u0442. \u0421\u043f\u043e\u0440\u0442\u0438\u0432\u043d\u044b\u0435 \u0431\u0430\u043b\u044c\u043d\u044b\u0435 \u0442\u0430\u043d\u0446\u044b \u0432 \u0416\u0438\u0442\u043e\u043c\u0438\u0440\u0435.","isPartOf":{"@id":"https:\/\/estet.zt.ua\/#website"},"primaryImageOfPage":{"@id":"https:\/\/estet.zt.ua\/granit-zhitomir-com\/#primaryimage"},"image":{"@id":"https:\/\/estet.zt.ua\/granit-zhitomir-com\/#primaryimage"},"thumbnailUrl":"https:\/\/estet.zt.ua\/wp-content\/uploads\/2023\/09\/logo-bw.jpg","datePublished":"2023-09-28T13:42:04+00:00","breadcrumb":{"@id":"https:\/\/estet.zt.ua\/granit-zhitomir-com\/#breadcrumb"},"inLanguage":"de","potentialAction":[{"@type":"ReadAction","target":["https:\/\/estet.zt.ua\/granit-zhitomir-com\/"]}]},{"@type":"ImageObject","inLanguage":"de","@id":"https:\/\/estet.zt.ua\/granit-zhitomir-com\/#primaryimage","url":"https:\/\/estet.zt.ua\/wp-content\/uploads\/2023\/09\/logo-bw.jpg","contentUrl":"https:\/\/estet.zt.ua\/wp-content\/uploads\/2023\/09\/logo-bw.jpg","width":960,"height":768},{"@type":"BreadcrumbList","@id":"https:\/\/estet.zt.ua\/granit-zhitomir-com\/#breadcrumb","itemListElement":[{"@type":"ListItem","position":1,"name":"\u0413\u043b\u0430\u0432\u043d\u0430\u044f \u0441\u0442\u0440\u0430\u043d\u0438\u0446\u0430","item":"https:\/\/estet.zt.ua\/"},{"@type":"ListItem","position":2,"name":"\u041f\u0430\u043c\u044f\u0442\u043d\u0438\u043a\u0438 \u0438\u0437 \u0433\u0440\u0430\u043d\u0438\u0442\u0430 \u043e\u0442 \u043a\u043e\u043c\u043f\u0430\u043d\u0438\u0438 granit-zhitomir.com"}]},{"@type":"WebSite","@id":"https:\/\/estet.zt.ua\/#website","url":"https:\/\/estet.zt.ua\/","name":"\u042d\u0441\u0442\u0435\u0442. \u0421\u043f\u043e\u0440\u0442\u0438\u0432\u043d\u044b\u0435 \u0431\u0430\u043b\u044c\u043d\u044b\u0435 \u0442\u0430\u043d\u0446\u044b \u0432 \u0416\u0438\u0442\u043e\u043c\u0438\u0440\u0435.","description":"\u0421\u043f\u043e\u0440\u0442\u0438\u0432\u043d\u044b\u0435 \u0431\u0430\u043b\u044c\u043d\u044b\u0435 \u0442\u0430\u043d\u0446\u044b \u0432 \u0416\u0438\u0442\u043e\u043c\u0438\u0440\u0435","publisher":{"@id":"https:\/\/estet.zt.ua\/#organization"},"potentialAction":[{"@type":"SearchAction","target":{"@type":"EntryPoint","urlTemplate":"https:\/\/estet.zt.ua\/?s={search_term_string}"},"query-input":{"@type":"PropertyValueSpecification","valueRequired":true,"valueName":"search_term_string"}}],"inLanguage":"de"},{"@type":"Organization","@id":"https:\/\/estet.zt.ua\/#organization","name":"\u042d\u0441\u0442\u0435\u0442. \u0411\u0430\u043b\u044c\u043d\u044b\u0435 \u0442\u0430\u043d\u0446\u044b \u0416\u0438\u0442\u043e\u043c\u0438\u0440","url":"https:\/\/estet.zt.ua\/","logo":{"@type":"ImageObject","inLanguage":"de","@id":"https:\/\/estet.zt.ua\/#\/schema\/logo\/image\/","url":"https:\/\/estet.zt.ua\/wp-content\/uploads\/2020\/01\/logoestet.png","contentUrl":"https:\/\/estet.zt.ua\/wp-content\/uploads\/2020\/01\/logoestet.png","width":300,"height":100,"caption":"\u042d\u0441\u0442\u0435\u0442. \u0411\u0430\u043b\u044c\u043d\u044b\u0435 \u0442\u0430\u043d\u0446\u044b \u0416\u0438\u0442\u043e\u043c\u0438\u0440"},"image":{"@id":"https:\/\/estet.zt.ua\/#\/schema\/logo\/image\/"}}]}},"_links":{"self":[{"href":"https:\/\/estet.zt.ua\/de\/wp-json\/wp\/v2\/pages\/6492","targetHints":{"allow":["GET"]}}],"collection":[{"href":"https:\/\/estet.zt.ua\/de\/wp-json\/wp\/v2\/pages"}],"about":[{"href":"https:\/\/estet.zt.ua\/de\/wp-json\/wp\/v2\/types\/page"}],"author":[{"embeddable":true,"href":"https:\/\/estet.zt.ua\/de\/wp-json\/wp\/v2\/users\/1"}],"replies":[{"embeddable":true,"href":"https:\/\/estet.zt.ua\/de\/wp-json\/wp\/v2\/comments?post=6492"}],"version-history":[{"count":2,"href":"https:\/\/estet.zt.ua\/de\/wp-json\/wp\/v2\/pages\/6492\/revisions"}],"predecessor-version":[{"id":6495,"href":"https:\/\/estet.zt.ua\/de\/wp-json\/wp\/v2\/pages\/6492\/revisions\/6495"}],"wp:featuredmedia":[{"embeddable":true,"href":"https:\/\/estet.zt.ua\/de\/wp-json\/wp\/v2\/media\/6493"}],"wp:attachment":[{"href":"https:\/\/estet.zt.ua\/de\/wp-json\/wp\/v2\/media?parent=6492"}],"curies":[{"name":"wp","href":"https:\/\/api.w.org\/{rel}","templated":true}]}}