{"id":6496,"date":"2023-10-01T18:00:44","date_gmt":"2023-10-01T15:00:44","guid":{"rendered":"https:\/\/estet.zt.ua\/?page_id=6496"},"modified":"2023-10-01T18:03:30","modified_gmt":"2023-10-01T15:03:30","slug":"kvartira-zhitomir-ua","status":"publish","type":"page","link":"https:\/\/estet.zt.ua\/de\/kvartira-zhitomir-ua\/","title":{"rendered":"Wohnung in Zhytomyr kaufen"},"content":{"rendered":"<h2>1. Gr\u00fcnde f\u00fcr den Kauf einer Wohnung in Zhytomyr\u0456<\/h2>\n<h3>Hohe Sicherheitsstufe<\/h3>\n<p>Zhytomyr verf\u00fcgt \u00fcber ein hohes Sicherheitsniveau, das es den Wohnungseigent\u00fcmern erlaubt, ihr Eigentum in Ruhe zu betrachten.<\/p>\n<h3>Niedrige Preise<\/h3>\n<p><a href=\"https:\/\/kvartira.zhitomir.ua\/\">Wohnungspreise in Zhitomiri<\/a> bleiben im Vergleich zu anderen ukrainischen St\u00e4dten niedrig. Dies erm\u00f6glicht es Ihnen, eine Wohnung zu einem angemessenen Preis zu kaufen.<\/p>\n<h3>Gro\u00dfe Auswahl an Wohnungen<\/h3>\n<p>In Zhytomyr gibt es eine breite Palette von Wohnungen, die sich in Gr\u00f6\u00dfe, Lage, Ausstattung und anderen Parametern unterscheiden.<\/p>\n<h3>Entwicklung der Infrastruktur<\/h3>\n<p>Zhytomyr entwickelt sich schnell, neue Gesch\u00e4fte, Bars, Caf\u00e9s, Kulturzentren und andere Einrichtungen, die den Bed\u00fcrfnissen der Einwohner entsprechen, werden er\u00f6ffnet.<\/p>\n<h2><a href=\"https:\/\/kvartira.zhitomir.ua\/\">2. Suche nach Wohnungen auf der Website kvartira.zhitomir.ua.<\/a><\/h2>\n<p>Kvartira.zhitomir.ua ist eine Internet-Seite, die Ihnen hilft, die richtige Wohnung in Zhitomir zu finden. Auf der Website k\u00f6nnen Sie die gew\u00fcnschte Wohnung f\u00fcr eine Vielzahl von Parametern drehen: Fl\u00e4che, Fl\u00e4che, Anzahl der Zimmer, Preis, Planung, Material der Konstruktion und andere. Die Suche nach einer Wohnung auf der Website ist sehr leicht und einfach.<\/p>\n<h3>2.1 Registrierung auf der Websitei<\/h3>\n<p>Um die Wohnungssuche auf der Website kvartira.zhitomir.ua zu starten, m\u00fcssen Sie sich registrieren. Um dies auf der Hauptseite der Website zu tun, m\u00fcssen Sie auf die Schaltfl\u00e4che \"Registrieren\" klicken. Dann m\u00fcssen Sie das Formular mit Daten ausf\u00fcllen: E-Mail, Passwort, Passwortbest\u00e4tigung und so weiter. Nach erfolgreicher Registrierung k\u00f6nnen Sie mit der Suche beginnen.<\/p>\n<h3>2.2 Poshuk kvartiri<\/h3>\n<p>Um die Suche nach einer Wohnung auf der Website zu starten, gehen Sie auf die Registerkarte \"Suche\". Hier k\u00f6nnen Sie die Suchparameter einstellen: Bezirk, Gebiet, Anzahl der Zimmer, Preis, Planung, Baumaterial und andere. Nachdem Sie alle Parameter eingestellt haben, k\u00f6nnen Sie auf die Schaltfl\u00e4che \"Shukati\" klicken. Alle geeigneten Wohnungen werden auf der Seite angezeigt. Sie k\u00f6nnen auch detaillierte Informationen \u00fcber jede Wohnung einsehen, indem Sie auf die entsprechende Seite gehen.<\/p>\n<h3>2.3 Kontaktaufnahme mit dem Verk\u00e4ufer<\/h3>\n<p>Wenn Sie eine passende Wohnung gefunden haben, k\u00f6nnen Sie den Verk\u00e4ufer kontaktieren. Die Kontaktdaten des Verk\u00e4ufers werden auf der Wohnungsseite aufgef\u00fchrt. Sie k\u00f6nnen dem Verk\u00e4ufer auch eine Nachricht \u00fcber das Formular auf der Wohnungsseite schicken. Der Verk\u00e4ufer wird auf jeden Fall auf Ihre Nachricht antworten und <a href=\"https:\/\/kvartira.zhitomir.ua\/\">wird Ihnen helfen, eine Wohnung in Zhytomyr\u0456 zu kaufen<\/a>.<\/p>\n<h2>3. grundlegende Parameter der Fl\u00e4chensuche<\/h2>\n<h3>3.1 Nachbarschaft<\/h3>\n<p>Sie k\u00f6nnen Ihre Wohnungssuche in Zhytomyr mit der Auswahl eines Stadtteils beginnen. Auf der Website kvartira.zhitomir.ua sind alle Bezirke der Stadt aufgef\u00fchrt.<\/p>\n<h3>3.2 Preis<\/h3>\n<p>F\u00fcr die Wohnungssuche nach Preis auf der Website kvartira.zhitomir.ua k\u00f6nnen Sie Filter verwenden. Sie k\u00f6nnen den Bereich der Preise f\u00fcr die Wohnungssuche angeben.<\/p>\n<h3>3.3 Gr\u00f6\u00dfe<\/h3>\n<p>Auf der Website kvartira.zhitomir.ua k\u00f6nnen Sie auch eine Wohnung f\u00fcr die Dichte zu finden. Sie k\u00f6nnen die Gr\u00f6\u00dfe der Wohnung, die zu Ihnen passt angeben.<\/p>\n<h3>3.4 Zus\u00e4tzliche Parameter<\/h3>\n<p>Auf der Website kvartira.zhitomir.ua k\u00f6nnen Sie auch eine Wohnung mit zus\u00e4tzlichen Parametern finden. Sie k\u00f6nnen die Anzahl der Zimmer, Oberfl\u00e4che, Baumaterial, U-Bahn und mehr angeben.<\/p>\n<h2>4. Zagalna Merkmal der Wohnung<\/h2>\n<h3>Roztashuvannya<\/h3>\n<p>Die Wohnung befindet sich im Zentrum von Zhitomir. Die Entfernung zum n\u00e4chsten Gesch\u00e4ft, Restaurant und Kino betr\u00e4gt weniger als einen Kilometer.<\/p>\n<h3>Anzahl der Zimmer<\/h3>\n<p>Die Wohnung hat zwei Schlafzimmer, Wohnzimmer, K\u00fcche, Flur und Bad.<\/p>\n<h3>Platz<\/h3>\n<p>Zagalna Bereich der Wohnung werden 55 qm. m.<\/p>\n<h3>Zustand des Zimmers<\/h3>\n<p>Die Wohnung wird im Zustand \"wie\" verkauft. Alle R\u00e4umlichkeiten werden renoviert, was den K\u00e4ufern erm\u00f6glicht, in einer neuen Wohnung ohne zus\u00e4tzliche Kosten zu leben.<\/p>\n<h2>5. Preis der Wohnung und Kaufbedingungen<\/h2>\n<h3>Pauschalpreis<\/h3>\n<p>Wohnungspreise in Zhytomyr h\u00e4ngen von der Lage, Fl\u00e4che, Anzahl der Zimmer und anderen Faktoren ab. Im Allgemeinen beginnen die Preise f\u00fcr Wohnungen in Zhytomyr bei $20 000 und k\u00f6nnen bis zu $100 000 erreichen. Es ist auch m\u00f6glich, eine Wohnung zu einem g\u00fcnstigen Preis \u00fcber eine Auktion zu erwerben.<\/p>\n<h3>Clever einkaufen<\/h3>\n<p>Um eine Wohnung in Zhytomyr zu kaufen, m\u00fcssen Sie sich auf der Website registrieren und das Verfahren der Daten\u00fcberpr\u00fcfung durchlaufen. Nach der Registrierung k\u00f6nnen Sie die gew\u00fcnschte Wohnung ausw\u00e4hlen und das Kaufverfahren durchlaufen. Sie k\u00f6nnen mit Kreditkarte oder Bankkarte bezahlen. Nach dem Kauf m\u00fcssen Sie die Eigentumsdokumente f\u00fcr die Immobilie erhalten.<\/p>\n<h2>6. Vorteile der Wahl einer Wohnung in Zhitomiri<\/h2>\n<h3>6.1 Sichtbarer Standort<\/h3>\n<p>Zhytomyr ist eine der gr\u00f6\u00dften St\u00e4dte der Ukraine. Dies erm\u00f6glicht den Zugang zu verschiedenen Dienstleistungen und Einrichtungen auf allen ihren Gebieten. So k\u00f6nnen K\u00e4ufer von Wohnungen in Zhytomyr von der Erreichbarkeit von Gesch\u00e4ften, Caf\u00e9s, Banken, Bushaltestellen und anderen Dienstleistungen profitieren.<\/p>\n<h3>6.2 G\u00fcnstige Preise<\/h3>\n<p>Die Preise f\u00fcr Wohnungen in Zhytomyr sind deutlich niedriger als in Kiew und Iwano-Frankiwsk. Dadurch k\u00f6nnen K\u00e4ufer von Wohnungen in Zhytomyr Geld f\u00fcr den Kauf eines Geb\u00e4udes sparen.<\/p>\n<h3>6.3 Gro\u00dfe Auswahl an Wohnungen<\/h3>\n<p>In Zhytomyr gibt es eine Vielzahl von Wohnungsvarianten f\u00fcr jedes Budget. Auf der Website kvartira.zhitomir.ua finden Sie eine Vielzahl von Angeboten zu einem erschwinglichen Preis. Es besteht auch die M\u00f6glichkeit, eine Wohnung in einem beliebigen Teil der Stadt zu suchen.<\/p>\n<h3>6.4 Hohe Qualit\u00e4t der Dienstleistungen<\/h3>\n<p>In Zhytomyr gibt es viele Makler und Agenturen, die Dienstleistungen zum Verkauf und zur Vermietung von Wohnungen anbieten. Sie arbeiten mit professionellen Maklern zusammen, die Ihnen helfen werden, das beste Angebot f\u00fcr Ihre Wohnung zu finden.<\/p>\n<h2>7. Tipps f\u00fcr den Kauf einer Wohnung in Zhitomiri<\/h2>\n<h3>\u00dcberpr\u00fcfung der Korrektheit der Dokumente<\/h3>\n<p>Bevor man eine Wohnung in Zhytomyr kauft, muss man sich vergewissern, dass alle vom Verk\u00e4ufer vorgelegten Dokumente der Wahrheit entsprechen. Es ist wichtig, die Richtigkeit der Daten \u00fcber die Eigentumsrechte, die Fl\u00e4che der Wohnung und alle anderen Indikatoren zu \u00fcberpr\u00fcfen.<\/p>\n<h3>Vertrautmachen mit der Umwelt<\/h3>\n<p>Bevor Sie eine Wohnung in Zhytomyr kaufen, sollten Sie sich mit der Umgebung vertraut machen. Es ist wichtig herauszufinden, ob es in der N\u00e4he Schulen, Apotheken, Superm\u00e4rkte und andere gesellschaftlich wichtige Einrichtungen gibt.<\/p>\n<h3>Obrannya profiyno\u0457 Service f\u00fcr den Verkauf von Immobilien<\/h3>\n<p>Um eine Wohnung in Zhytomyr zu kaufen, m\u00fcssen Sie einen professionellen Service f\u00fcr den Verkauf von Immobilien in Anspruch nehmen. Dieser Service wird Ihnen helfen, Zeit zu sparen und die Authentizit\u00e4t des Verkaufs zu gew\u00e4hrleisten.<\/p>\n<h3>\u00dcberpr\u00fcfung des sanit\u00e4ren Zustands der Wohnung<\/h3>\n<p>Vor dem Kauf einer Wohnung in Zhytomyr ist es notwendig, den sanit\u00e4ren Zustand der Wohnung zu \u00fcberpr\u00fcfen. Es ist wichtig zu pr\u00fcfen, ob es Probleme mit der Wasserversorgung, der Elektroinstallation und anderen Systemen gibt.<\/p>","protected":false},"excerpt":{"rendered":"<p>1. Gr\u00fcnde f\u00fcr den Kauf einer Wohnung in Zhytomyr Hohes Sicherheitsniveau Zhytomyr hat ein hohes Sicherheitsniveau, das es den Wohnungseigent\u00fcmern erlaubt, sich um ihr Eigentum keine Sorgen zu machen. Niedrige Preise Die Preise f\u00fcr Wohnungen in Zhytomyr sind im Vergleich zu anderen ukrainischen St\u00e4dten niedrig. Dies erm\u00f6glicht es Ihnen, eine Wohnung zu einem angemessenen Preis zu kaufen. [...]<\/p>","protected":false},"author":1,"featured_media":6497,"parent":0,"menu_order":0,"comment_status":"closed","ping_status":"closed","template":"","meta":{"footnotes":""},"class_list":["post-6496","page","type-page","status-publish","has-post-thumbnail","hentry"],"yoast_head":"<!-- This site is optimized with the Yoast SEO plugin v25.2 - https:\/\/yoast.com\/wordpress\/plugins\/seo\/ -->\n<title>\u041a\u0443\u043f\u0438\u0442\u0438 \u043a\u0432\u0430\u0440\u0442\u0438\u0440\u0443 \u0432 \u0416\u0438\u0442\u043e\u043c\u0438\u0440\u0456 - \u042d\u0441\u0442\u0435\u0442. \u0421\u043f\u043e\u0440\u0442\u0438\u0432\u043d\u044b\u0435 \u0431\u0430\u043b\u044c\u043d\u044b\u0435 \u0442\u0430\u043d\u0446\u044b \u0432 \u0416\u0438\u0442\u043e\u043c\u0438\u0440\u0435.<\/title>\n<meta name=\"robots\" content=\"index, follow, max-snippet:-1, max-image-preview:large, max-video-preview:-1\" \/>\n<link rel=\"canonical\" href=\"https:\/\/estet.zt.ua\/de\/kvartira-zhitomir-ua\/\" \/>\n<meta property=\"og:locale\" content=\"de_DE\" \/>\n<meta property=\"og:type\" content=\"article\" \/>\n<meta property=\"og:title\" content=\"\u041a\u0443\u043f\u0438\u0442\u0438 \u043a\u0432\u0430\u0440\u0442\u0438\u0440\u0443 \u0432 \u0416\u0438\u0442\u043e\u043c\u0438\u0440\u0456 - \u042d\u0441\u0442\u0435\u0442. \u0421\u043f\u043e\u0440\u0442\u0438\u0432\u043d\u044b\u0435 \u0431\u0430\u043b\u044c\u043d\u044b\u0435 \u0442\u0430\u043d\u0446\u044b \u0432 \u0416\u0438\u0442\u043e\u043c\u0438\u0440\u0435.\" \/>\n<meta property=\"og:description\" content=\"1. \u041f\u0440\u0438\u0447\u0438\u043d\u0438 \u043a\u0443\u043f\u0456\u0432\u043b\u0456 \u043a\u0432\u0430\u0440\u0442\u0438\u0440\u0438 \u0432 \u0416\u0438\u0442\u043e\u043c\u0438\u0440\u0456 \u0412\u0438\u0441\u043e\u043a\u0438\u0439 \u0440\u0456\u0432\u0435\u043d\u044c \u0431\u0435\u0437\u043f\u0435\u043a\u0438 \u0416\u0438\u0442\u043e\u043c\u0438\u0440 \u043c\u0430\u0454 \u0432\u0438\u0441\u043e\u043a\u0438\u0439 \u0440\u0456\u0432\u0435\u043d\u044c \u0431\u0435\u0437\u043f\u0435\u043a\u0438, \u0449\u043e \u0434\u043e\u0437\u0432\u043e\u043b\u044f\u0454 \u0432\u043b\u0430\u0441\u043d\u0438\u043a\u0430\u043c \u043a\u0432\u0430\u0440\u0442\u0438\u0440 \u0431\u0443\u0442\u0438 \u0441\u043f\u043e\u043a\u0456\u0439\u043d\u0438\u043c\u0438 \u043f\u0440\u043e \u0441\u0432\u043e\u0454 \u043c\u0430\u0439\u043d\u043e. \u041d\u0435\u0432\u0438\u0441\u043e\u043a\u0456 \u0446\u0456\u043d\u0438 \u0426\u0456\u043d\u0438 \u043d\u0430 \u0436\u0438\u0442\u043b\u043e \u0432 \u0416\u0438\u0442\u043e\u043c\u0438\u0440\u0456 \u0437\u0430\u043b\u0438\u0448\u0430\u044e\u0442\u044c\u0441\u044f \u043d\u0435\u0432\u0438\u0441\u043e\u043a\u0438\u043c\u0438 \u0443 \u043f\u043e\u0440\u0456\u0432\u043d\u044f\u043d\u043d\u0456 \u0437 \u0456\u043d\u0448\u0438\u043c\u0438 \u0443\u043a\u0440\u0430\u0457\u043d\u0441\u044c\u043a\u0438\u043c\u0438 \u043c\u0456\u0441\u0442\u0430\u043c\u0438. \u0426\u0435 \u0434\u043e\u0437\u0432\u043e\u043b\u044f\u0454 \u043f\u0440\u0438\u0434\u0431\u0430\u0442\u0438 \u043a\u0432\u0430\u0440\u0442\u0438\u0440\u0443 \u0437\u0430 \u043f\u0440\u0438\u0432\u0430\u0431\u043b\u0438\u0432\u043e\u044e \u0446\u0456\u043d\u043e\u044e. [&hellip;]\" \/>\n<meta property=\"og:url\" content=\"https:\/\/estet.zt.ua\/de\/kvartira-zhitomir-ua\/\" \/>\n<meta property=\"og:site_name\" content=\"\u042d\u0441\u0442\u0435\u0442. \u0421\u043f\u043e\u0440\u0442\u0438\u0432\u043d\u044b\u0435 \u0431\u0430\u043b\u044c\u043d\u044b\u0435 \u0442\u0430\u043d\u0446\u044b \u0432 \u0416\u0438\u0442\u043e\u043c\u0438\u0440\u0435.\" \/>\n<meta property=\"article:modified_time\" content=\"2023-10-01T15:03:30+00:00\" \/>\n<meta property=\"og:image\" content=\"https:\/\/estet.zt.ua\/wp-content\/uploads\/2023\/10\/FireShot-Capture-024-\u041a\u0432\u0430\u0440\u0442\u0438\u0440\u0438-\u0432-\u0416\u0438\u0442\u043e\u043c\u0438\u0440\u0456.-\u041d\u0435\u0440\u0443\u0445\u043e\u043c\u0456\u0441\u0442\u044c-\u0416\u0438\u0442\u043e\u043c\u0438\u0440\u0430_-\u043a\u0443\u043f\u0438\u0442\u0438-\u043a\u0432\u0430\u0440\u0442\u0438\u0440\u0443-\u0431\u0443\u0434\u0438\u043d\u043e\u043a-_-kvartira.zhitomir.ua_.png\" \/>\n\t<meta property=\"og:image:width\" content=\"1009\" \/>\n\t<meta property=\"og:image:height\" content=\"869\" \/>\n\t<meta property=\"og:image:type\" content=\"image\/png\" \/>\n<meta name=\"twitter:card\" content=\"summary_large_image\" \/>\n<script type=\"application\/ld+json\" class=\"yoast-schema-graph\">{\"@context\":\"https:\/\/schema.org\",\"@graph\":[{\"@type\":\"WebPage\",\"@id\":\"https:\/\/estet.zt.ua\/kvartira-zhitomir-ua\/\",\"url\":\"https:\/\/estet.zt.ua\/kvartira-zhitomir-ua\/\",\"name\":\"\u041a\u0443\u043f\u0438\u0442\u0438 \u043a\u0432\u0430\u0440\u0442\u0438\u0440\u0443 \u0432 \u0416\u0438\u0442\u043e\u043c\u0438\u0440\u0456 - \u042d\u0441\u0442\u0435\u0442. \u0421\u043f\u043e\u0440\u0442\u0438\u0432\u043d\u044b\u0435 \u0431\u0430\u043b\u044c\u043d\u044b\u0435 \u0442\u0430\u043d\u0446\u044b \u0432 \u0416\u0438\u0442\u043e\u043c\u0438\u0440\u0435.\",\"isPartOf\":{\"@id\":\"https:\/\/estet.zt.ua\/#website\"},\"primaryImageOfPage\":{\"@id\":\"https:\/\/estet.zt.ua\/kvartira-zhitomir-ua\/#primaryimage\"},\"image\":{\"@id\":\"https:\/\/estet.zt.ua\/kvartira-zhitomir-ua\/#primaryimage\"},\"thumbnailUrl\":\"https:\/\/estet.zt.ua\/wp-content\/uploads\/2023\/10\/FireShot-Capture-024-\u041a\u0432\u0430\u0440\u0442\u0438\u0440\u0438-\u0432-\u0416\u0438\u0442\u043e\u043c\u0438\u0440\u0456.-\u041d\u0435\u0440\u0443\u0445\u043e\u043c\u0456\u0441\u0442\u044c-\u0416\u0438\u0442\u043e\u043c\u0438\u0440\u0430_-\u043a\u0443\u043f\u0438\u0442\u0438-\u043a\u0432\u0430\u0440\u0442\u0438\u0440\u0443-\u0431\u0443\u0434\u0438\u043d\u043e\u043a-_-kvartira.zhitomir.ua_.png\",\"datePublished\":\"2023-10-01T15:00:44+00:00\",\"dateModified\":\"2023-10-01T15:03:30+00:00\",\"breadcrumb\":{\"@id\":\"https:\/\/estet.zt.ua\/kvartira-zhitomir-ua\/#breadcrumb\"},\"inLanguage\":\"de\",\"potentialAction\":[{\"@type\":\"ReadAction\",\"target\":[\"https:\/\/estet.zt.ua\/kvartira-zhitomir-ua\/\"]}]},{\"@type\":\"ImageObject\",\"inLanguage\":\"de\",\"@id\":\"https:\/\/estet.zt.ua\/kvartira-zhitomir-ua\/#primaryimage\",\"url\":\"https:\/\/estet.zt.ua\/wp-content\/uploads\/2023\/10\/FireShot-Capture-024-\u041a\u0432\u0430\u0440\u0442\u0438\u0440\u0438-\u0432-\u0416\u0438\u0442\u043e\u043c\u0438\u0440\u0456.-\u041d\u0435\u0440\u0443\u0445\u043e\u043c\u0456\u0441\u0442\u044c-\u0416\u0438\u0442\u043e\u043c\u0438\u0440\u0430_-\u043a\u0443\u043f\u0438\u0442\u0438-\u043a\u0432\u0430\u0440\u0442\u0438\u0440\u0443-\u0431\u0443\u0434\u0438\u043d\u043e\u043a-_-kvartira.zhitomir.ua_.png\",\"contentUrl\":\"https:\/\/estet.zt.ua\/wp-content\/uploads\/2023\/10\/FireShot-Capture-024-\u041a\u0432\u0430\u0440\u0442\u0438\u0440\u0438-\u0432-\u0416\u0438\u0442\u043e\u043c\u0438\u0440\u0456.-\u041d\u0435\u0440\u0443\u0445\u043e\u043c\u0456\u0441\u0442\u044c-\u0416\u0438\u0442\u043e\u043c\u0438\u0440\u0430_-\u043a\u0443\u043f\u0438\u0442\u0438-\u043a\u0432\u0430\u0440\u0442\u0438\u0440\u0443-\u0431\u0443\u0434\u0438\u043d\u043e\u043a-_-kvartira.zhitomir.ua_.png\",\"width\":1009,\"height\":869},{\"@type\":\"BreadcrumbList\",\"@id\":\"https:\/\/estet.zt.ua\/kvartira-zhitomir-ua\/#breadcrumb\",\"itemListElement\":[{\"@type\":\"ListItem\",\"position\":1,\"name\":\"\u0413\u043b\u0430\u0432\u043d\u0430\u044f \u0441\u0442\u0440\u0430\u043d\u0438\u0446\u0430\",\"item\":\"https:\/\/estet.zt.ua\/\"},{\"@type\":\"ListItem\",\"position\":2,\"name\":\"\u041a\u0443\u043f\u0438\u0442\u0438 \u043a\u0432\u0430\u0440\u0442\u0438\u0440\u0443 \u0432 \u0416\u0438\u0442\u043e\u043c\u0438\u0440\u0456\"}]},{\"@type\":\"WebSite\",\"@id\":\"https:\/\/estet.zt.ua\/#website\",\"url\":\"https:\/\/estet.zt.ua\/\",\"name\":\"\u042d\u0441\u0442\u0435\u0442. \u0421\u043f\u043e\u0440\u0442\u0438\u0432\u043d\u044b\u0435 \u0431\u0430\u043b\u044c\u043d\u044b\u0435 \u0442\u0430\u043d\u0446\u044b \u0432 \u0416\u0438\u0442\u043e\u043c\u0438\u0440\u0435.\",\"description\":\"\u0421\u043f\u043e\u0440\u0442\u0438\u0432\u043d\u044b\u0435 \u0431\u0430\u043b\u044c\u043d\u044b\u0435 \u0442\u0430\u043d\u0446\u044b \u0432 \u0416\u0438\u0442\u043e\u043c\u0438\u0440\u0435\",\"publisher\":{\"@id\":\"https:\/\/estet.zt.ua\/#organization\"},\"potentialAction\":[{\"@type\":\"SearchAction\",\"target\":{\"@type\":\"EntryPoint\",\"urlTemplate\":\"https:\/\/estet.zt.ua\/?s={search_term_string}\"},\"query-input\":{\"@type\":\"PropertyValueSpecification\",\"valueRequired\":true,\"valueName\":\"search_term_string\"}}],\"inLanguage\":\"de\"},{\"@type\":\"Organization\",\"@id\":\"https:\/\/estet.zt.ua\/#organization\",\"name\":\"\u042d\u0441\u0442\u0435\u0442. \u0411\u0430\u043b\u044c\u043d\u044b\u0435 \u0442\u0430\u043d\u0446\u044b \u0416\u0438\u0442\u043e\u043c\u0438\u0440\",\"url\":\"https:\/\/estet.zt.ua\/\",\"logo\":{\"@type\":\"ImageObject\",\"inLanguage\":\"de\",\"@id\":\"https:\/\/estet.zt.ua\/#\/schema\/logo\/image\/\",\"url\":\"https:\/\/estet.zt.ua\/wp-content\/uploads\/2020\/01\/logoestet.png\",\"contentUrl\":\"https:\/\/estet.zt.ua\/wp-content\/uploads\/2020\/01\/logoestet.png\",\"width\":300,\"height\":100,\"caption\":\"\u042d\u0441\u0442\u0435\u0442. \u0411\u0430\u043b\u044c\u043d\u044b\u0435 \u0442\u0430\u043d\u0446\u044b \u0416\u0438\u0442\u043e\u043c\u0438\u0440\"},\"image\":{\"@id\":\"https:\/\/estet.zt.ua\/#\/schema\/logo\/image\/\"}}]}<\/script>\n<!-- \/ Yoast SEO plugin. -->","yoast_head_json":{"title":"\u041a\u0443\u043f\u0438\u0442\u0438 \u043a\u0432\u0430\u0440\u0442\u0438\u0440\u0443 \u0432 \u0416\u0438\u0442\u043e\u043c\u0438\u0440\u0456 - \u042d\u0441\u0442\u0435\u0442. \u0421\u043f\u043e\u0440\u0442\u0438\u0432\u043d\u044b\u0435 \u0431\u0430\u043b\u044c\u043d\u044b\u0435 \u0442\u0430\u043d\u0446\u044b \u0432 \u0416\u0438\u0442\u043e\u043c\u0438\u0440\u0435.","robots":{"index":"index","follow":"follow","max-snippet":"max-snippet:-1","max-image-preview":"max-image-preview:large","max-video-preview":"max-video-preview:-1"},"canonical":"https:\/\/estet.zt.ua\/de\/kvartira-zhitomir-ua\/","og_locale":"de_DE","og_type":"article","og_title":"\u041a\u0443\u043f\u0438\u0442\u0438 \u043a\u0432\u0430\u0440\u0442\u0438\u0440\u0443 \u0432 \u0416\u0438\u0442\u043e\u043c\u0438\u0440\u0456 - \u042d\u0441\u0442\u0435\u0442. \u0421\u043f\u043e\u0440\u0442\u0438\u0432\u043d\u044b\u0435 \u0431\u0430\u043b\u044c\u043d\u044b\u0435 \u0442\u0430\u043d\u0446\u044b \u0432 \u0416\u0438\u0442\u043e\u043c\u0438\u0440\u0435.","og_description":"1. \u041f\u0440\u0438\u0447\u0438\u043d\u0438 \u043a\u0443\u043f\u0456\u0432\u043b\u0456 \u043a\u0432\u0430\u0440\u0442\u0438\u0440\u0438 \u0432 \u0416\u0438\u0442\u043e\u043c\u0438\u0440\u0456 \u0412\u0438\u0441\u043e\u043a\u0438\u0439 \u0440\u0456\u0432\u0435\u043d\u044c \u0431\u0435\u0437\u043f\u0435\u043a\u0438 \u0416\u0438\u0442\u043e\u043c\u0438\u0440 \u043c\u0430\u0454 \u0432\u0438\u0441\u043e\u043a\u0438\u0439 \u0440\u0456\u0432\u0435\u043d\u044c \u0431\u0435\u0437\u043f\u0435\u043a\u0438, \u0449\u043e \u0434\u043e\u0437\u0432\u043e\u043b\u044f\u0454 \u0432\u043b\u0430\u0441\u043d\u0438\u043a\u0430\u043c \u043a\u0432\u0430\u0440\u0442\u0438\u0440 \u0431\u0443\u0442\u0438 \u0441\u043f\u043e\u043a\u0456\u0439\u043d\u0438\u043c\u0438 \u043f\u0440\u043e \u0441\u0432\u043e\u0454 \u043c\u0430\u0439\u043d\u043e. \u041d\u0435\u0432\u0438\u0441\u043e\u043a\u0456 \u0446\u0456\u043d\u0438 \u0426\u0456\u043d\u0438 \u043d\u0430 \u0436\u0438\u0442\u043b\u043e \u0432 \u0416\u0438\u0442\u043e\u043c\u0438\u0440\u0456 \u0437\u0430\u043b\u0438\u0448\u0430\u044e\u0442\u044c\u0441\u044f \u043d\u0435\u0432\u0438\u0441\u043e\u043a\u0438\u043c\u0438 \u0443 \u043f\u043e\u0440\u0456\u0432\u043d\u044f\u043d\u043d\u0456 \u0437 \u0456\u043d\u0448\u0438\u043c\u0438 \u0443\u043a\u0440\u0430\u0457\u043d\u0441\u044c\u043a\u0438\u043c\u0438 \u043c\u0456\u0441\u0442\u0430\u043c\u0438. \u0426\u0435 \u0434\u043e\u0437\u0432\u043e\u043b\u044f\u0454 \u043f\u0440\u0438\u0434\u0431\u0430\u0442\u0438 \u043a\u0432\u0430\u0440\u0442\u0438\u0440\u0443 \u0437\u0430 \u043f\u0440\u0438\u0432\u0430\u0431\u043b\u0438\u0432\u043e\u044e \u0446\u0456\u043d\u043e\u044e. [&hellip;]","og_url":"https:\/\/estet.zt.ua\/de\/kvartira-zhitomir-ua\/","og_site_name":"\u042d\u0441\u0442\u0435\u0442. \u0421\u043f\u043e\u0440\u0442\u0438\u0432\u043d\u044b\u0435 \u0431\u0430\u043b\u044c\u043d\u044b\u0435 \u0442\u0430\u043d\u0446\u044b \u0432 \u0416\u0438\u0442\u043e\u043c\u0438\u0440\u0435.","article_modified_time":"2023-10-01T15:03:30+00:00","og_image":[{"width":1009,"height":869,"url":"https:\/\/estet.zt.ua\/wp-content\/uploads\/2023\/10\/FireShot-Capture-024-\u041a\u0432\u0430\u0440\u0442\u0438\u0440\u0438-\u0432-\u0416\u0438\u0442\u043e\u043c\u0438\u0440\u0456.-\u041d\u0435\u0440\u0443\u0445\u043e\u043c\u0456\u0441\u0442\u044c-\u0416\u0438\u0442\u043e\u043c\u0438\u0440\u0430_-\u043a\u0443\u043f\u0438\u0442\u0438-\u043a\u0432\u0430\u0440\u0442\u0438\u0440\u0443-\u0431\u0443\u0434\u0438\u043d\u043e\u043a-_-kvartira.zhitomir.ua_.png","type":"image\/png"}],"twitter_card":"summary_large_image","schema":{"@context":"https:\/\/schema.org","@graph":[{"@type":"WebPage","@id":"https:\/\/estet.zt.ua\/kvartira-zhitomir-ua\/","url":"https:\/\/estet.zt.ua\/kvartira-zhitomir-ua\/","name":"\u041a\u0443\u043f\u0438\u0442\u0438 \u043a\u0432\u0430\u0440\u0442\u0438\u0440\u0443 \u0432 \u0416\u0438\u0442\u043e\u043c\u0438\u0440\u0456 - \u042d\u0441\u0442\u0435\u0442. \u0421\u043f\u043e\u0440\u0442\u0438\u0432\u043d\u044b\u0435 \u0431\u0430\u043b\u044c\u043d\u044b\u0435 \u0442\u0430\u043d\u0446\u044b \u0432 \u0416\u0438\u0442\u043e\u043c\u0438\u0440\u0435.","isPartOf":{"@id":"https:\/\/estet.zt.ua\/#website"},"primaryImageOfPage":{"@id":"https:\/\/estet.zt.ua\/kvartira-zhitomir-ua\/#primaryimage"},"image":{"@id":"https:\/\/estet.zt.ua\/kvartira-zhitomir-ua\/#primaryimage"},"thumbnailUrl":"https:\/\/estet.zt.ua\/wp-content\/uploads\/2023\/10\/FireShot-Capture-024-\u041a\u0432\u0430\u0440\u0442\u0438\u0440\u0438-\u0432-\u0416\u0438\u0442\u043e\u043c\u0438\u0440\u0456.-\u041d\u0435\u0440\u0443\u0445\u043e\u043c\u0456\u0441\u0442\u044c-\u0416\u0438\u0442\u043e\u043c\u0438\u0440\u0430_-\u043a\u0443\u043f\u0438\u0442\u0438-\u043a\u0432\u0430\u0440\u0442\u0438\u0440\u0443-\u0431\u0443\u0434\u0438\u043d\u043e\u043a-_-kvartira.zhitomir.ua_.png","datePublished":"2023-10-01T15:00:44+00:00","dateModified":"2023-10-01T15:03:30+00:00","breadcrumb":{"@id":"https:\/\/estet.zt.ua\/kvartira-zhitomir-ua\/#breadcrumb"},"inLanguage":"de","potentialAction":[{"@type":"ReadAction","target":["https:\/\/estet.zt.ua\/kvartira-zhitomir-ua\/"]}]},{"@type":"ImageObject","inLanguage":"de","@id":"https:\/\/estet.zt.ua\/kvartira-zhitomir-ua\/#primaryimage","url":"https:\/\/estet.zt.ua\/wp-content\/uploads\/2023\/10\/FireShot-Capture-024-\u041a\u0432\u0430\u0440\u0442\u0438\u0440\u0438-\u0432-\u0416\u0438\u0442\u043e\u043c\u0438\u0440\u0456.-\u041d\u0435\u0440\u0443\u0445\u043e\u043c\u0456\u0441\u0442\u044c-\u0416\u0438\u0442\u043e\u043c\u0438\u0440\u0430_-\u043a\u0443\u043f\u0438\u0442\u0438-\u043a\u0432\u0430\u0440\u0442\u0438\u0440\u0443-\u0431\u0443\u0434\u0438\u043d\u043e\u043a-_-kvartira.zhitomir.ua_.png","contentUrl":"https:\/\/estet.zt.ua\/wp-content\/uploads\/2023\/10\/FireShot-Capture-024-\u041a\u0432\u0430\u0440\u0442\u0438\u0440\u0438-\u0432-\u0416\u0438\u0442\u043e\u043c\u0438\u0440\u0456.-\u041d\u0435\u0440\u0443\u0445\u043e\u043c\u0456\u0441\u0442\u044c-\u0416\u0438\u0442\u043e\u043c\u0438\u0440\u0430_-\u043a\u0443\u043f\u0438\u0442\u0438-\u043a\u0432\u0430\u0440\u0442\u0438\u0440\u0443-\u0431\u0443\u0434\u0438\u043d\u043e\u043a-_-kvartira.zhitomir.ua_.png","width":1009,"height":869},{"@type":"BreadcrumbList","@id":"https:\/\/estet.zt.ua\/kvartira-zhitomir-ua\/#breadcrumb","itemListElement":[{"@type":"ListItem","position":1,"name":"\u0413\u043b\u0430\u0432\u043d\u0430\u044f \u0441\u0442\u0440\u0430\u043d\u0438\u0446\u0430","item":"https:\/\/estet.zt.ua\/"},{"@type":"ListItem","position":2,"name":"\u041a\u0443\u043f\u0438\u0442\u0438 \u043a\u0432\u0430\u0440\u0442\u0438\u0440\u0443 \u0432 \u0416\u0438\u0442\u043e\u043c\u0438\u0440\u0456"}]},{"@type":"WebSite","@id":"https:\/\/estet.zt.ua\/#website","url":"https:\/\/estet.zt.ua\/","name":"\u042d\u0441\u0442\u0435\u0442. \u0421\u043f\u043e\u0440\u0442\u0438\u0432\u043d\u044b\u0435 \u0431\u0430\u043b\u044c\u043d\u044b\u0435 \u0442\u0430\u043d\u0446\u044b \u0432 \u0416\u0438\u0442\u043e\u043c\u0438\u0440\u0435.","description":"\u0421\u043f\u043e\u0440\u0442\u0438\u0432\u043d\u044b\u0435 \u0431\u0430\u043b\u044c\u043d\u044b\u0435 \u0442\u0430\u043d\u0446\u044b \u0432 \u0416\u0438\u0442\u043e\u043c\u0438\u0440\u0435","publisher":{"@id":"https:\/\/estet.zt.ua\/#organization"},"potentialAction":[{"@type":"SearchAction","target":{"@type":"EntryPoint","urlTemplate":"https:\/\/estet.zt.ua\/?s={search_term_string}"},"query-input":{"@type":"PropertyValueSpecification","valueRequired":true,"valueName":"search_term_string"}}],"inLanguage":"de"},{"@type":"Organization","@id":"https:\/\/estet.zt.ua\/#organization","name":"\u042d\u0441\u0442\u0435\u0442. \u0411\u0430\u043b\u044c\u043d\u044b\u0435 \u0442\u0430\u043d\u0446\u044b \u0416\u0438\u0442\u043e\u043c\u0438\u0440","url":"https:\/\/estet.zt.ua\/","logo":{"@type":"ImageObject","inLanguage":"de","@id":"https:\/\/estet.zt.ua\/#\/schema\/logo\/image\/","url":"https:\/\/estet.zt.ua\/wp-content\/uploads\/2020\/01\/logoestet.png","contentUrl":"https:\/\/estet.zt.ua\/wp-content\/uploads\/2020\/01\/logoestet.png","width":300,"height":100,"caption":"\u042d\u0441\u0442\u0435\u0442. \u0411\u0430\u043b\u044c\u043d\u044b\u0435 \u0442\u0430\u043d\u0446\u044b \u0416\u0438\u0442\u043e\u043c\u0438\u0440"},"image":{"@id":"https:\/\/estet.zt.ua\/#\/schema\/logo\/image\/"}}]}},"_links":{"self":[{"href":"https:\/\/estet.zt.ua\/de\/wp-json\/wp\/v2\/pages\/6496","targetHints":{"allow":["GET"]}}],"collection":[{"href":"https:\/\/estet.zt.ua\/de\/wp-json\/wp\/v2\/pages"}],"about":[{"href":"https:\/\/estet.zt.ua\/de\/wp-json\/wp\/v2\/types\/page"}],"author":[{"embeddable":true,"href":"https:\/\/estet.zt.ua\/de\/wp-json\/wp\/v2\/users\/1"}],"replies":[{"embeddable":true,"href":"https:\/\/estet.zt.ua\/de\/wp-json\/wp\/v2\/comments?post=6496"}],"version-history":[{"count":1,"href":"https:\/\/estet.zt.ua\/de\/wp-json\/wp\/v2\/pages\/6496\/revisions"}],"predecessor-version":[{"id":6498,"href":"https:\/\/estet.zt.ua\/de\/wp-json\/wp\/v2\/pages\/6496\/revisions\/6498"}],"wp:featuredmedia":[{"embeddable":true,"href":"https:\/\/estet.zt.ua\/de\/wp-json\/wp\/v2\/media\/6497"}],"wp:attachment":[{"href":"https:\/\/estet.zt.ua\/de\/wp-json\/wp\/v2\/media?parent=6496"}],"curies":[{"name":"wp","href":"https:\/\/api.w.org\/{rel}","templated":true}]}}