{"id":6492,"date":"2023-09-28T16:42:04","date_gmt":"2023-09-28T13:42:04","guid":{"rendered":"https:\/\/estet.zt.ua\/?page_id=6492"},"modified":"2023-09-28T16:42:04","modified_gmt":"2023-09-28T13:42:04","slug":"granit-zhitomir-com","status":"publish","type":"page","link":"https:\/\/estet.zt.ua\/fr\/granit-zhitomir-com\/","title":{"rendered":"Monuments en granit de la soci\u00e9t\u00e9 granit-zhitomir.com"},"content":{"rendered":"<h2>1. Introduction<\/h2>\n<p><a href=\"https:\/\/granit-zhitomir.com\/\">Monuments en granit de la soci\u00e9t\u00e9 granit-zhitomir.com<\/a> - sont des produits uniques et inimitables, caract\u00e9ris\u00e9s par leur haute qualit\u00e9 et leur durabilit\u00e9. Ils repr\u00e9sentent une proc\u00e9dure de fabrication co\u00fbteuse et longue, ce qui explique qu'ils soient un symbole de long\u00e9vit\u00e9. Les monuments en granit peuvent \u00eatre utilis\u00e9s \u00e0 diverses fins, notamment pour l'installation sur des terrains de f\u00eate et dans divers lieux de m\u00e9moire. Dans cet article, nous allons voir tous les avantages et les inconv\u00e9nients des monuments en granit de granit-zhitomir.com.<\/p>\n<h2>2. Avantages de l'utilisation du granit pour la construction de monuments<\/h2>\n<h3>Durabilit\u00e9 et r\u00e9sistance \u00e9lev\u00e9e<\/h3>\n<p>Le granit est tr\u00e8s r\u00e9sistant et durable, ce qui en fait un mat\u00e9riau id\u00e9al pour la construction de monuments. Il peut r\u00e9sister \u00e0 une exposition prolong\u00e9e \u00e0 des conditions climatiques changeantes telles que la pluie, la neige, le brouillard, etc.<\/p>\n<h3>Prix abordable<\/h3>\n<p>Le granit est disponible \u00e0 un prix abordable, c'est pourquoi il est id\u00e9al pour la construction de monuments. Cela signifie que l'on peut construire des monuments en granit sans avoir \u00e0 supporter des co\u00fbts importants.<\/p>\n<h3>Densit\u00e9 et r\u00e9sistance \u00e9lev\u00e9es<\/h3>\n<p>Le granit a une densit\u00e9 et une durabilit\u00e9 \u00e9lev\u00e9es, ce qui en fait un mat\u00e9riau id\u00e9al pour la construction de monuments. Il peut r\u00e9sister \u00e0 une exposition prolong\u00e9e \u00e0 des conditions climatiques changeantes telles que la pluie, la neige, le brouillard, etc.<\/p>\n<h3>Capacit\u00e9 de traitement<\/h3>\n<p>Le granit peut \u00eatre facilement travaill\u00e9, ce qui permet de construire des monuments de formes et de tailles vari\u00e9es. Il s'agit donc d'un mat\u00e9riau id\u00e9al pour construire des monuments de diff\u00e9rents styles.<\/p>\n<h2>3. Avantages de la commande de monuments en granit aupr\u00e8s de la soci\u00e9t\u00e9 granit-zhitomir.com<\/h2>\n<h3>Des professionnels exp\u00e9riment\u00e9s<\/h3>\n<p>Notre \u00e9quipe comprend des sp\u00e9cialistes exp\u00e9riment\u00e9s qui sont engag\u00e9s professionnellement dans la fabrication de monuments en granit. Nous vous offrons des services de haute qualit\u00e9 et garantissons le professionnalisme \u00e0 toutes les \u00e9tapes du travail.<\/p>\n<h3>Vari\u00e9t\u00e9 de mod\u00e8les<\/h3>\n<p>Notre assortiment comprend de nombreux mod\u00e8les de monuments en granit. Vous pourrez choisir un monument dont la forme et la taille vous conviennent. Nous offrons \u00e0 nos clients une grande vari\u00e9t\u00e9 d'options de design et d'\u00e9l\u00e9ments d\u00e9coratifs.<\/p>\n<h3>Des prix abordables<\/h3>\n<p>Nous accordons une grande attention au rapport qualit\u00e9-prix. Nous proposons des prix abordables pour les monuments en granit, tout en offrant un travail de qualit\u00e9.<\/p>\n<h3>Respect des d\u00e9lais<\/h3>\n<p>Nous respectons des d\u00e9lais stricts et garantissons l'ex\u00e9cution des commandes en temps voulu. Nous offrons \u00e0 nos clients un syst\u00e8me flexible de remises et de primes.<\/p>\n<h3>Mat\u00e9riaux de qualit\u00e9<\/h3>\n<p>Nous n'utilisons que les meilleurs mat\u00e9riaux pour fabriquer des monuments en granit. Tous nos produits sont soumis \u00e0 un contr\u00f4le de qualit\u00e9 strict et pr\u00e9sentent des caract\u00e9ristiques \u00e9lev\u00e9es.<\/p>\n<h2>4. Conclusion<\/h2>\n<p>Dans l'article, les monuments en granit propos\u00e9s par la soci\u00e9t\u00e9 granit-zhitomir.com ont \u00e9t\u00e9 examin\u00e9s. Notre soci\u00e9t\u00e9 produit des monuments en granit de la plus haute qualit\u00e9, qui conviennent \u00e0 n'importe quel endroit et \u00e0 n'importe quel usage. Nos monuments vous serviront pendant de nombreuses ann\u00e9es et constitueront un v\u00e9ritable monument pour vos proches.<\/p>\n<p>Notre soci\u00e9t\u00e9 propose une large gamme de monuments en granit pour tous les styles et toutes les pr\u00e9f\u00e9rences. Nous garantissons la qualit\u00e9 et la durabilit\u00e9 de nos produits et proposons des prix attractifs. Nos experts vous aideront \u00e0 choisir le monument en granit le plus appropri\u00e9 pour vos proches.<\/p>\n<p>Si vous voulez <a href=\"https:\/\/granit-zhitomir.com\/\">acheter un monument en granit, propos\u00e9 par la soci\u00e9t\u00e9 granit-zhitomir.com<\/a>Visitez notre site web ou contactez-nous pour plus d'informations.<\/p>","protected":false},"excerpt":{"rendered":"<p>1. Introduction Les monuments en granit de la soci\u00e9t\u00e9 granit-zhitomir.com sont des produits uniques et inimitables, caract\u00e9ris\u00e9s par leur haute qualit\u00e9 et leur durabilit\u00e9. Ils repr\u00e9sentent une proc\u00e9dure de fabrication co\u00fbteuse et longue, et sont donc un symbole de durabilit\u00e9. Les monuments en granit peuvent \u00eatre utilis\u00e9s \u00e0 diverses fins, y compris pour l'installation sur des [...].<\/p>","protected":false},"author":1,"featured_media":6493,"parent":0,"menu_order":0,"comment_status":"closed","ping_status":"closed","template":"","meta":{"footnotes":""},"class_list":["post-6492","page","type-page","status-publish","has-post-thumbnail","hentry"],"yoast_head":"<!-- This site is optimized with the Yoast SEO plugin v25.2 - https:\/\/yoast.com\/wordpress\/plugins\/seo\/ -->\n<title>\u041f\u0430\u043c\u044f\u0442\u043d\u0438\u043a\u0438 \u0438\u0437 \u0433\u0440\u0430\u043d\u0438\u0442\u0430 \u043e\u0442 \u043a\u043e\u043c\u043f\u0430\u043d\u0438\u0438 granit-zhitomir.com - \u042d\u0441\u0442\u0435\u0442. \u0421\u043f\u043e\u0440\u0442\u0438\u0432\u043d\u044b\u0435 \u0431\u0430\u043b\u044c\u043d\u044b\u0435 \u0442\u0430\u043d\u0446\u044b \u0432 \u0416\u0438\u0442\u043e\u043c\u0438\u0440\u0435.<\/title>\n<meta name=\"robots\" content=\"index, follow, max-snippet:-1, max-image-preview:large, max-video-preview:-1\" \/>\n<link rel=\"canonical\" href=\"https:\/\/estet.zt.ua\/fr\/granit-zhitomir-com\/\" \/>\n<meta property=\"og:locale\" content=\"fr_FR\" \/>\n<meta property=\"og:type\" content=\"article\" \/>\n<meta property=\"og:title\" content=\"\u041f\u0430\u043c\u044f\u0442\u043d\u0438\u043a\u0438 \u0438\u0437 \u0433\u0440\u0430\u043d\u0438\u0442\u0430 \u043e\u0442 \u043a\u043e\u043c\u043f\u0430\u043d\u0438\u0438 granit-zhitomir.com - \u042d\u0441\u0442\u0435\u0442. \u0421\u043f\u043e\u0440\u0442\u0438\u0432\u043d\u044b\u0435 \u0431\u0430\u043b\u044c\u043d\u044b\u0435 \u0442\u0430\u043d\u0446\u044b \u0432 \u0416\u0438\u0442\u043e\u043c\u0438\u0440\u0435.\" \/>\n<meta property=\"og:description\" content=\"1. \u0412\u0432\u0435\u0434\u0435\u043d\u0438\u0435 \u041f\u0430\u043c\u044f\u0442\u043d\u0438\u043a\u0438 \u0438\u0437 \u0433\u0440\u0430\u043d\u0438\u0442\u0430 \u043e\u0442 \u043a\u043e\u043c\u043f\u0430\u043d\u0438\u0438 granit-zhitomir.com \u2013 \u044d\u0442\u043e \u0443\u043d\u0438\u043a\u0430\u043b\u044c\u043d\u044b\u0435 \u0438 \u043d\u0435\u043f\u043e\u0432\u0442\u043e\u0440\u0438\u043c\u044b\u0435 \u0438\u0437\u0434\u0435\u043b\u0438\u044f, \u043e\u0442\u043b\u0438\u0447\u0430\u044e\u0449\u0438\u0435\u0441\u044f \u0441\u0432\u043e\u0438\u043c \u0432\u044b\u0441\u043e\u043a\u0438\u043c \u043a\u0430\u0447\u0435\u0441\u0442\u0432\u043e\u043c \u0438 \u043f\u0440\u043e\u0447\u043d\u043e\u0441\u0442\u044c\u044e. \u041e\u043d\u0438 \u043f\u0440\u0435\u0434\u0441\u0442\u0430\u0432\u043b\u044f\u044e\u0442 \u0441\u043e\u0431\u043e\u0439 \u0434\u043e\u0440\u043e\u0433\u0443\u044e \u0438 \u0434\u043b\u0438\u0442\u0435\u043b\u044c\u043d\u0443\u044e \u043f\u0440\u043e\u0446\u0435\u0434\u0443\u0440\u0443 \u0438\u0437\u0433\u043e\u0442\u043e\u0432\u043b\u0435\u043d\u0438\u044f, \u043f\u043e\u044d\u0442\u043e\u043c\u0443 \u043e\u043d\u0438 \u044f\u0432\u043b\u044f\u044e\u0442\u0441\u044f \u0441\u0438\u043c\u0432\u043e\u043b\u043e\u043c \u0434\u043e\u043b\u0433\u043e\u0432\u0435\u0447\u043d\u043e\u0441\u0442\u0438. \u041f\u0430\u043c\u044f\u0442\u043d\u0438\u043a\u0438 \u0438\u0437 \u0433\u0440\u0430\u043d\u0438\u0442\u0430 \u043c\u043e\u0433\u0443\u0442 \u0438\u0441\u043f\u043e\u043b\u044c\u0437\u043e\u0432\u0430\u0442\u044c\u0441\u044f \u0434\u043b\u044f \u0440\u0430\u0437\u043b\u0438\u0447\u043d\u044b\u0445 \u0446\u0435\u043b\u0435\u0439, \u0432\u043a\u043b\u044e\u0447\u0430\u044f \u0443\u0441\u0442\u0430\u043d\u043e\u0432\u043a\u0443 \u043d\u0430 \u043f\u0440\u0430\u0437\u0434\u043d\u0438\u0447\u043d\u044b\u0435 [&hellip;]\" \/>\n<meta property=\"og:url\" content=\"https:\/\/estet.zt.ua\/fr\/granit-zhitomir-com\/\" \/>\n<meta property=\"og:site_name\" content=\"\u042d\u0441\u0442\u0435\u0442. \u0421\u043f\u043e\u0440\u0442\u0438\u0432\u043d\u044b\u0435 \u0431\u0430\u043b\u044c\u043d\u044b\u0435 \u0442\u0430\u043d\u0446\u044b \u0432 \u0416\u0438\u0442\u043e\u043c\u0438\u0440\u0435.\" \/>\n<meta property=\"og:image\" content=\"https:\/\/estet.zt.ua\/wp-content\/uploads\/2023\/09\/logo-bw.jpg\" \/>\n\t<meta property=\"og:image:width\" content=\"960\" \/>\n\t<meta property=\"og:image:height\" content=\"768\" \/>\n\t<meta property=\"og:image:type\" content=\"image\/jpeg\" \/>\n<meta name=\"twitter:card\" content=\"summary_large_image\" \/>\n<meta name=\"twitter:label1\" content=\"Dur\u00e9e de lecture estim\u00e9e\" \/>\n\t<meta name=\"twitter:data1\" content=\"2 minutes\" \/>\n<script type=\"application\/ld+json\" class=\"yoast-schema-graph\">{\"@context\":\"https:\/\/schema.org\",\"@graph\":[{\"@type\":\"WebPage\",\"@id\":\"https:\/\/estet.zt.ua\/granit-zhitomir-com\/\",\"url\":\"https:\/\/estet.zt.ua\/granit-zhitomir-com\/\",\"name\":\"\u041f\u0430\u043c\u044f\u0442\u043d\u0438\u043a\u0438 \u0438\u0437 \u0433\u0440\u0430\u043d\u0438\u0442\u0430 \u043e\u0442 \u043a\u043e\u043c\u043f\u0430\u043d\u0438\u0438 granit-zhitomir.com - \u042d\u0441\u0442\u0435\u0442. \u0421\u043f\u043e\u0440\u0442\u0438\u0432\u043d\u044b\u0435 \u0431\u0430\u043b\u044c\u043d\u044b\u0435 \u0442\u0430\u043d\u0446\u044b \u0432 \u0416\u0438\u0442\u043e\u043c\u0438\u0440\u0435.\",\"isPartOf\":{\"@id\":\"https:\/\/estet.zt.ua\/#website\"},\"primaryImageOfPage\":{\"@id\":\"https:\/\/estet.zt.ua\/granit-zhitomir-com\/#primaryimage\"},\"image\":{\"@id\":\"https:\/\/estet.zt.ua\/granit-zhitomir-com\/#primaryimage\"},\"thumbnailUrl\":\"https:\/\/estet.zt.ua\/wp-content\/uploads\/2023\/09\/logo-bw.jpg\",\"datePublished\":\"2023-09-28T13:42:04+00:00\",\"breadcrumb\":{\"@id\":\"https:\/\/estet.zt.ua\/granit-zhitomir-com\/#breadcrumb\"},\"inLanguage\":\"fr-FR\",\"potentialAction\":[{\"@type\":\"ReadAction\",\"target\":[\"https:\/\/estet.zt.ua\/granit-zhitomir-com\/\"]}]},{\"@type\":\"ImageObject\",\"inLanguage\":\"fr-FR\",\"@id\":\"https:\/\/estet.zt.ua\/granit-zhitomir-com\/#primaryimage\",\"url\":\"https:\/\/estet.zt.ua\/wp-content\/uploads\/2023\/09\/logo-bw.jpg\",\"contentUrl\":\"https:\/\/estet.zt.ua\/wp-content\/uploads\/2023\/09\/logo-bw.jpg\",\"width\":960,\"height\":768},{\"@type\":\"BreadcrumbList\",\"@id\":\"https:\/\/estet.zt.ua\/granit-zhitomir-com\/#breadcrumb\",\"itemListElement\":[{\"@type\":\"ListItem\",\"position\":1,\"name\":\"\u0413\u043b\u0430\u0432\u043d\u0430\u044f \u0441\u0442\u0440\u0430\u043d\u0438\u0446\u0430\",\"item\":\"https:\/\/estet.zt.ua\/\"},{\"@type\":\"ListItem\",\"position\":2,\"name\":\"\u041f\u0430\u043c\u044f\u0442\u043d\u0438\u043a\u0438 \u0438\u0437 \u0433\u0440\u0430\u043d\u0438\u0442\u0430 \u043e\u0442 \u043a\u043e\u043c\u043f\u0430\u043d\u0438\u0438 granit-zhitomir.com\"}]},{\"@type\":\"WebSite\",\"@id\":\"https:\/\/estet.zt.ua\/#website\",\"url\":\"https:\/\/estet.zt.ua\/\",\"name\":\"\u042d\u0441\u0442\u0435\u0442. \u0421\u043f\u043e\u0440\u0442\u0438\u0432\u043d\u044b\u0435 \u0431\u0430\u043b\u044c\u043d\u044b\u0435 \u0442\u0430\u043d\u0446\u044b \u0432 \u0416\u0438\u0442\u043e\u043c\u0438\u0440\u0435.\",\"description\":\"\u0421\u043f\u043e\u0440\u0442\u0438\u0432\u043d\u044b\u0435 \u0431\u0430\u043b\u044c\u043d\u044b\u0435 \u0442\u0430\u043d\u0446\u044b \u0432 \u0416\u0438\u0442\u043e\u043c\u0438\u0440\u0435\",\"publisher\":{\"@id\":\"https:\/\/estet.zt.ua\/#organization\"},\"potentialAction\":[{\"@type\":\"SearchAction\",\"target\":{\"@type\":\"EntryPoint\",\"urlTemplate\":\"https:\/\/estet.zt.ua\/?s={search_term_string}\"},\"query-input\":{\"@type\":\"PropertyValueSpecification\",\"valueRequired\":true,\"valueName\":\"search_term_string\"}}],\"inLanguage\":\"fr-FR\"},{\"@type\":\"Organization\",\"@id\":\"https:\/\/estet.zt.ua\/#organization\",\"name\":\"\u042d\u0441\u0442\u0435\u0442. \u0411\u0430\u043b\u044c\u043d\u044b\u0435 \u0442\u0430\u043d\u0446\u044b \u0416\u0438\u0442\u043e\u043c\u0438\u0440\",\"url\":\"https:\/\/estet.zt.ua\/\",\"logo\":{\"@type\":\"ImageObject\",\"inLanguage\":\"fr-FR\",\"@id\":\"https:\/\/estet.zt.ua\/#\/schema\/logo\/image\/\",\"url\":\"https:\/\/estet.zt.ua\/wp-content\/uploads\/2020\/01\/logoestet.png\",\"contentUrl\":\"https:\/\/estet.zt.ua\/wp-content\/uploads\/2020\/01\/logoestet.png\",\"width\":300,\"height\":100,\"caption\":\"\u042d\u0441\u0442\u0435\u0442. \u0411\u0430\u043b\u044c\u043d\u044b\u0435 \u0442\u0430\u043d\u0446\u044b \u0416\u0438\u0442\u043e\u043c\u0438\u0440\"},\"image\":{\"@id\":\"https:\/\/estet.zt.ua\/#\/schema\/logo\/image\/\"}}]}<\/script>\n<!-- \/ Yoast SEO plugin. -->","yoast_head_json":{"title":"\u041f\u0430\u043c\u044f\u0442\u043d\u0438\u043a\u0438 \u0438\u0437 \u0433\u0440\u0430\u043d\u0438\u0442\u0430 \u043e\u0442 \u043a\u043e\u043c\u043f\u0430\u043d\u0438\u0438 granit-zhitomir.com - \u042d\u0441\u0442\u0435\u0442. \u0421\u043f\u043e\u0440\u0442\u0438\u0432\u043d\u044b\u0435 \u0431\u0430\u043b\u044c\u043d\u044b\u0435 \u0442\u0430\u043d\u0446\u044b \u0432 \u0416\u0438\u0442\u043e\u043c\u0438\u0440\u0435.","robots":{"index":"index","follow":"follow","max-snippet":"max-snippet:-1","max-image-preview":"max-image-preview:large","max-video-preview":"max-video-preview:-1"},"canonical":"https:\/\/estet.zt.ua\/fr\/granit-zhitomir-com\/","og_locale":"fr_FR","og_type":"article","og_title":"\u041f\u0430\u043c\u044f\u0442\u043d\u0438\u043a\u0438 \u0438\u0437 \u0433\u0440\u0430\u043d\u0438\u0442\u0430 \u043e\u0442 \u043a\u043e\u043c\u043f\u0430\u043d\u0438\u0438 granit-zhitomir.com - \u042d\u0441\u0442\u0435\u0442. \u0421\u043f\u043e\u0440\u0442\u0438\u0432\u043d\u044b\u0435 \u0431\u0430\u043b\u044c\u043d\u044b\u0435 \u0442\u0430\u043d\u0446\u044b \u0432 \u0416\u0438\u0442\u043e\u043c\u0438\u0440\u0435.","og_description":"1. \u0412\u0432\u0435\u0434\u0435\u043d\u0438\u0435 \u041f\u0430\u043c\u044f\u0442\u043d\u0438\u043a\u0438 \u0438\u0437 \u0433\u0440\u0430\u043d\u0438\u0442\u0430 \u043e\u0442 \u043a\u043e\u043c\u043f\u0430\u043d\u0438\u0438 granit-zhitomir.com \u2013 \u044d\u0442\u043e \u0443\u043d\u0438\u043a\u0430\u043b\u044c\u043d\u044b\u0435 \u0438 \u043d\u0435\u043f\u043e\u0432\u0442\u043e\u0440\u0438\u043c\u044b\u0435 \u0438\u0437\u0434\u0435\u043b\u0438\u044f, \u043e\u0442\u043b\u0438\u0447\u0430\u044e\u0449\u0438\u0435\u0441\u044f \u0441\u0432\u043e\u0438\u043c \u0432\u044b\u0441\u043e\u043a\u0438\u043c \u043a\u0430\u0447\u0435\u0441\u0442\u0432\u043e\u043c \u0438 \u043f\u0440\u043e\u0447\u043d\u043e\u0441\u0442\u044c\u044e. \u041e\u043d\u0438 \u043f\u0440\u0435\u0434\u0441\u0442\u0430\u0432\u043b\u044f\u044e\u0442 \u0441\u043e\u0431\u043e\u0439 \u0434\u043e\u0440\u043e\u0433\u0443\u044e \u0438 \u0434\u043b\u0438\u0442\u0435\u043b\u044c\u043d\u0443\u044e \u043f\u0440\u043e\u0446\u0435\u0434\u0443\u0440\u0443 \u0438\u0437\u0433\u043e\u0442\u043e\u0432\u043b\u0435\u043d\u0438\u044f, \u043f\u043e\u044d\u0442\u043e\u043c\u0443 \u043e\u043d\u0438 \u044f\u0432\u043b\u044f\u044e\u0442\u0441\u044f \u0441\u0438\u043c\u0432\u043e\u043b\u043e\u043c \u0434\u043e\u043b\u0433\u043e\u0432\u0435\u0447\u043d\u043e\u0441\u0442\u0438. \u041f\u0430\u043c\u044f\u0442\u043d\u0438\u043a\u0438 \u0438\u0437 \u0433\u0440\u0430\u043d\u0438\u0442\u0430 \u043c\u043e\u0433\u0443\u0442 \u0438\u0441\u043f\u043e\u043b\u044c\u0437\u043e\u0432\u0430\u0442\u044c\u0441\u044f \u0434\u043b\u044f \u0440\u0430\u0437\u043b\u0438\u0447\u043d\u044b\u0445 \u0446\u0435\u043b\u0435\u0439, \u0432\u043a\u043b\u044e\u0447\u0430\u044f \u0443\u0441\u0442\u0430\u043d\u043e\u0432\u043a\u0443 \u043d\u0430 \u043f\u0440\u0430\u0437\u0434\u043d\u0438\u0447\u043d\u044b\u0435 [&hellip;]","og_url":"https:\/\/estet.zt.ua\/fr\/granit-zhitomir-com\/","og_site_name":"\u042d\u0441\u0442\u0435\u0442. \u0421\u043f\u043e\u0440\u0442\u0438\u0432\u043d\u044b\u0435 \u0431\u0430\u043b\u044c\u043d\u044b\u0435 \u0442\u0430\u043d\u0446\u044b \u0432 \u0416\u0438\u0442\u043e\u043c\u0438\u0440\u0435.","og_image":[{"width":960,"height":768,"url":"https:\/\/estet.zt.ua\/wp-content\/uploads\/2023\/09\/logo-bw.jpg","type":"image\/jpeg"}],"twitter_card":"summary_large_image","twitter_misc":{"Dur\u00e9e de lecture estim\u00e9e":"2 minutes"},"schema":{"@context":"https:\/\/schema.org","@graph":[{"@type":"WebPage","@id":"https:\/\/estet.zt.ua\/granit-zhitomir-com\/","url":"https:\/\/estet.zt.ua\/granit-zhitomir-com\/","name":"\u041f\u0430\u043c\u044f\u0442\u043d\u0438\u043a\u0438 \u0438\u0437 \u0433\u0440\u0430\u043d\u0438\u0442\u0430 \u043e\u0442 \u043a\u043e\u043c\u043f\u0430\u043d\u0438\u0438 granit-zhitomir.com - \u042d\u0441\u0442\u0435\u0442. \u0421\u043f\u043e\u0440\u0442\u0438\u0432\u043d\u044b\u0435 \u0431\u0430\u043b\u044c\u043d\u044b\u0435 \u0442\u0430\u043d\u0446\u044b \u0432 \u0416\u0438\u0442\u043e\u043c\u0438\u0440\u0435.","isPartOf":{"@id":"https:\/\/estet.zt.ua\/#website"},"primaryImageOfPage":{"@id":"https:\/\/estet.zt.ua\/granit-zhitomir-com\/#primaryimage"},"image":{"@id":"https:\/\/estet.zt.ua\/granit-zhitomir-com\/#primaryimage"},"thumbnailUrl":"https:\/\/estet.zt.ua\/wp-content\/uploads\/2023\/09\/logo-bw.jpg","datePublished":"2023-09-28T13:42:04+00:00","breadcrumb":{"@id":"https:\/\/estet.zt.ua\/granit-zhitomir-com\/#breadcrumb"},"inLanguage":"fr-FR","potentialAction":[{"@type":"ReadAction","target":["https:\/\/estet.zt.ua\/granit-zhitomir-com\/"]}]},{"@type":"ImageObject","inLanguage":"fr-FR","@id":"https:\/\/estet.zt.ua\/granit-zhitomir-com\/#primaryimage","url":"https:\/\/estet.zt.ua\/wp-content\/uploads\/2023\/09\/logo-bw.jpg","contentUrl":"https:\/\/estet.zt.ua\/wp-content\/uploads\/2023\/09\/logo-bw.jpg","width":960,"height":768},{"@type":"BreadcrumbList","@id":"https:\/\/estet.zt.ua\/granit-zhitomir-com\/#breadcrumb","itemListElement":[{"@type":"ListItem","position":1,"name":"\u0413\u043b\u0430\u0432\u043d\u0430\u044f \u0441\u0442\u0440\u0430\u043d\u0438\u0446\u0430","item":"https:\/\/estet.zt.ua\/"},{"@type":"ListItem","position":2,"name":"\u041f\u0430\u043c\u044f\u0442\u043d\u0438\u043a\u0438 \u0438\u0437 \u0433\u0440\u0430\u043d\u0438\u0442\u0430 \u043e\u0442 \u043a\u043e\u043c\u043f\u0430\u043d\u0438\u0438 granit-zhitomir.com"}]},{"@type":"WebSite","@id":"https:\/\/estet.zt.ua\/#website","url":"https:\/\/estet.zt.ua\/","name":"\u042d\u0441\u0442\u0435\u0442. \u0421\u043f\u043e\u0440\u0442\u0438\u0432\u043d\u044b\u0435 \u0431\u0430\u043b\u044c\u043d\u044b\u0435 \u0442\u0430\u043d\u0446\u044b \u0432 \u0416\u0438\u0442\u043e\u043c\u0438\u0440\u0435.","description":"\u0421\u043f\u043e\u0440\u0442\u0438\u0432\u043d\u044b\u0435 \u0431\u0430\u043b\u044c\u043d\u044b\u0435 \u0442\u0430\u043d\u0446\u044b \u0432 \u0416\u0438\u0442\u043e\u043c\u0438\u0440\u0435","publisher":{"@id":"https:\/\/estet.zt.ua\/#organization"},"potentialAction":[{"@type":"SearchAction","target":{"@type":"EntryPoint","urlTemplate":"https:\/\/estet.zt.ua\/?s={search_term_string}"},"query-input":{"@type":"PropertyValueSpecification","valueRequired":true,"valueName":"search_term_string"}}],"inLanguage":"fr-FR"},{"@type":"Organization","@id":"https:\/\/estet.zt.ua\/#organization","name":"\u042d\u0441\u0442\u0435\u0442. \u0411\u0430\u043b\u044c\u043d\u044b\u0435 \u0442\u0430\u043d\u0446\u044b \u0416\u0438\u0442\u043e\u043c\u0438\u0440","url":"https:\/\/estet.zt.ua\/","logo":{"@type":"ImageObject","inLanguage":"fr-FR","@id":"https:\/\/estet.zt.ua\/#\/schema\/logo\/image\/","url":"https:\/\/estet.zt.ua\/wp-content\/uploads\/2020\/01\/logoestet.png","contentUrl":"https:\/\/estet.zt.ua\/wp-content\/uploads\/2020\/01\/logoestet.png","width":300,"height":100,"caption":"\u042d\u0441\u0442\u0435\u0442. \u0411\u0430\u043b\u044c\u043d\u044b\u0435 \u0442\u0430\u043d\u0446\u044b \u0416\u0438\u0442\u043e\u043c\u0438\u0440"},"image":{"@id":"https:\/\/estet.zt.ua\/#\/schema\/logo\/image\/"}}]}},"_links":{"self":[{"href":"https:\/\/estet.zt.ua\/fr\/wp-json\/wp\/v2\/pages\/6492","targetHints":{"allow":["GET"]}}],"collection":[{"href":"https:\/\/estet.zt.ua\/fr\/wp-json\/wp\/v2\/pages"}],"about":[{"href":"https:\/\/estet.zt.ua\/fr\/wp-json\/wp\/v2\/types\/page"}],"author":[{"embeddable":true,"href":"https:\/\/estet.zt.ua\/fr\/wp-json\/wp\/v2\/users\/1"}],"replies":[{"embeddable":true,"href":"https:\/\/estet.zt.ua\/fr\/wp-json\/wp\/v2\/comments?post=6492"}],"version-history":[{"count":2,"href":"https:\/\/estet.zt.ua\/fr\/wp-json\/wp\/v2\/pages\/6492\/revisions"}],"predecessor-version":[{"id":6495,"href":"https:\/\/estet.zt.ua\/fr\/wp-json\/wp\/v2\/pages\/6492\/revisions\/6495"}],"wp:featuredmedia":[{"embeddable":true,"href":"https:\/\/estet.zt.ua\/fr\/wp-json\/wp\/v2\/media\/6493"}],"wp:attachment":[{"href":"https:\/\/estet.zt.ua\/fr\/wp-json\/wp\/v2\/media?parent=6492"}],"curies":[{"name":"wp","href":"https:\/\/api.w.org\/{rel}","templated":true}]}}