{"id":6492,"date":"2023-09-28T16:42:04","date_gmt":"2023-09-28T13:42:04","guid":{"rendered":"https:\/\/estet.zt.ua\/?page_id=6492"},"modified":"2023-09-28T16:42:04","modified_gmt":"2023-09-28T13:42:04","slug":"granit-zhitomir-com","status":"publish","type":"page","link":"https:\/\/estet.zt.ua\/it\/granit-zhitomir-com\/","title":{"rendered":"Monumenti in granito dell'azienda granit-zhitomir.com"},"content":{"rendered":"<h2>1. Introduzione<\/h2>\n<p><a href=\"https:\/\/granit-zhitomir.com\/\">Monumenti in granito dell'azienda granit-zhitomir.com<\/a> - sono prodotti unici e inimitabili, caratterizzati da alta qualit\u00e0 e durata. Rappresentano una procedura di produzione costosa e lunga, per questo sono un simbolo di longevit\u00e0. I monumenti in granito possono essere utilizzati per diversi scopi, tra cui l'installazione in aree festive e in vari luoghi di commemorazione. In questo articolo esamineremo tutti i vantaggi e gli svantaggi dei monumenti in granito di granit-zhitomir.com.<\/p>\n<h2>2. Vantaggi dell'utilizzo del granito per la costruzione di monumenti<\/h2>\n<h3>Durata ed elevata resistenza<\/h3>\n<p>Il granito ha un'elevata resistenza e durabilit\u00e0, che lo rendono ideale per la costruzione di monumenti. Pu\u00f2 sopportare un'esposizione prolungata a condizioni atmosferiche mutevoli come pioggia, neve, nebbia, ecc.<\/p>\n<h3>Prezzo conveniente<\/h3>\n<p>Il granito \u00e8 disponibile a un prezzo accessibile, per questo \u00e8 ideale per la costruzione di monumenti. Ci\u00f2 significa che si possono costruire monumenti in granito senza dover sostenere costi elevati.<\/p>\n<h3>Alta densit\u00e0 e resistenza<\/h3>\n<p>Il granito ha un'elevata densit\u00e0 e durabilit\u00e0, che lo rendono un materiale ideale per la costruzione di monumenti. Pu\u00f2 sopportare un'esposizione prolungata a condizioni atmosferiche mutevoli come pioggia, neve, nebbia, ecc.<\/p>\n<h3>Capacit\u00e0 di elaborazione<\/h3>\n<p>Il granito \u00e8 facilmente lavorabile e pu\u00f2 essere utilizzato per costruire monumenti di varie forme e dimensioni. Questo lo rende un materiale ideale per la costruzione di monumenti in diversi stili.<\/p>\n<h2>3. Vantaggi dell'ordinazione di monumenti in granito presso l'azienda granit-zhitomir.com<\/h2>\n<h3>Professionisti esperti<\/h3>\n<p>Il nostro team comprende specialisti esperti che si occupano professionalmente della produzione di monumenti in granito. Vi offriamo servizi di alta qualit\u00e0 e garantiamo professionalit\u00e0 in tutte le fasi del lavoro.<\/p>\n<h3>Variet\u00e0 di modelli<\/h3>\n<p>Nel nostro assortimento ci sono molti modelli di monumenti in granito. Potrete scegliere il monumento pi\u00f9 adatto a voi per forma e dimensioni. Offriamo ai nostri clienti una variet\u00e0 di opzioni di design e di elementi decorativi.<\/p>\n<h3>Prezzi convenienti<\/h3>\n<p>Prestiamo grande attenzione al rapporto qualit\u00e0-prezzo. Offriamo prezzi accessibili per i monumenti in granito, garantendo allo stesso tempo una lavorazione di qualit\u00e0.<\/p>\n<h3>Rispetto delle scadenze<\/h3>\n<p>Rispettiamo scadenze rigorose e garantiamo l'evasione degli ordini in tempo utile. Offriamo ai nostri clienti un sistema flessibile di sconti e bonus.<\/p>\n<h3>Materiali di qualit\u00e0<\/h3>\n<p>Utilizziamo solo i migliori materiali per la produzione di monumenti in granito. Tutti i nostri prodotti superano un rigoroso controllo di qualit\u00e0 e hanno caratteristiche elevate.<\/p>\n<h2>4. Conclusione<\/h2>\n<p>Nell'articolo sono stati presi in considerazione i monumenti in granito offerti dall'azienda granit-zhitomir.com. La nostra azienda produce monumenti in granito di altissima qualit\u00e0, adatti a qualsiasi luogo e scopo. I nostri monumenti vi serviranno per molti anni e saranno un vero e proprio monumento per i vostri cari.<\/p>\n<p>La nostra azienda offre un'ampia gamma di monumenti in granito per soddisfare ogni stile e preferenza. Garantiamo la qualit\u00e0 e la durata dei nostri prodotti e offriamo prezzi interessanti. I nostri esperti vi aiuteranno a scegliere il monumento in granito pi\u00f9 adatto ai vostri cari.<\/p>\n<p>Se si vuole <a href=\"https:\/\/granit-zhitomir.com\/\">acquistare un monumento in granito, offerto dall'azienda granit-zhitomir.com<\/a>Per ulteriori informazioni, visitate il nostro sito web o contattateci.<\/p>","protected":false},"excerpt":{"rendered":"<p>1. I monumenti in granito dell'azienda granit-zhitomir.com sono prodotti unici e inimitabili, caratterizzati da alta qualit\u00e0 e durata. Rappresentano una procedura di produzione costosa e lunga, quindi sono un simbolo di durata. I monumenti in granito possono essere utilizzati per vari scopi, tra cui l'installazione in occasione di feste [...].<\/p>","protected":false},"author":1,"featured_media":6493,"parent":0,"menu_order":0,"comment_status":"closed","ping_status":"closed","template":"","meta":{"footnotes":""},"class_list":["post-6492","page","type-page","status-publish","has-post-thumbnail","hentry"],"yoast_head":"<!-- This site is optimized with the Yoast SEO plugin v25.2 - https:\/\/yoast.com\/wordpress\/plugins\/seo\/ -->\n<title>\u041f\u0430\u043c\u044f\u0442\u043d\u0438\u043a\u0438 \u0438\u0437 \u0433\u0440\u0430\u043d\u0438\u0442\u0430 \u043e\u0442 \u043a\u043e\u043c\u043f\u0430\u043d\u0438\u0438 granit-zhitomir.com - \u042d\u0441\u0442\u0435\u0442. \u0421\u043f\u043e\u0440\u0442\u0438\u0432\u043d\u044b\u0435 \u0431\u0430\u043b\u044c\u043d\u044b\u0435 \u0442\u0430\u043d\u0446\u044b \u0432 \u0416\u0438\u0442\u043e\u043c\u0438\u0440\u0435.<\/title>\n<meta name=\"robots\" content=\"index, follow, max-snippet:-1, max-image-preview:large, max-video-preview:-1\" \/>\n<link rel=\"canonical\" href=\"https:\/\/estet.zt.ua\/it\/granit-zhitomir-com\/\" \/>\n<meta property=\"og:locale\" content=\"it_IT\" \/>\n<meta property=\"og:type\" content=\"article\" \/>\n<meta property=\"og:title\" content=\"\u041f\u0430\u043c\u044f\u0442\u043d\u0438\u043a\u0438 \u0438\u0437 \u0433\u0440\u0430\u043d\u0438\u0442\u0430 \u043e\u0442 \u043a\u043e\u043c\u043f\u0430\u043d\u0438\u0438 granit-zhitomir.com - \u042d\u0441\u0442\u0435\u0442. \u0421\u043f\u043e\u0440\u0442\u0438\u0432\u043d\u044b\u0435 \u0431\u0430\u043b\u044c\u043d\u044b\u0435 \u0442\u0430\u043d\u0446\u044b \u0432 \u0416\u0438\u0442\u043e\u043c\u0438\u0440\u0435.\" \/>\n<meta property=\"og:description\" content=\"1. \u0412\u0432\u0435\u0434\u0435\u043d\u0438\u0435 \u041f\u0430\u043c\u044f\u0442\u043d\u0438\u043a\u0438 \u0438\u0437 \u0433\u0440\u0430\u043d\u0438\u0442\u0430 \u043e\u0442 \u043a\u043e\u043c\u043f\u0430\u043d\u0438\u0438 granit-zhitomir.com \u2013 \u044d\u0442\u043e \u0443\u043d\u0438\u043a\u0430\u043b\u044c\u043d\u044b\u0435 \u0438 \u043d\u0435\u043f\u043e\u0432\u0442\u043e\u0440\u0438\u043c\u044b\u0435 \u0438\u0437\u0434\u0435\u043b\u0438\u044f, \u043e\u0442\u043b\u0438\u0447\u0430\u044e\u0449\u0438\u0435\u0441\u044f \u0441\u0432\u043e\u0438\u043c \u0432\u044b\u0441\u043e\u043a\u0438\u043c \u043a\u0430\u0447\u0435\u0441\u0442\u0432\u043e\u043c \u0438 \u043f\u0440\u043e\u0447\u043d\u043e\u0441\u0442\u044c\u044e. \u041e\u043d\u0438 \u043f\u0440\u0435\u0434\u0441\u0442\u0430\u0432\u043b\u044f\u044e\u0442 \u0441\u043e\u0431\u043e\u0439 \u0434\u043e\u0440\u043e\u0433\u0443\u044e \u0438 \u0434\u043b\u0438\u0442\u0435\u043b\u044c\u043d\u0443\u044e \u043f\u0440\u043e\u0446\u0435\u0434\u0443\u0440\u0443 \u0438\u0437\u0433\u043e\u0442\u043e\u0432\u043b\u0435\u043d\u0438\u044f, \u043f\u043e\u044d\u0442\u043e\u043c\u0443 \u043e\u043d\u0438 \u044f\u0432\u043b\u044f\u044e\u0442\u0441\u044f \u0441\u0438\u043c\u0432\u043e\u043b\u043e\u043c \u0434\u043e\u043b\u0433\u043e\u0432\u0435\u0447\u043d\u043e\u0441\u0442\u0438. \u041f\u0430\u043c\u044f\u0442\u043d\u0438\u043a\u0438 \u0438\u0437 \u0433\u0440\u0430\u043d\u0438\u0442\u0430 \u043c\u043e\u0433\u0443\u0442 \u0438\u0441\u043f\u043e\u043b\u044c\u0437\u043e\u0432\u0430\u0442\u044c\u0441\u044f \u0434\u043b\u044f \u0440\u0430\u0437\u043b\u0438\u0447\u043d\u044b\u0445 \u0446\u0435\u043b\u0435\u0439, \u0432\u043a\u043b\u044e\u0447\u0430\u044f \u0443\u0441\u0442\u0430\u043d\u043e\u0432\u043a\u0443 \u043d\u0430 \u043f\u0440\u0430\u0437\u0434\u043d\u0438\u0447\u043d\u044b\u0435 [&hellip;]\" \/>\n<meta property=\"og:url\" content=\"https:\/\/estet.zt.ua\/it\/granit-zhitomir-com\/\" \/>\n<meta property=\"og:site_name\" content=\"\u042d\u0441\u0442\u0435\u0442. \u0421\u043f\u043e\u0440\u0442\u0438\u0432\u043d\u044b\u0435 \u0431\u0430\u043b\u044c\u043d\u044b\u0435 \u0442\u0430\u043d\u0446\u044b \u0432 \u0416\u0438\u0442\u043e\u043c\u0438\u0440\u0435.\" \/>\n<meta property=\"og:image\" content=\"https:\/\/estet.zt.ua\/wp-content\/uploads\/2023\/09\/logo-bw.jpg\" \/>\n\t<meta property=\"og:image:width\" content=\"960\" \/>\n\t<meta property=\"og:image:height\" content=\"768\" \/>\n\t<meta property=\"og:image:type\" content=\"image\/jpeg\" \/>\n<meta name=\"twitter:card\" content=\"summary_large_image\" \/>\n<meta name=\"twitter:label1\" content=\"Tempo di lettura stimato\" \/>\n\t<meta name=\"twitter:data1\" content=\"2 minuti\" \/>\n<script type=\"application\/ld+json\" class=\"yoast-schema-graph\">{\"@context\":\"https:\/\/schema.org\",\"@graph\":[{\"@type\":\"WebPage\",\"@id\":\"https:\/\/estet.zt.ua\/granit-zhitomir-com\/\",\"url\":\"https:\/\/estet.zt.ua\/granit-zhitomir-com\/\",\"name\":\"\u041f\u0430\u043c\u044f\u0442\u043d\u0438\u043a\u0438 \u0438\u0437 \u0433\u0440\u0430\u043d\u0438\u0442\u0430 \u043e\u0442 \u043a\u043e\u043c\u043f\u0430\u043d\u0438\u0438 granit-zhitomir.com - \u042d\u0441\u0442\u0435\u0442. \u0421\u043f\u043e\u0440\u0442\u0438\u0432\u043d\u044b\u0435 \u0431\u0430\u043b\u044c\u043d\u044b\u0435 \u0442\u0430\u043d\u0446\u044b \u0432 \u0416\u0438\u0442\u043e\u043c\u0438\u0440\u0435.\",\"isPartOf\":{\"@id\":\"https:\/\/estet.zt.ua\/#website\"},\"primaryImageOfPage\":{\"@id\":\"https:\/\/estet.zt.ua\/granit-zhitomir-com\/#primaryimage\"},\"image\":{\"@id\":\"https:\/\/estet.zt.ua\/granit-zhitomir-com\/#primaryimage\"},\"thumbnailUrl\":\"https:\/\/estet.zt.ua\/wp-content\/uploads\/2023\/09\/logo-bw.jpg\",\"datePublished\":\"2023-09-28T13:42:04+00:00\",\"breadcrumb\":{\"@id\":\"https:\/\/estet.zt.ua\/granit-zhitomir-com\/#breadcrumb\"},\"inLanguage\":\"it-IT\",\"potentialAction\":[{\"@type\":\"ReadAction\",\"target\":[\"https:\/\/estet.zt.ua\/granit-zhitomir-com\/\"]}]},{\"@type\":\"ImageObject\",\"inLanguage\":\"it-IT\",\"@id\":\"https:\/\/estet.zt.ua\/granit-zhitomir-com\/#primaryimage\",\"url\":\"https:\/\/estet.zt.ua\/wp-content\/uploads\/2023\/09\/logo-bw.jpg\",\"contentUrl\":\"https:\/\/estet.zt.ua\/wp-content\/uploads\/2023\/09\/logo-bw.jpg\",\"width\":960,\"height\":768},{\"@type\":\"BreadcrumbList\",\"@id\":\"https:\/\/estet.zt.ua\/granit-zhitomir-com\/#breadcrumb\",\"itemListElement\":[{\"@type\":\"ListItem\",\"position\":1,\"name\":\"\u0413\u043b\u0430\u0432\u043d\u0430\u044f \u0441\u0442\u0440\u0430\u043d\u0438\u0446\u0430\",\"item\":\"https:\/\/estet.zt.ua\/\"},{\"@type\":\"ListItem\",\"position\":2,\"name\":\"\u041f\u0430\u043c\u044f\u0442\u043d\u0438\u043a\u0438 \u0438\u0437 \u0433\u0440\u0430\u043d\u0438\u0442\u0430 \u043e\u0442 \u043a\u043e\u043c\u043f\u0430\u043d\u0438\u0438 granit-zhitomir.com\"}]},{\"@type\":\"WebSite\",\"@id\":\"https:\/\/estet.zt.ua\/#website\",\"url\":\"https:\/\/estet.zt.ua\/\",\"name\":\"\u042d\u0441\u0442\u0435\u0442. \u0421\u043f\u043e\u0440\u0442\u0438\u0432\u043d\u044b\u0435 \u0431\u0430\u043b\u044c\u043d\u044b\u0435 \u0442\u0430\u043d\u0446\u044b \u0432 \u0416\u0438\u0442\u043e\u043c\u0438\u0440\u0435.\",\"description\":\"\u0421\u043f\u043e\u0440\u0442\u0438\u0432\u043d\u044b\u0435 \u0431\u0430\u043b\u044c\u043d\u044b\u0435 \u0442\u0430\u043d\u0446\u044b \u0432 \u0416\u0438\u0442\u043e\u043c\u0438\u0440\u0435\",\"publisher\":{\"@id\":\"https:\/\/estet.zt.ua\/#organization\"},\"potentialAction\":[{\"@type\":\"SearchAction\",\"target\":{\"@type\":\"EntryPoint\",\"urlTemplate\":\"https:\/\/estet.zt.ua\/?s={search_term_string}\"},\"query-input\":{\"@type\":\"PropertyValueSpecification\",\"valueRequired\":true,\"valueName\":\"search_term_string\"}}],\"inLanguage\":\"it-IT\"},{\"@type\":\"Organization\",\"@id\":\"https:\/\/estet.zt.ua\/#organization\",\"name\":\"\u042d\u0441\u0442\u0435\u0442. \u0411\u0430\u043b\u044c\u043d\u044b\u0435 \u0442\u0430\u043d\u0446\u044b \u0416\u0438\u0442\u043e\u043c\u0438\u0440\",\"url\":\"https:\/\/estet.zt.ua\/\",\"logo\":{\"@type\":\"ImageObject\",\"inLanguage\":\"it-IT\",\"@id\":\"https:\/\/estet.zt.ua\/#\/schema\/logo\/image\/\",\"url\":\"https:\/\/estet.zt.ua\/wp-content\/uploads\/2020\/01\/logoestet.png\",\"contentUrl\":\"https:\/\/estet.zt.ua\/wp-content\/uploads\/2020\/01\/logoestet.png\",\"width\":300,\"height\":100,\"caption\":\"\u042d\u0441\u0442\u0435\u0442. \u0411\u0430\u043b\u044c\u043d\u044b\u0435 \u0442\u0430\u043d\u0446\u044b \u0416\u0438\u0442\u043e\u043c\u0438\u0440\"},\"image\":{\"@id\":\"https:\/\/estet.zt.ua\/#\/schema\/logo\/image\/\"}}]}<\/script>\n<!-- \/ Yoast SEO plugin. -->","yoast_head_json":{"title":"\u041f\u0430\u043c\u044f\u0442\u043d\u0438\u043a\u0438 \u0438\u0437 \u0433\u0440\u0430\u043d\u0438\u0442\u0430 \u043e\u0442 \u043a\u043e\u043c\u043f\u0430\u043d\u0438\u0438 granit-zhitomir.com - \u042d\u0441\u0442\u0435\u0442. \u0421\u043f\u043e\u0440\u0442\u0438\u0432\u043d\u044b\u0435 \u0431\u0430\u043b\u044c\u043d\u044b\u0435 \u0442\u0430\u043d\u0446\u044b \u0432 \u0416\u0438\u0442\u043e\u043c\u0438\u0440\u0435.","robots":{"index":"index","follow":"follow","max-snippet":"max-snippet:-1","max-image-preview":"max-image-preview:large","max-video-preview":"max-video-preview:-1"},"canonical":"https:\/\/estet.zt.ua\/it\/granit-zhitomir-com\/","og_locale":"it_IT","og_type":"article","og_title":"\u041f\u0430\u043c\u044f\u0442\u043d\u0438\u043a\u0438 \u0438\u0437 \u0433\u0440\u0430\u043d\u0438\u0442\u0430 \u043e\u0442 \u043a\u043e\u043c\u043f\u0430\u043d\u0438\u0438 granit-zhitomir.com - \u042d\u0441\u0442\u0435\u0442. \u0421\u043f\u043e\u0440\u0442\u0438\u0432\u043d\u044b\u0435 \u0431\u0430\u043b\u044c\u043d\u044b\u0435 \u0442\u0430\u043d\u0446\u044b \u0432 \u0416\u0438\u0442\u043e\u043c\u0438\u0440\u0435.","og_description":"1. \u0412\u0432\u0435\u0434\u0435\u043d\u0438\u0435 \u041f\u0430\u043c\u044f\u0442\u043d\u0438\u043a\u0438 \u0438\u0437 \u0433\u0440\u0430\u043d\u0438\u0442\u0430 \u043e\u0442 \u043a\u043e\u043c\u043f\u0430\u043d\u0438\u0438 granit-zhitomir.com \u2013 \u044d\u0442\u043e \u0443\u043d\u0438\u043a\u0430\u043b\u044c\u043d\u044b\u0435 \u0438 \u043d\u0435\u043f\u043e\u0432\u0442\u043e\u0440\u0438\u043c\u044b\u0435 \u0438\u0437\u0434\u0435\u043b\u0438\u044f, \u043e\u0442\u043b\u0438\u0447\u0430\u044e\u0449\u0438\u0435\u0441\u044f \u0441\u0432\u043e\u0438\u043c \u0432\u044b\u0441\u043e\u043a\u0438\u043c \u043a\u0430\u0447\u0435\u0441\u0442\u0432\u043e\u043c \u0438 \u043f\u0440\u043e\u0447\u043d\u043e\u0441\u0442\u044c\u044e. \u041e\u043d\u0438 \u043f\u0440\u0435\u0434\u0441\u0442\u0430\u0432\u043b\u044f\u044e\u0442 \u0441\u043e\u0431\u043e\u0439 \u0434\u043e\u0440\u043e\u0433\u0443\u044e \u0438 \u0434\u043b\u0438\u0442\u0435\u043b\u044c\u043d\u0443\u044e \u043f\u0440\u043e\u0446\u0435\u0434\u0443\u0440\u0443 \u0438\u0437\u0433\u043e\u0442\u043e\u0432\u043b\u0435\u043d\u0438\u044f, \u043f\u043e\u044d\u0442\u043e\u043c\u0443 \u043e\u043d\u0438 \u044f\u0432\u043b\u044f\u044e\u0442\u0441\u044f \u0441\u0438\u043c\u0432\u043e\u043b\u043e\u043c \u0434\u043e\u043b\u0433\u043e\u0432\u0435\u0447\u043d\u043e\u0441\u0442\u0438. \u041f\u0430\u043c\u044f\u0442\u043d\u0438\u043a\u0438 \u0438\u0437 \u0433\u0440\u0430\u043d\u0438\u0442\u0430 \u043c\u043e\u0433\u0443\u0442 \u0438\u0441\u043f\u043e\u043b\u044c\u0437\u043e\u0432\u0430\u0442\u044c\u0441\u044f \u0434\u043b\u044f \u0440\u0430\u0437\u043b\u0438\u0447\u043d\u044b\u0445 \u0446\u0435\u043b\u0435\u0439, \u0432\u043a\u043b\u044e\u0447\u0430\u044f \u0443\u0441\u0442\u0430\u043d\u043e\u0432\u043a\u0443 \u043d\u0430 \u043f\u0440\u0430\u0437\u0434\u043d\u0438\u0447\u043d\u044b\u0435 [&hellip;]","og_url":"https:\/\/estet.zt.ua\/it\/granit-zhitomir-com\/","og_site_name":"\u042d\u0441\u0442\u0435\u0442. \u0421\u043f\u043e\u0440\u0442\u0438\u0432\u043d\u044b\u0435 \u0431\u0430\u043b\u044c\u043d\u044b\u0435 \u0442\u0430\u043d\u0446\u044b \u0432 \u0416\u0438\u0442\u043e\u043c\u0438\u0440\u0435.","og_image":[{"width":960,"height":768,"url":"https:\/\/estet.zt.ua\/wp-content\/uploads\/2023\/09\/logo-bw.jpg","type":"image\/jpeg"}],"twitter_card":"summary_large_image","twitter_misc":{"Tempo di lettura stimato":"2 minuti"},"schema":{"@context":"https:\/\/schema.org","@graph":[{"@type":"WebPage","@id":"https:\/\/estet.zt.ua\/granit-zhitomir-com\/","url":"https:\/\/estet.zt.ua\/granit-zhitomir-com\/","name":"\u041f\u0430\u043c\u044f\u0442\u043d\u0438\u043a\u0438 \u0438\u0437 \u0433\u0440\u0430\u043d\u0438\u0442\u0430 \u043e\u0442 \u043a\u043e\u043c\u043f\u0430\u043d\u0438\u0438 granit-zhitomir.com - \u042d\u0441\u0442\u0435\u0442. \u0421\u043f\u043e\u0440\u0442\u0438\u0432\u043d\u044b\u0435 \u0431\u0430\u043b\u044c\u043d\u044b\u0435 \u0442\u0430\u043d\u0446\u044b \u0432 \u0416\u0438\u0442\u043e\u043c\u0438\u0440\u0435.","isPartOf":{"@id":"https:\/\/estet.zt.ua\/#website"},"primaryImageOfPage":{"@id":"https:\/\/estet.zt.ua\/granit-zhitomir-com\/#primaryimage"},"image":{"@id":"https:\/\/estet.zt.ua\/granit-zhitomir-com\/#primaryimage"},"thumbnailUrl":"https:\/\/estet.zt.ua\/wp-content\/uploads\/2023\/09\/logo-bw.jpg","datePublished":"2023-09-28T13:42:04+00:00","breadcrumb":{"@id":"https:\/\/estet.zt.ua\/granit-zhitomir-com\/#breadcrumb"},"inLanguage":"it-IT","potentialAction":[{"@type":"ReadAction","target":["https:\/\/estet.zt.ua\/granit-zhitomir-com\/"]}]},{"@type":"ImageObject","inLanguage":"it-IT","@id":"https:\/\/estet.zt.ua\/granit-zhitomir-com\/#primaryimage","url":"https:\/\/estet.zt.ua\/wp-content\/uploads\/2023\/09\/logo-bw.jpg","contentUrl":"https:\/\/estet.zt.ua\/wp-content\/uploads\/2023\/09\/logo-bw.jpg","width":960,"height":768},{"@type":"BreadcrumbList","@id":"https:\/\/estet.zt.ua\/granit-zhitomir-com\/#breadcrumb","itemListElement":[{"@type":"ListItem","position":1,"name":"\u0413\u043b\u0430\u0432\u043d\u0430\u044f \u0441\u0442\u0440\u0430\u043d\u0438\u0446\u0430","item":"https:\/\/estet.zt.ua\/"},{"@type":"ListItem","position":2,"name":"\u041f\u0430\u043c\u044f\u0442\u043d\u0438\u043a\u0438 \u0438\u0437 \u0433\u0440\u0430\u043d\u0438\u0442\u0430 \u043e\u0442 \u043a\u043e\u043c\u043f\u0430\u043d\u0438\u0438 granit-zhitomir.com"}]},{"@type":"WebSite","@id":"https:\/\/estet.zt.ua\/#website","url":"https:\/\/estet.zt.ua\/","name":"\u042d\u0441\u0442\u0435\u0442. \u0421\u043f\u043e\u0440\u0442\u0438\u0432\u043d\u044b\u0435 \u0431\u0430\u043b\u044c\u043d\u044b\u0435 \u0442\u0430\u043d\u0446\u044b \u0432 \u0416\u0438\u0442\u043e\u043c\u0438\u0440\u0435.","description":"\u0421\u043f\u043e\u0440\u0442\u0438\u0432\u043d\u044b\u0435 \u0431\u0430\u043b\u044c\u043d\u044b\u0435 \u0442\u0430\u043d\u0446\u044b \u0432 \u0416\u0438\u0442\u043e\u043c\u0438\u0440\u0435","publisher":{"@id":"https:\/\/estet.zt.ua\/#organization"},"potentialAction":[{"@type":"SearchAction","target":{"@type":"EntryPoint","urlTemplate":"https:\/\/estet.zt.ua\/?s={search_term_string}"},"query-input":{"@type":"PropertyValueSpecification","valueRequired":true,"valueName":"search_term_string"}}],"inLanguage":"it-IT"},{"@type":"Organization","@id":"https:\/\/estet.zt.ua\/#organization","name":"\u042d\u0441\u0442\u0435\u0442. \u0411\u0430\u043b\u044c\u043d\u044b\u0435 \u0442\u0430\u043d\u0446\u044b \u0416\u0438\u0442\u043e\u043c\u0438\u0440","url":"https:\/\/estet.zt.ua\/","logo":{"@type":"ImageObject","inLanguage":"it-IT","@id":"https:\/\/estet.zt.ua\/#\/schema\/logo\/image\/","url":"https:\/\/estet.zt.ua\/wp-content\/uploads\/2020\/01\/logoestet.png","contentUrl":"https:\/\/estet.zt.ua\/wp-content\/uploads\/2020\/01\/logoestet.png","width":300,"height":100,"caption":"\u042d\u0441\u0442\u0435\u0442. \u0411\u0430\u043b\u044c\u043d\u044b\u0435 \u0442\u0430\u043d\u0446\u044b \u0416\u0438\u0442\u043e\u043c\u0438\u0440"},"image":{"@id":"https:\/\/estet.zt.ua\/#\/schema\/logo\/image\/"}}]}},"_links":{"self":[{"href":"https:\/\/estet.zt.ua\/it\/wp-json\/wp\/v2\/pages\/6492","targetHints":{"allow":["GET"]}}],"collection":[{"href":"https:\/\/estet.zt.ua\/it\/wp-json\/wp\/v2\/pages"}],"about":[{"href":"https:\/\/estet.zt.ua\/it\/wp-json\/wp\/v2\/types\/page"}],"author":[{"embeddable":true,"href":"https:\/\/estet.zt.ua\/it\/wp-json\/wp\/v2\/users\/1"}],"replies":[{"embeddable":true,"href":"https:\/\/estet.zt.ua\/it\/wp-json\/wp\/v2\/comments?post=6492"}],"version-history":[{"count":2,"href":"https:\/\/estet.zt.ua\/it\/wp-json\/wp\/v2\/pages\/6492\/revisions"}],"predecessor-version":[{"id":6495,"href":"https:\/\/estet.zt.ua\/it\/wp-json\/wp\/v2\/pages\/6492\/revisions\/6495"}],"wp:featuredmedia":[{"embeddable":true,"href":"https:\/\/estet.zt.ua\/it\/wp-json\/wp\/v2\/media\/6493"}],"wp:attachment":[{"href":"https:\/\/estet.zt.ua\/it\/wp-json\/wp\/v2\/media?parent=6492"}],"curies":[{"name":"wp","href":"https:\/\/api.w.org\/{rel}","templated":true}]}}