{"id":6496,"date":"2023-10-01T18:00:44","date_gmt":"2023-10-01T15:00:44","guid":{"rendered":"https:\/\/estet.zt.ua\/?page_id=6496"},"modified":"2023-10-01T18:03:30","modified_gmt":"2023-10-01T15:03:30","slug":"kvartira-zhitomir-ua","status":"publish","type":"page","link":"https:\/\/estet.zt.ua\/it\/kvartira-zhitomir-ua\/","title":{"rendered":"Acquistare un appartamento a Zhytomyr"},"content":{"rendered":"<h2>1. Motivi per acquistare un appartamento a Zhytomyr\u0456<\/h2>\n<h3>Alto livello di sicurezza<\/h3>\n<p>Zhytomyr ha un alto livello di sicurezza, che permette ai proprietari di appartamenti di essere tranquilli riguardo alla loro propriet\u00e0.<\/p>\n<h3>Prezzi bassi<\/h3>\n<p><a href=\"https:\/\/kvartira.zhitomir.ua\/\">Prezzi delle case a Zhitomiri<\/a> rimangono bassi rispetto ad altre citt\u00e0 ucraine. Questo permette di acquistare un appartamento a un prezzo decente.<\/p>\n<h3>Ampia gamma di appartamenti<\/h3>\n<p>A Zhytomyr c'\u00e8 una vasta gamma di appartamenti, che si differenziano per dimensioni, posizione, livello di servizi e altri parametri.<\/p>\n<h3>Sviluppo dell'infrastruttura<\/h3>\n<p>Zhytomyr si sta sviluppando rapidamente, vengono aperti nuovi negozi, bar, caff\u00e8, centri culturali e altri luoghi che soddisfano le esigenze dei residenti.<\/p>\n<h2><a href=\"https:\/\/kvartira.zhitomir.ua\/\">2. Cercate gli appartamenti sul sito web kvartira.zhitomir.ua.<\/a><\/h2>\n<p>Kvartira.zhitomir.ua \u00e8 un sito internet che aiuta a trovare l'appartamento giusto a Zhitomir. Sul sito \u00e8 possibile trasformare l'appartamento desiderato in base a una serie di parametri: zona, area, numero di stanze, prezzo, pianificazione, materiale di costruzione e altri. La ricerca di un appartamento sul sito \u00e8 molto facile e semplice.<\/p>\n<h3>2.1 Registrazione sul sito<\/h3>\n<p>Per avviare una ricerca piatta sul sito web kvartira.zhitomir.ua, \u00e8 necessario registrarsi. Per farlo, nella pagina principale del sito \u00e8 necessario cliccare sul pulsante \"Registrati\". Quindi \u00e8 necessario compilare il modulo con i dati: e-mail, password, conferma della password e cos\u00ec via. Dopo l'avvenuta registrazione \u00e8 possibile iniziare la ricerca.<\/p>\n<h3>2.2 Poshuk kvartiri<\/h3>\n<p>Per iniziare la ricerca di un appartamento sul sito web, andare alla scheda \"Ricerca\". Qui \u00e8 possibile impostare i parametri di ricerca: quartiere, zona, numero di stanze, prezzo, pianificazione, materiale di costruzione e altri. Una volta impostati tutti i parametri, si pu\u00f2 premere il pulsante \"Shukati\". Tutti gli appartamenti adatti saranno visualizzati sulla pagina. \u00c8 inoltre possibile visualizzare informazioni dettagliate su ciascun appartamento accedendo alla relativa pagina.<\/p>\n<h3>2.3 Contattare il venditore<\/h3>\n<p>Se avete trovato un appartamento adatto, potete contattare il venditore. I contatti del venditore sono elencati nella pagina dell'appartamento. Potete anche inviare un messaggio al venditore utilizzando il modulo presente nella pagina dell'appartamento. Il venditore risponder\u00e0 sicuramente al vostro messaggio e <a href=\"https:\/\/kvartira.zhitomir.ua\/\">vi aiuter\u00e0 ad acquistare un appartamento a Zhytomyr\u0456<\/a>.<\/p>\n<h2>3. parametri di base della ricerca piatta<\/h2>\n<h3>3.1 Il quartiere<\/h3>\n<p>La ricerca di un appartamento a Zhytomyr pu\u00f2 iniziare scegliendo un quartiere. Il sito web kvartira.zhitomir.ua presenta tutti i quartieri della citt\u00e0.<\/p>\n<h3>3.2 Prezzo<\/h3>\n<p>Per la ricerca di un appartamento in base al prezzo sul sito kvartira.zhitomir.ua \u00e8 possibile utilizzare dei filtri. \u00c8 possibile specificare l'intervallo di prezzi per la ricerca di un appartamento.<\/p>\n<h3>3.3 Dimensioni<\/h3>\n<p>Sul sito web kvartira.zhitomir.ua \u00e8 possibile trovare anche un appartamento per la densit\u00e0. Potete specificare la dimensione dell'appartamento che fa per voi.<\/p>\n<h3>3.4 Parametri aggiuntivi<\/h3>\n<p>Sul sito web kvartira.zhitomir.ua \u00e8 possibile trovare un appartamento con parametri aggiuntivi. \u00c8 possibile specificare il numero di stanze, la superficie, il materiale di costruzione, la metropolitana e altro ancora.<\/p>\n<h2>4. Zagalna caratteristica dell'appartamento<\/h2>\n<h3>Roztashuvannya<\/h3>\n<p>L'appartamento si trova nel centro di Zhitomir. La distanza dal negozio, dal ristorante e dal cinema pi\u00f9 vicini \u00e8 inferiore a un chilometro.<\/p>\n<h3>Numero di camere<\/h3>\n<p>L'appartamento \u00e8 composto da due camere da letto, soggiorno, cucina, ingresso e bagno.<\/p>\n<h3>Quadrato<\/h3>\n<p>La superficie dell'appartamento diventa di 55 m\u00b2.<\/p>\n<h3>Condizioni della camera<\/h3>\n<p>L'appartamento viene venduto nello stato di \"come\". Tutti i locali sono in fase di ristrutturazione, il che consente agli acquirenti di iniziare a vivere in un appartamento nuovo senza costi aggiuntivi.<\/p>\n<h2>5. Prezzo dell'appartamento e condizioni di acquisto<\/h2>\n<h3>Prezzo fisso<\/h3>\n<p>I prezzi degli appartamenti a Zhytomyr dipendono dalla posizione, dalla zona, dal numero di stanze e da altri fattori. In generale, i prezzi degli appartamenti a Zhytomyr partono da $20.000 e possono arrivare fino a $100.000. \u00c8 anche possibile acquistare un appartamento a un prezzo vantaggioso attraverso un'asta.<\/p>\n<h3>Shopping intelligente<\/h3>\n<p>Per acquistare un appartamento a Zhytomyr, \u00e8 necessario registrarsi sul sito e seguire la procedura di verifica dei dati. Dopo la registrazione \u00e8 possibile scegliere l'appartamento desiderato e seguire la procedura di acquisto. \u00c8 possibile pagare con carta di credito o carta bancaria. Dopo l'acquisto, \u00e8 necessario ottenere i documenti di propriet\u00e0 dell'immobile.<\/p>\n<h2>6. Vantaggi della scelta di un appartamento a Zhitomiri<\/h2>\n<h3>6.1 Posizione visibile<\/h3>\n<p>Zhytomyr \u00e8 una delle citt\u00e0 pi\u00f9 grandi dell'Ucraina. Ci\u00f2 consente l'accesso a vari servizi e stabilimenti su tutti i suoi territori. Questo permette agli acquirenti di appartamenti a Zhytomyr di avere accesso a negozi, bar, banche, fermate dell'autobus e altri servizi.<\/p>\n<h3>6.2 Prezzi economici<\/h3>\n<p>I prezzi degli appartamenti a Zhytomyr sono significativamente pi\u00f9 bassi rispetto a quelli di Kiev e Ivano-Frankivsk. Ci\u00f2 consente agli acquirenti di appartamenti a Zhytomyr di risparmiare sull'acquisto di un edificio.<\/p>\n<h3>6.3 Ampia gamma di appartamenti<\/h3>\n<p>A Zhytomyr ci sono molte varianti di appartamenti per tutte le tasche. Utilizzando il sito web kvartira.zhitomir.ua \u00e8 possibile trovare numerose offerte a prezzi accessibili. C'\u00e8 anche la possibilit\u00e0 di cercare un appartamento in qualsiasi zona della citt\u00e0.<\/p>\n<h3>6.4 Alta qualit\u00e0 dei servizi<\/h3>\n<p>A Zhytomyr ci sono molti broker e agenzie che forniscono servizi di vendita e affitto di appartamenti. Lavorano con agenti professionisti che vi aiuteranno a trovare la migliore offerta per il vostro appartamento.<\/p>\n<h2>7. Consigli per l'acquisto di un appartamento a Zhitomiri<\/h2>\n<h3>Verifica della correttezza dei documenti<\/h3>\n<p>Prima di acquistare un appartamento a Zhytomyr, \u00e8 necessario verificare che tutti i documenti forniti dal venditore siano veritieri. \u00c8 importante verificare la correttezza dei dati relativi ai diritti di propriet\u00e0, alla superficie dell'appartamento e a tutti gli altri indicatori.<\/p>\n<h3>Familiarizzazione con l'ambiente<\/h3>\n<p>Prima di acquistare un appartamento a Zhytomyr, \u00e8 necessario familiarizzare con la zona circostante. \u00c8 importante scoprire se nelle vicinanze ci sono scuole, farmacie, supermercati e altre strutture socialmente importanti.<\/p>\n<h3>Servizio Obrannya profiyno\u0457 per la vendita di beni immobili<\/h3>\n<p>Per acquistare un appartamento a Zhytomyr \u00e8 necessario rivolgersi a un servizio professionale per la vendita di immobili. Questo servizio vi aiuter\u00e0 a risparmiare tempo e a garantire l'autenticit\u00e0 della vendita.<\/p>\n<h3>Verifica delle condizioni igienico-sanitarie dell'appartamento<\/h3>\n<p>Prima di acquistare un appartamento a Zhytomyr \u00e8 necessario verificarne le condizioni sanitarie. \u00c8 importante verificare se ci sono problemi con l'approvvigionamento idrico, l'impianto elettrico e altri sistemi.<\/p>","protected":false},"excerpt":{"rendered":"<p>1. Motivi per acquistare un appartamento a Zhytomyr Alto livello di sicurezza Zhytomyr ha un alto livello di sicurezza, che permette ai proprietari di appartamenti di essere tranquilli riguardo alla loro propriet\u00e0. Prezzi bassi I prezzi delle abitazioni a Zhytomyr rimangono bassi rispetto ad altre citt\u00e0 ucraine. Questo permette di acquistare un appartamento a un prezzo decente. [...]<\/p>","protected":false},"author":1,"featured_media":6497,"parent":0,"menu_order":0,"comment_status":"closed","ping_status":"closed","template":"","meta":{"footnotes":""},"class_list":["post-6496","page","type-page","status-publish","has-post-thumbnail","hentry"],"yoast_head":"<!-- This site is optimized with the Yoast SEO plugin v25.2 - https:\/\/yoast.com\/wordpress\/plugins\/seo\/ -->\n<title>\u041a\u0443\u043f\u0438\u0442\u0438 \u043a\u0432\u0430\u0440\u0442\u0438\u0440\u0443 \u0432 \u0416\u0438\u0442\u043e\u043c\u0438\u0440\u0456 - \u042d\u0441\u0442\u0435\u0442. \u0421\u043f\u043e\u0440\u0442\u0438\u0432\u043d\u044b\u0435 \u0431\u0430\u043b\u044c\u043d\u044b\u0435 \u0442\u0430\u043d\u0446\u044b \u0432 \u0416\u0438\u0442\u043e\u043c\u0438\u0440\u0435.<\/title>\n<meta name=\"robots\" content=\"index, follow, max-snippet:-1, max-image-preview:large, max-video-preview:-1\" \/>\n<link rel=\"canonical\" href=\"https:\/\/estet.zt.ua\/it\/kvartira-zhitomir-ua\/\" \/>\n<meta property=\"og:locale\" content=\"it_IT\" \/>\n<meta property=\"og:type\" content=\"article\" \/>\n<meta property=\"og:title\" content=\"\u041a\u0443\u043f\u0438\u0442\u0438 \u043a\u0432\u0430\u0440\u0442\u0438\u0440\u0443 \u0432 \u0416\u0438\u0442\u043e\u043c\u0438\u0440\u0456 - \u042d\u0441\u0442\u0435\u0442. \u0421\u043f\u043e\u0440\u0442\u0438\u0432\u043d\u044b\u0435 \u0431\u0430\u043b\u044c\u043d\u044b\u0435 \u0442\u0430\u043d\u0446\u044b \u0432 \u0416\u0438\u0442\u043e\u043c\u0438\u0440\u0435.\" \/>\n<meta property=\"og:description\" content=\"1. \u041f\u0440\u0438\u0447\u0438\u043d\u0438 \u043a\u0443\u043f\u0456\u0432\u043b\u0456 \u043a\u0432\u0430\u0440\u0442\u0438\u0440\u0438 \u0432 \u0416\u0438\u0442\u043e\u043c\u0438\u0440\u0456 \u0412\u0438\u0441\u043e\u043a\u0438\u0439 \u0440\u0456\u0432\u0435\u043d\u044c \u0431\u0435\u0437\u043f\u0435\u043a\u0438 \u0416\u0438\u0442\u043e\u043c\u0438\u0440 \u043c\u0430\u0454 \u0432\u0438\u0441\u043e\u043a\u0438\u0439 \u0440\u0456\u0432\u0435\u043d\u044c \u0431\u0435\u0437\u043f\u0435\u043a\u0438, \u0449\u043e \u0434\u043e\u0437\u0432\u043e\u043b\u044f\u0454 \u0432\u043b\u0430\u0441\u043d\u0438\u043a\u0430\u043c \u043a\u0432\u0430\u0440\u0442\u0438\u0440 \u0431\u0443\u0442\u0438 \u0441\u043f\u043e\u043a\u0456\u0439\u043d\u0438\u043c\u0438 \u043f\u0440\u043e \u0441\u0432\u043e\u0454 \u043c\u0430\u0439\u043d\u043e. \u041d\u0435\u0432\u0438\u0441\u043e\u043a\u0456 \u0446\u0456\u043d\u0438 \u0426\u0456\u043d\u0438 \u043d\u0430 \u0436\u0438\u0442\u043b\u043e \u0432 \u0416\u0438\u0442\u043e\u043c\u0438\u0440\u0456 \u0437\u0430\u043b\u0438\u0448\u0430\u044e\u0442\u044c\u0441\u044f \u043d\u0435\u0432\u0438\u0441\u043e\u043a\u0438\u043c\u0438 \u0443 \u043f\u043e\u0440\u0456\u0432\u043d\u044f\u043d\u043d\u0456 \u0437 \u0456\u043d\u0448\u0438\u043c\u0438 \u0443\u043a\u0440\u0430\u0457\u043d\u0441\u044c\u043a\u0438\u043c\u0438 \u043c\u0456\u0441\u0442\u0430\u043c\u0438. \u0426\u0435 \u0434\u043e\u0437\u0432\u043e\u043b\u044f\u0454 \u043f\u0440\u0438\u0434\u0431\u0430\u0442\u0438 \u043a\u0432\u0430\u0440\u0442\u0438\u0440\u0443 \u0437\u0430 \u043f\u0440\u0438\u0432\u0430\u0431\u043b\u0438\u0432\u043e\u044e \u0446\u0456\u043d\u043e\u044e. [&hellip;]\" \/>\n<meta property=\"og:url\" content=\"https:\/\/estet.zt.ua\/it\/kvartira-zhitomir-ua\/\" \/>\n<meta property=\"og:site_name\" content=\"\u042d\u0441\u0442\u0435\u0442. \u0421\u043f\u043e\u0440\u0442\u0438\u0432\u043d\u044b\u0435 \u0431\u0430\u043b\u044c\u043d\u044b\u0435 \u0442\u0430\u043d\u0446\u044b \u0432 \u0416\u0438\u0442\u043e\u043c\u0438\u0440\u0435.\" \/>\n<meta property=\"article:modified_time\" content=\"2023-10-01T15:03:30+00:00\" \/>\n<meta property=\"og:image\" content=\"https:\/\/estet.zt.ua\/wp-content\/uploads\/2023\/10\/FireShot-Capture-024-\u041a\u0432\u0430\u0440\u0442\u0438\u0440\u0438-\u0432-\u0416\u0438\u0442\u043e\u043c\u0438\u0440\u0456.-\u041d\u0435\u0440\u0443\u0445\u043e\u043c\u0456\u0441\u0442\u044c-\u0416\u0438\u0442\u043e\u043c\u0438\u0440\u0430_-\u043a\u0443\u043f\u0438\u0442\u0438-\u043a\u0432\u0430\u0440\u0442\u0438\u0440\u0443-\u0431\u0443\u0434\u0438\u043d\u043e\u043a-_-kvartira.zhitomir.ua_.png\" \/>\n\t<meta property=\"og:image:width\" content=\"1009\" \/>\n\t<meta property=\"og:image:height\" content=\"869\" \/>\n\t<meta property=\"og:image:type\" content=\"image\/png\" \/>\n<meta name=\"twitter:card\" content=\"summary_large_image\" \/>\n<script type=\"application\/ld+json\" class=\"yoast-schema-graph\">{\"@context\":\"https:\/\/schema.org\",\"@graph\":[{\"@type\":\"WebPage\",\"@id\":\"https:\/\/estet.zt.ua\/kvartira-zhitomir-ua\/\",\"url\":\"https:\/\/estet.zt.ua\/kvartira-zhitomir-ua\/\",\"name\":\"\u041a\u0443\u043f\u0438\u0442\u0438 \u043a\u0432\u0430\u0440\u0442\u0438\u0440\u0443 \u0432 \u0416\u0438\u0442\u043e\u043c\u0438\u0440\u0456 - \u042d\u0441\u0442\u0435\u0442. \u0421\u043f\u043e\u0440\u0442\u0438\u0432\u043d\u044b\u0435 \u0431\u0430\u043b\u044c\u043d\u044b\u0435 \u0442\u0430\u043d\u0446\u044b \u0432 \u0416\u0438\u0442\u043e\u043c\u0438\u0440\u0435.\",\"isPartOf\":{\"@id\":\"https:\/\/estet.zt.ua\/#website\"},\"primaryImageOfPage\":{\"@id\":\"https:\/\/estet.zt.ua\/kvartira-zhitomir-ua\/#primaryimage\"},\"image\":{\"@id\":\"https:\/\/estet.zt.ua\/kvartira-zhitomir-ua\/#primaryimage\"},\"thumbnailUrl\":\"https:\/\/estet.zt.ua\/wp-content\/uploads\/2023\/10\/FireShot-Capture-024-\u041a\u0432\u0430\u0440\u0442\u0438\u0440\u0438-\u0432-\u0416\u0438\u0442\u043e\u043c\u0438\u0440\u0456.-\u041d\u0435\u0440\u0443\u0445\u043e\u043c\u0456\u0441\u0442\u044c-\u0416\u0438\u0442\u043e\u043c\u0438\u0440\u0430_-\u043a\u0443\u043f\u0438\u0442\u0438-\u043a\u0432\u0430\u0440\u0442\u0438\u0440\u0443-\u0431\u0443\u0434\u0438\u043d\u043e\u043a-_-kvartira.zhitomir.ua_.png\",\"datePublished\":\"2023-10-01T15:00:44+00:00\",\"dateModified\":\"2023-10-01T15:03:30+00:00\",\"breadcrumb\":{\"@id\":\"https:\/\/estet.zt.ua\/kvartira-zhitomir-ua\/#breadcrumb\"},\"inLanguage\":\"it-IT\",\"potentialAction\":[{\"@type\":\"ReadAction\",\"target\":[\"https:\/\/estet.zt.ua\/kvartira-zhitomir-ua\/\"]}]},{\"@type\":\"ImageObject\",\"inLanguage\":\"it-IT\",\"@id\":\"https:\/\/estet.zt.ua\/kvartira-zhitomir-ua\/#primaryimage\",\"url\":\"https:\/\/estet.zt.ua\/wp-content\/uploads\/2023\/10\/FireShot-Capture-024-\u041a\u0432\u0430\u0440\u0442\u0438\u0440\u0438-\u0432-\u0416\u0438\u0442\u043e\u043c\u0438\u0440\u0456.-\u041d\u0435\u0440\u0443\u0445\u043e\u043c\u0456\u0441\u0442\u044c-\u0416\u0438\u0442\u043e\u043c\u0438\u0440\u0430_-\u043a\u0443\u043f\u0438\u0442\u0438-\u043a\u0432\u0430\u0440\u0442\u0438\u0440\u0443-\u0431\u0443\u0434\u0438\u043d\u043e\u043a-_-kvartira.zhitomir.ua_.png\",\"contentUrl\":\"https:\/\/estet.zt.ua\/wp-content\/uploads\/2023\/10\/FireShot-Capture-024-\u041a\u0432\u0430\u0440\u0442\u0438\u0440\u0438-\u0432-\u0416\u0438\u0442\u043e\u043c\u0438\u0440\u0456.-\u041d\u0435\u0440\u0443\u0445\u043e\u043c\u0456\u0441\u0442\u044c-\u0416\u0438\u0442\u043e\u043c\u0438\u0440\u0430_-\u043a\u0443\u043f\u0438\u0442\u0438-\u043a\u0432\u0430\u0440\u0442\u0438\u0440\u0443-\u0431\u0443\u0434\u0438\u043d\u043e\u043a-_-kvartira.zhitomir.ua_.png\",\"width\":1009,\"height\":869},{\"@type\":\"BreadcrumbList\",\"@id\":\"https:\/\/estet.zt.ua\/kvartira-zhitomir-ua\/#breadcrumb\",\"itemListElement\":[{\"@type\":\"ListItem\",\"position\":1,\"name\":\"\u0413\u043b\u0430\u0432\u043d\u0430\u044f \u0441\u0442\u0440\u0430\u043d\u0438\u0446\u0430\",\"item\":\"https:\/\/estet.zt.ua\/\"},{\"@type\":\"ListItem\",\"position\":2,\"name\":\"\u041a\u0443\u043f\u0438\u0442\u0438 \u043a\u0432\u0430\u0440\u0442\u0438\u0440\u0443 \u0432 \u0416\u0438\u0442\u043e\u043c\u0438\u0440\u0456\"}]},{\"@type\":\"WebSite\",\"@id\":\"https:\/\/estet.zt.ua\/#website\",\"url\":\"https:\/\/estet.zt.ua\/\",\"name\":\"\u042d\u0441\u0442\u0435\u0442. \u0421\u043f\u043e\u0440\u0442\u0438\u0432\u043d\u044b\u0435 \u0431\u0430\u043b\u044c\u043d\u044b\u0435 \u0442\u0430\u043d\u0446\u044b \u0432 \u0416\u0438\u0442\u043e\u043c\u0438\u0440\u0435.\",\"description\":\"\u0421\u043f\u043e\u0440\u0442\u0438\u0432\u043d\u044b\u0435 \u0431\u0430\u043b\u044c\u043d\u044b\u0435 \u0442\u0430\u043d\u0446\u044b \u0432 \u0416\u0438\u0442\u043e\u043c\u0438\u0440\u0435\",\"publisher\":{\"@id\":\"https:\/\/estet.zt.ua\/#organization\"},\"potentialAction\":[{\"@type\":\"SearchAction\",\"target\":{\"@type\":\"EntryPoint\",\"urlTemplate\":\"https:\/\/estet.zt.ua\/?s={search_term_string}\"},\"query-input\":{\"@type\":\"PropertyValueSpecification\",\"valueRequired\":true,\"valueName\":\"search_term_string\"}}],\"inLanguage\":\"it-IT\"},{\"@type\":\"Organization\",\"@id\":\"https:\/\/estet.zt.ua\/#organization\",\"name\":\"\u042d\u0441\u0442\u0435\u0442. \u0411\u0430\u043b\u044c\u043d\u044b\u0435 \u0442\u0430\u043d\u0446\u044b \u0416\u0438\u0442\u043e\u043c\u0438\u0440\",\"url\":\"https:\/\/estet.zt.ua\/\",\"logo\":{\"@type\":\"ImageObject\",\"inLanguage\":\"it-IT\",\"@id\":\"https:\/\/estet.zt.ua\/#\/schema\/logo\/image\/\",\"url\":\"https:\/\/estet.zt.ua\/wp-content\/uploads\/2020\/01\/logoestet.png\",\"contentUrl\":\"https:\/\/estet.zt.ua\/wp-content\/uploads\/2020\/01\/logoestet.png\",\"width\":300,\"height\":100,\"caption\":\"\u042d\u0441\u0442\u0435\u0442. \u0411\u0430\u043b\u044c\u043d\u044b\u0435 \u0442\u0430\u043d\u0446\u044b \u0416\u0438\u0442\u043e\u043c\u0438\u0440\"},\"image\":{\"@id\":\"https:\/\/estet.zt.ua\/#\/schema\/logo\/image\/\"}}]}<\/script>\n<!-- \/ Yoast SEO plugin. -->","yoast_head_json":{"title":"\u041a\u0443\u043f\u0438\u0442\u0438 \u043a\u0432\u0430\u0440\u0442\u0438\u0440\u0443 \u0432 \u0416\u0438\u0442\u043e\u043c\u0438\u0440\u0456 - \u042d\u0441\u0442\u0435\u0442. \u0421\u043f\u043e\u0440\u0442\u0438\u0432\u043d\u044b\u0435 \u0431\u0430\u043b\u044c\u043d\u044b\u0435 \u0442\u0430\u043d\u0446\u044b \u0432 \u0416\u0438\u0442\u043e\u043c\u0438\u0440\u0435.","robots":{"index":"index","follow":"follow","max-snippet":"max-snippet:-1","max-image-preview":"max-image-preview:large","max-video-preview":"max-video-preview:-1"},"canonical":"https:\/\/estet.zt.ua\/it\/kvartira-zhitomir-ua\/","og_locale":"it_IT","og_type":"article","og_title":"\u041a\u0443\u043f\u0438\u0442\u0438 \u043a\u0432\u0430\u0440\u0442\u0438\u0440\u0443 \u0432 \u0416\u0438\u0442\u043e\u043c\u0438\u0440\u0456 - \u042d\u0441\u0442\u0435\u0442. \u0421\u043f\u043e\u0440\u0442\u0438\u0432\u043d\u044b\u0435 \u0431\u0430\u043b\u044c\u043d\u044b\u0435 \u0442\u0430\u043d\u0446\u044b \u0432 \u0416\u0438\u0442\u043e\u043c\u0438\u0440\u0435.","og_description":"1. \u041f\u0440\u0438\u0447\u0438\u043d\u0438 \u043a\u0443\u043f\u0456\u0432\u043b\u0456 \u043a\u0432\u0430\u0440\u0442\u0438\u0440\u0438 \u0432 \u0416\u0438\u0442\u043e\u043c\u0438\u0440\u0456 \u0412\u0438\u0441\u043e\u043a\u0438\u0439 \u0440\u0456\u0432\u0435\u043d\u044c \u0431\u0435\u0437\u043f\u0435\u043a\u0438 \u0416\u0438\u0442\u043e\u043c\u0438\u0440 \u043c\u0430\u0454 \u0432\u0438\u0441\u043e\u043a\u0438\u0439 \u0440\u0456\u0432\u0435\u043d\u044c \u0431\u0435\u0437\u043f\u0435\u043a\u0438, \u0449\u043e \u0434\u043e\u0437\u0432\u043e\u043b\u044f\u0454 \u0432\u043b\u0430\u0441\u043d\u0438\u043a\u0430\u043c \u043a\u0432\u0430\u0440\u0442\u0438\u0440 \u0431\u0443\u0442\u0438 \u0441\u043f\u043e\u043a\u0456\u0439\u043d\u0438\u043c\u0438 \u043f\u0440\u043e \u0441\u0432\u043e\u0454 \u043c\u0430\u0439\u043d\u043e. \u041d\u0435\u0432\u0438\u0441\u043e\u043a\u0456 \u0446\u0456\u043d\u0438 \u0426\u0456\u043d\u0438 \u043d\u0430 \u0436\u0438\u0442\u043b\u043e \u0432 \u0416\u0438\u0442\u043e\u043c\u0438\u0440\u0456 \u0437\u0430\u043b\u0438\u0448\u0430\u044e\u0442\u044c\u0441\u044f \u043d\u0435\u0432\u0438\u0441\u043e\u043a\u0438\u043c\u0438 \u0443 \u043f\u043e\u0440\u0456\u0432\u043d\u044f\u043d\u043d\u0456 \u0437 \u0456\u043d\u0448\u0438\u043c\u0438 \u0443\u043a\u0440\u0430\u0457\u043d\u0441\u044c\u043a\u0438\u043c\u0438 \u043c\u0456\u0441\u0442\u0430\u043c\u0438. \u0426\u0435 \u0434\u043e\u0437\u0432\u043e\u043b\u044f\u0454 \u043f\u0440\u0438\u0434\u0431\u0430\u0442\u0438 \u043a\u0432\u0430\u0440\u0442\u0438\u0440\u0443 \u0437\u0430 \u043f\u0440\u0438\u0432\u0430\u0431\u043b\u0438\u0432\u043e\u044e \u0446\u0456\u043d\u043e\u044e. [&hellip;]","og_url":"https:\/\/estet.zt.ua\/it\/kvartira-zhitomir-ua\/","og_site_name":"\u042d\u0441\u0442\u0435\u0442. \u0421\u043f\u043e\u0440\u0442\u0438\u0432\u043d\u044b\u0435 \u0431\u0430\u043b\u044c\u043d\u044b\u0435 \u0442\u0430\u043d\u0446\u044b \u0432 \u0416\u0438\u0442\u043e\u043c\u0438\u0440\u0435.","article_modified_time":"2023-10-01T15:03:30+00:00","og_image":[{"width":1009,"height":869,"url":"https:\/\/estet.zt.ua\/wp-content\/uploads\/2023\/10\/FireShot-Capture-024-\u041a\u0432\u0430\u0440\u0442\u0438\u0440\u0438-\u0432-\u0416\u0438\u0442\u043e\u043c\u0438\u0440\u0456.-\u041d\u0435\u0440\u0443\u0445\u043e\u043c\u0456\u0441\u0442\u044c-\u0416\u0438\u0442\u043e\u043c\u0438\u0440\u0430_-\u043a\u0443\u043f\u0438\u0442\u0438-\u043a\u0432\u0430\u0440\u0442\u0438\u0440\u0443-\u0431\u0443\u0434\u0438\u043d\u043e\u043a-_-kvartira.zhitomir.ua_.png","type":"image\/png"}],"twitter_card":"summary_large_image","schema":{"@context":"https:\/\/schema.org","@graph":[{"@type":"WebPage","@id":"https:\/\/estet.zt.ua\/kvartira-zhitomir-ua\/","url":"https:\/\/estet.zt.ua\/kvartira-zhitomir-ua\/","name":"\u041a\u0443\u043f\u0438\u0442\u0438 \u043a\u0432\u0430\u0440\u0442\u0438\u0440\u0443 \u0432 \u0416\u0438\u0442\u043e\u043c\u0438\u0440\u0456 - \u042d\u0441\u0442\u0435\u0442. \u0421\u043f\u043e\u0440\u0442\u0438\u0432\u043d\u044b\u0435 \u0431\u0430\u043b\u044c\u043d\u044b\u0435 \u0442\u0430\u043d\u0446\u044b \u0432 \u0416\u0438\u0442\u043e\u043c\u0438\u0440\u0435.","isPartOf":{"@id":"https:\/\/estet.zt.ua\/#website"},"primaryImageOfPage":{"@id":"https:\/\/estet.zt.ua\/kvartira-zhitomir-ua\/#primaryimage"},"image":{"@id":"https:\/\/estet.zt.ua\/kvartira-zhitomir-ua\/#primaryimage"},"thumbnailUrl":"https:\/\/estet.zt.ua\/wp-content\/uploads\/2023\/10\/FireShot-Capture-024-\u041a\u0432\u0430\u0440\u0442\u0438\u0440\u0438-\u0432-\u0416\u0438\u0442\u043e\u043c\u0438\u0440\u0456.-\u041d\u0435\u0440\u0443\u0445\u043e\u043c\u0456\u0441\u0442\u044c-\u0416\u0438\u0442\u043e\u043c\u0438\u0440\u0430_-\u043a\u0443\u043f\u0438\u0442\u0438-\u043a\u0432\u0430\u0440\u0442\u0438\u0440\u0443-\u0431\u0443\u0434\u0438\u043d\u043e\u043a-_-kvartira.zhitomir.ua_.png","datePublished":"2023-10-01T15:00:44+00:00","dateModified":"2023-10-01T15:03:30+00:00","breadcrumb":{"@id":"https:\/\/estet.zt.ua\/kvartira-zhitomir-ua\/#breadcrumb"},"inLanguage":"it-IT","potentialAction":[{"@type":"ReadAction","target":["https:\/\/estet.zt.ua\/kvartira-zhitomir-ua\/"]}]},{"@type":"ImageObject","inLanguage":"it-IT","@id":"https:\/\/estet.zt.ua\/kvartira-zhitomir-ua\/#primaryimage","url":"https:\/\/estet.zt.ua\/wp-content\/uploads\/2023\/10\/FireShot-Capture-024-\u041a\u0432\u0430\u0440\u0442\u0438\u0440\u0438-\u0432-\u0416\u0438\u0442\u043e\u043c\u0438\u0440\u0456.-\u041d\u0435\u0440\u0443\u0445\u043e\u043c\u0456\u0441\u0442\u044c-\u0416\u0438\u0442\u043e\u043c\u0438\u0440\u0430_-\u043a\u0443\u043f\u0438\u0442\u0438-\u043a\u0432\u0430\u0440\u0442\u0438\u0440\u0443-\u0431\u0443\u0434\u0438\u043d\u043e\u043a-_-kvartira.zhitomir.ua_.png","contentUrl":"https:\/\/estet.zt.ua\/wp-content\/uploads\/2023\/10\/FireShot-Capture-024-\u041a\u0432\u0430\u0440\u0442\u0438\u0440\u0438-\u0432-\u0416\u0438\u0442\u043e\u043c\u0438\u0440\u0456.-\u041d\u0435\u0440\u0443\u0445\u043e\u043c\u0456\u0441\u0442\u044c-\u0416\u0438\u0442\u043e\u043c\u0438\u0440\u0430_-\u043a\u0443\u043f\u0438\u0442\u0438-\u043a\u0432\u0430\u0440\u0442\u0438\u0440\u0443-\u0431\u0443\u0434\u0438\u043d\u043e\u043a-_-kvartira.zhitomir.ua_.png","width":1009,"height":869},{"@type":"BreadcrumbList","@id":"https:\/\/estet.zt.ua\/kvartira-zhitomir-ua\/#breadcrumb","itemListElement":[{"@type":"ListItem","position":1,"name":"\u0413\u043b\u0430\u0432\u043d\u0430\u044f \u0441\u0442\u0440\u0430\u043d\u0438\u0446\u0430","item":"https:\/\/estet.zt.ua\/"},{"@type":"ListItem","position":2,"name":"\u041a\u0443\u043f\u0438\u0442\u0438 \u043a\u0432\u0430\u0440\u0442\u0438\u0440\u0443 \u0432 \u0416\u0438\u0442\u043e\u043c\u0438\u0440\u0456"}]},{"@type":"WebSite","@id":"https:\/\/estet.zt.ua\/#website","url":"https:\/\/estet.zt.ua\/","name":"\u042d\u0441\u0442\u0435\u0442. \u0421\u043f\u043e\u0440\u0442\u0438\u0432\u043d\u044b\u0435 \u0431\u0430\u043b\u044c\u043d\u044b\u0435 \u0442\u0430\u043d\u0446\u044b \u0432 \u0416\u0438\u0442\u043e\u043c\u0438\u0440\u0435.","description":"\u0421\u043f\u043e\u0440\u0442\u0438\u0432\u043d\u044b\u0435 \u0431\u0430\u043b\u044c\u043d\u044b\u0435 \u0442\u0430\u043d\u0446\u044b \u0432 \u0416\u0438\u0442\u043e\u043c\u0438\u0440\u0435","publisher":{"@id":"https:\/\/estet.zt.ua\/#organization"},"potentialAction":[{"@type":"SearchAction","target":{"@type":"EntryPoint","urlTemplate":"https:\/\/estet.zt.ua\/?s={search_term_string}"},"query-input":{"@type":"PropertyValueSpecification","valueRequired":true,"valueName":"search_term_string"}}],"inLanguage":"it-IT"},{"@type":"Organization","@id":"https:\/\/estet.zt.ua\/#organization","name":"\u042d\u0441\u0442\u0435\u0442. \u0411\u0430\u043b\u044c\u043d\u044b\u0435 \u0442\u0430\u043d\u0446\u044b \u0416\u0438\u0442\u043e\u043c\u0438\u0440","url":"https:\/\/estet.zt.ua\/","logo":{"@type":"ImageObject","inLanguage":"it-IT","@id":"https:\/\/estet.zt.ua\/#\/schema\/logo\/image\/","url":"https:\/\/estet.zt.ua\/wp-content\/uploads\/2020\/01\/logoestet.png","contentUrl":"https:\/\/estet.zt.ua\/wp-content\/uploads\/2020\/01\/logoestet.png","width":300,"height":100,"caption":"\u042d\u0441\u0442\u0435\u0442. \u0411\u0430\u043b\u044c\u043d\u044b\u0435 \u0442\u0430\u043d\u0446\u044b \u0416\u0438\u0442\u043e\u043c\u0438\u0440"},"image":{"@id":"https:\/\/estet.zt.ua\/#\/schema\/logo\/image\/"}}]}},"_links":{"self":[{"href":"https:\/\/estet.zt.ua\/it\/wp-json\/wp\/v2\/pages\/6496","targetHints":{"allow":["GET"]}}],"collection":[{"href":"https:\/\/estet.zt.ua\/it\/wp-json\/wp\/v2\/pages"}],"about":[{"href":"https:\/\/estet.zt.ua\/it\/wp-json\/wp\/v2\/types\/page"}],"author":[{"embeddable":true,"href":"https:\/\/estet.zt.ua\/it\/wp-json\/wp\/v2\/users\/1"}],"replies":[{"embeddable":true,"href":"https:\/\/estet.zt.ua\/it\/wp-json\/wp\/v2\/comments?post=6496"}],"version-history":[{"count":1,"href":"https:\/\/estet.zt.ua\/it\/wp-json\/wp\/v2\/pages\/6496\/revisions"}],"predecessor-version":[{"id":6498,"href":"https:\/\/estet.zt.ua\/it\/wp-json\/wp\/v2\/pages\/6496\/revisions\/6498"}],"wp:featuredmedia":[{"embeddable":true,"href":"https:\/\/estet.zt.ua\/it\/wp-json\/wp\/v2\/media\/6497"}],"wp:attachment":[{"href":"https:\/\/estet.zt.ua\/it\/wp-json\/wp\/v2\/media?parent=6496"}],"curies":[{"name":"wp","href":"https:\/\/api.w.org\/{rel}","templated":true}]}}