{"id":60,"date":"2017-08-24T17:46:58","date_gmt":"2017-08-24T14:46:58","guid":{"rendered":"http:\/\/estet.zt.ua\/?page_id=60"},"modified":"2017-09-08T08:21:58","modified_gmt":"2017-09-08T05:21:58","slug":"o","status":"publish","type":"page","link":"https:\/\/estet.zt.ua\/pl\/o\/","title":{"rendered":"O klubie ta\u0144ca towarzyskiego AESTHET"},"content":{"rendered":"<p>Klub AESTET zosta\u0142 za\u0142o\u017cony przez choreografa Aleksandra W\u0142adimirowicza Wysockiego.<img loading=\"lazy\" decoding=\"async\" class=\"wp-image-215 alignright\" src=\"http:\/\/estet.zt.ua\/wp-content\/uploads\/2017\/08\/visockiy_aleksandr_vladimirovich.jpg\" alt=\"\" width=\"147\" height=\"245\" srcset=\"https:\/\/estet.zt.ua\/wp-content\/uploads\/2017\/08\/visockiy_aleksandr_vladimirovich.jpg 584w, https:\/\/estet.zt.ua\/wp-content\/uploads\/2017\/08\/visockiy_aleksandr_vladimirovich-180x300.jpg 180w\" sizes=\"auto, (max-width: 147px) 100vw, 147px\" \/>W za\u0142o\u017ceniu klubu pomog\u0142a mu jego kole\u017canka, \u017cona i niezawodne rami\u0119, choreograf - Tatiana Vladimirovna Vysotskaya.<\/p>\n<p>Od 2007 roku w klubie pracowa\u0142a wspania\u0142a profesjonalistka, wychowanka klubu Estet - Bormotova Evgenia Leonidovna. A od 2009 r. <img loading=\"lazy\" decoding=\"async\" class=\"wp-image-219 alignleft\" src=\"http:\/\/estet.zt.ua\/wp-content\/uploads\/2017\/08\/visockaya_tatiyana.jpg\" alt=\"\" width=\"195\" height=\"189\" srcset=\"https:\/\/estet.zt.ua\/wp-content\/uploads\/2017\/08\/visockaya_tatiyana.jpg 315w, https:\/\/estet.zt.ua\/wp-content\/uploads\/2017\/08\/visockaya_tatiyana-300x290.jpg 300w\" sizes=\"auto, (max-width: 195px) 100vw, 195px\" \/>tym roku klub taneczny powita\u0142 w swojej rodzinie Inn\u0119 Nagrebeln\u0105 Vladimirovn\u0105, by\u0142\u0105 uczennic\u0119 klubu Estet. Teraz razem przekazuj\u0105 swoje umiej\u0119tno\u015bci i mi\u0142o\u015b\u0107 do ta\u0144ca swoim uczniom.<\/p>\n<p>Klub Estet przygotowuje pary taneczne do zawod\u00f3w. Nasi uczniowie s\u0105 doceniani w wielu konkursach i mistrzostwach, nie tylko na Ukrainie, ale i za granic\u0105. Klub Aesthete ma na swoim koncie wiele nagr\u00f3d i puchar\u00f3w.<img loading=\"lazy\" decoding=\"async\" class=\"wp-image-381 alignright\" src=\"http:\/\/estet.zt.ua\/wp-content\/uploads\/2017\/08\/bormotova.jpg\" alt=\"\" width=\"167\" height=\"224\" srcset=\"https:\/\/estet.zt.ua\/wp-content\/uploads\/2017\/08\/bormotova.jpg 452w, https:\/\/estet.zt.ua\/wp-content\/uploads\/2017\/08\/bormotova-225x300.jpg 225w\" sizes=\"auto, (max-width: 167px) 100vw, 167px\" \/><\/p>\n<p>Nauka i wyst\u0119py taneczne to nasza pasja i nasze \u017cycie. Club Estet to szko\u0142a ta\u0144ca z profesjonalnymi choreografami. Nasi trenerzy wk\u0142adaj\u0105 ca\u0142\u0105 swoj\u0105 dusz\u0119, umiej\u0119tno\u015bci i si\u0142\u0119 w swoich uczni\u00f3w.<img loading=\"lazy\" decoding=\"async\" class=\"wp-image-225 alignleft\" src=\"http:\/\/estet.zt.ua\/wp-content\/uploads\/2017\/08\/Nagrebelnaya_inna.jpg\" alt=\"\" width=\"196\" height=\"196\" srcset=\"https:\/\/estet.zt.ua\/wp-content\/uploads\/2017\/08\/Nagrebelnaya_inna.jpg 852w, https:\/\/estet.zt.ua\/wp-content\/uploads\/2017\/08\/Nagrebelnaya_inna-150x150.jpg 150w, https:\/\/estet.zt.ua\/wp-content\/uploads\/2017\/08\/Nagrebelnaya_inna-300x300.jpg 300w, https:\/\/estet.zt.ua\/wp-content\/uploads\/2017\/08\/Nagrebelnaya_inna-768x768.jpg 768w, https:\/\/estet.zt.ua\/wp-content\/uploads\/2017\/08\/Nagrebelnaya_inna-50x50.jpg 50w, https:\/\/estet.zt.ua\/wp-content\/uploads\/2017\/08\/Nagrebelnaya_inna-178x178.jpg 178w, https:\/\/estet.zt.ua\/wp-content\/uploads\/2017\/08\/Nagrebelnaya_inna-80x80.jpg 80w, https:\/\/estet.zt.ua\/wp-content\/uploads\/2017\/08\/Nagrebelnaya_inna-166x166.jpg 166w, https:\/\/estet.zt.ua\/wp-content\/uploads\/2017\/08\/Nagrebelnaya_inna-200x200.jpg 200w, https:\/\/estet.zt.ua\/wp-content\/uploads\/2017\/08\/Nagrebelnaya_inna-226x226.jpg 226w, https:\/\/estet.zt.ua\/wp-content\/uploads\/2017\/08\/Nagrebelnaya_inna-240x240.jpg 240w, https:\/\/estet.zt.ua\/wp-content\/uploads\/2017\/08\/Nagrebelnaya_inna-103x103.jpg 103w\" sizes=\"auto, (max-width: 196px) 100vw, 196px\" \/><\/p>\n<p>Dzi\u0119ki do\u015bwiadczeniu i wiedzy choreograf\u00f3w klubu wiele pokole\u0144 uczni\u00f3w mog\u0142o nauczy\u0107 si\u0119 ta\u0144czy\u0107.<\/p>","protected":false},"excerpt":{"rendered":"<p>Klub ta\u0144ca sportowego i towarzyskiego ESTET zosta\u0142 za\u0142o\u017cony przez choreografa Aleksandra W\u0142adimirowicza Wysockiego, kt\u00f3ry rozpocz\u0105\u0142 swoj\u0105 prac\u0119 w 1995 r. W tworzeniu klubu pomaga\u0142a mu jego kole\u017canka, \u017cona i niezawodne rami\u0119, choreograf - Tatiana W\u0142adimirowna Wysocka. Od 2007 roku w klubie pracuje wspania\u0142a profesjonalistka, wychowanka klubu Estet - Bormotova Evgenia [...].<\/p>","protected":false},"author":1,"featured_media":0,"parent":0,"menu_order":0,"comment_status":"closed","ping_status":"closed","template":"","meta":{"footnotes":""},"class_list":["post-60","page","type-page","status-publish","hentry"],"yoast_head":"<!-- This site is optimized with the Yoast SEO plugin v25.2 - https:\/\/yoast.com\/wordpress\/plugins\/seo\/ -->\n<title>\u041e \u043a\u043b\u0443\u0431\u0435 \u0441\u043f\u043e\u0440\u0442\u0438\u0432\u043d\u043e-\u0431\u0430\u043b\u044c\u043d\u043e\u0433\u043e \u0442\u0430\u043d\u0446\u0430 \u042d\u0421\u0422\u0415\u0422 - \u042d\u0441\u0442\u0435\u0442. \u0421\u043f\u043e\u0440\u0442\u0438\u0432\u043d\u044b\u0435 \u0431\u0430\u043b\u044c\u043d\u044b\u0435 \u0442\u0430\u043d\u0446\u044b \u0432 \u0416\u0438\u0442\u043e\u043c\u0438\u0440\u0435.<\/title>\n<meta name=\"robots\" content=\"index, follow, max-snippet:-1, max-image-preview:large, max-video-preview:-1\" \/>\n<link rel=\"canonical\" href=\"https:\/\/estet.zt.ua\/pl\/o\/\" \/>\n<meta property=\"og:locale\" content=\"pl_PL\" \/>\n<meta property=\"og:type\" content=\"article\" \/>\n<meta property=\"og:title\" content=\"\u041e \u043a\u043b\u0443\u0431\u0435 \u0441\u043f\u043e\u0440\u0442\u0438\u0432\u043d\u043e-\u0431\u0430\u043b\u044c\u043d\u043e\u0433\u043e \u0442\u0430\u043d\u0446\u0430 \u042d\u0421\u0422\u0415\u0422 - \u042d\u0441\u0442\u0435\u0442. \u0421\u043f\u043e\u0440\u0442\u0438\u0432\u043d\u044b\u0435 \u0431\u0430\u043b\u044c\u043d\u044b\u0435 \u0442\u0430\u043d\u0446\u044b \u0432 \u0416\u0438\u0442\u043e\u043c\u0438\u0440\u0435.\" \/>\n<meta property=\"og:description\" content=\"\u041a\u043b\u0443\u0431 \u0441\u043f\u043e\u0440\u0442\u0438\u0432\u043d\u043e-\u0431\u0430\u043b\u044c\u043d\u043e\u0433\u043e \u0442\u0430\u043d\u0446\u0430 \u042d\u0421\u0422\u0415\u0422 \u043e\u0441\u043d\u043e\u0432\u0430\u043d \u0445\u043e\u0440\u0435\u043e\u0433\u0440\u0430\u0444\u043e\u043c \u0412\u044b\u0441\u043e\u0446\u043a\u0438\u043c \u0410\u043b\u0435\u043a\u0441\u0430\u043d\u0434\u0440\u043e\u043c \u0412\u043b\u0430\u0434\u0438\u043c\u0438\u0440\u043e\u0432\u0438\u0447\u0435\u043c, \u043a\u043e\u0442\u043e\u0440\u044b\u0439 \u043d\u0430\u0447\u0430\u043b \u0441\u0432\u043e\u044e \u0440\u0430\u0431\u043e\u0442\u0443 \u0432 1995 \u0433. \u0412 \u0441\u0442\u0430\u043d\u043e\u0432\u043b\u0435\u043d\u0438\u0438 \u043a\u043b\u0443\u0431\u0430 \u0435\u043c\u0443 \u043f\u043e\u043c\u043e\u0433\u0430\u043b\u0430 \u043a\u043e\u043b\u043b\u0435\u0433\u0430, \u0436\u0435\u043d\u0430 \u0438 \u043d\u0430\u0434\u0435\u0436\u043d\u043e\u0435 \u043f\u043b\u0435\u0447\u043e, \u0445\u043e\u0440\u0435\u043e\u0433\u0440\u0430\u0444 &#8212; \u0412\u044b\u0441\u043e\u0446\u043a\u0430\u044f \u0422\u0430\u0442\u044c\u044f\u043d\u0430 \u0412\u043b\u0430\u0434\u0438\u043c\u0438\u0440\u043e\u0432\u043d\u0430. \u0421 2007\u0433. \u0432 \u043a\u043b\u0443\u0431 \u043f\u0440\u0438\u0448\u043b\u0430 \u0440\u0430\u0431\u043e\u0442\u0430\u0442\u044c \u0437\u0430\u043c\u0435\u0447\u0430\u0442\u0435\u043b\u044c\u043d\u044b\u0439 \u043f\u0440\u043e\u0444\u0435\u0441\u0441\u0438\u043e\u043d\u0430\u043b, \u0432\u043e\u0441\u043f\u0438\u0442\u0430\u043d\u043d\u0438\u0446\u0430 \u043a\u043b\u0443\u0431\u0430 \u042d\u0441\u0442\u0435\u0442 &#8212; \u0411\u043e\u0440\u043c\u043e\u0442\u043e\u0432\u0430 \u0415\u0432\u0433\u0435\u043d\u0438\u044f [&hellip;]\" \/>\n<meta property=\"og:url\" content=\"https:\/\/estet.zt.ua\/pl\/o\/\" \/>\n<meta property=\"og:site_name\" content=\"\u042d\u0441\u0442\u0435\u0442. \u0421\u043f\u043e\u0440\u0442\u0438\u0432\u043d\u044b\u0435 \u0431\u0430\u043b\u044c\u043d\u044b\u0435 \u0442\u0430\u043d\u0446\u044b \u0432 \u0416\u0438\u0442\u043e\u043c\u0438\u0440\u0435.\" \/>\n<meta property=\"article:modified_time\" content=\"2017-09-08T05:21:58+00:00\" \/>\n<meta property=\"og:image\" content=\"https:\/\/estet.zt.ua\/wp-content\/uploads\/2017\/08\/visockiy_aleksandr_vladimirovich.jpg\" \/>\n\t<meta property=\"og:image:width\" content=\"584\" \/>\n\t<meta property=\"og:image:height\" content=\"974\" \/>\n\t<meta property=\"og:image:type\" content=\"image\/jpeg\" \/>\n<meta name=\"twitter:card\" content=\"summary_large_image\" \/>\n<script type=\"application\/ld+json\" class=\"yoast-schema-graph\">{\"@context\":\"https:\/\/schema.org\",\"@graph\":[{\"@type\":\"WebPage\",\"@id\":\"https:\/\/estet.zt.ua\/about\/\",\"url\":\"https:\/\/estet.zt.ua\/about\/\",\"name\":\"\u041e \u043a\u043b\u0443\u0431\u0435 \u0441\u043f\u043e\u0440\u0442\u0438\u0432\u043d\u043e-\u0431\u0430\u043b\u044c\u043d\u043e\u0433\u043e \u0442\u0430\u043d\u0446\u0430 \u042d\u0421\u0422\u0415\u0422 - \u042d\u0441\u0442\u0435\u0442. \u0421\u043f\u043e\u0440\u0442\u0438\u0432\u043d\u044b\u0435 \u0431\u0430\u043b\u044c\u043d\u044b\u0435 \u0442\u0430\u043d\u0446\u044b \u0432 \u0416\u0438\u0442\u043e\u043c\u0438\u0440\u0435.\",\"isPartOf\":{\"@id\":\"https:\/\/estet.zt.ua\/#website\"},\"primaryImageOfPage\":{\"@id\":\"https:\/\/estet.zt.ua\/about\/#primaryimage\"},\"image\":{\"@id\":\"https:\/\/estet.zt.ua\/about\/#primaryimage\"},\"thumbnailUrl\":\"http:\/\/estet.zt.ua\/wp-content\/uploads\/2017\/08\/visockiy_aleksandr_vladimirovich.jpg\",\"datePublished\":\"2017-08-24T14:46:58+00:00\",\"dateModified\":\"2017-09-08T05:21:58+00:00\",\"breadcrumb\":{\"@id\":\"https:\/\/estet.zt.ua\/about\/#breadcrumb\"},\"inLanguage\":\"pl-PL\",\"potentialAction\":[{\"@type\":\"ReadAction\",\"target\":[\"https:\/\/estet.zt.ua\/about\/\"]}]},{\"@type\":\"ImageObject\",\"inLanguage\":\"pl-PL\",\"@id\":\"https:\/\/estet.zt.ua\/about\/#primaryimage\",\"url\":\"http:\/\/estet.zt.ua\/wp-content\/uploads\/2017\/08\/visockiy_aleksandr_vladimirovich.jpg\",\"contentUrl\":\"http:\/\/estet.zt.ua\/wp-content\/uploads\/2017\/08\/visockiy_aleksandr_vladimirovich.jpg\"},{\"@type\":\"BreadcrumbList\",\"@id\":\"https:\/\/estet.zt.ua\/about\/#breadcrumb\",\"itemListElement\":[{\"@type\":\"ListItem\",\"position\":1,\"name\":\"\u0413\u043b\u0430\u0432\u043d\u0430\u044f \u0441\u0442\u0440\u0430\u043d\u0438\u0446\u0430\",\"item\":\"https:\/\/estet.zt.ua\/\"},{\"@type\":\"ListItem\",\"position\":2,\"name\":\"\u041e \u043a\u043b\u0443\u0431\u0435 \u0441\u043f\u043e\u0440\u0442\u0438\u0432\u043d\u043e-\u0431\u0430\u043b\u044c\u043d\u043e\u0433\u043e \u0442\u0430\u043d\u0446\u0430 \u042d\u0421\u0422\u0415\u0422\"}]},{\"@type\":\"WebSite\",\"@id\":\"https:\/\/estet.zt.ua\/#website\",\"url\":\"https:\/\/estet.zt.ua\/\",\"name\":\"\u042d\u0441\u0442\u0435\u0442. \u0421\u043f\u043e\u0440\u0442\u0438\u0432\u043d\u044b\u0435 \u0431\u0430\u043b\u044c\u043d\u044b\u0435 \u0442\u0430\u043d\u0446\u044b \u0432 \u0416\u0438\u0442\u043e\u043c\u0438\u0440\u0435.\",\"description\":\"\u0421\u043f\u043e\u0440\u0442\u0438\u0432\u043d\u044b\u0435 \u0431\u0430\u043b\u044c\u043d\u044b\u0435 \u0442\u0430\u043d\u0446\u044b \u0432 \u0416\u0438\u0442\u043e\u043c\u0438\u0440\u0435\",\"publisher\":{\"@id\":\"https:\/\/estet.zt.ua\/#organization\"},\"potentialAction\":[{\"@type\":\"SearchAction\",\"target\":{\"@type\":\"EntryPoint\",\"urlTemplate\":\"https:\/\/estet.zt.ua\/?s={search_term_string}\"},\"query-input\":{\"@type\":\"PropertyValueSpecification\",\"valueRequired\":true,\"valueName\":\"search_term_string\"}}],\"inLanguage\":\"pl-PL\"},{\"@type\":\"Organization\",\"@id\":\"https:\/\/estet.zt.ua\/#organization\",\"name\":\"\u042d\u0441\u0442\u0435\u0442. \u0411\u0430\u043b\u044c\u043d\u044b\u0435 \u0442\u0430\u043d\u0446\u044b \u0416\u0438\u0442\u043e\u043c\u0438\u0440\",\"url\":\"https:\/\/estet.zt.ua\/\",\"logo\":{\"@type\":\"ImageObject\",\"inLanguage\":\"pl-PL\",\"@id\":\"https:\/\/estet.zt.ua\/#\/schema\/logo\/image\/\",\"url\":\"https:\/\/estet.zt.ua\/wp-content\/uploads\/2020\/01\/logoestet.png\",\"contentUrl\":\"https:\/\/estet.zt.ua\/wp-content\/uploads\/2020\/01\/logoestet.png\",\"width\":300,\"height\":100,\"caption\":\"\u042d\u0441\u0442\u0435\u0442. \u0411\u0430\u043b\u044c\u043d\u044b\u0435 \u0442\u0430\u043d\u0446\u044b \u0416\u0438\u0442\u043e\u043c\u0438\u0440\"},\"image\":{\"@id\":\"https:\/\/estet.zt.ua\/#\/schema\/logo\/image\/\"}}]}<\/script>\n<!-- \/ Yoast SEO plugin. -->","yoast_head_json":{"title":"\u041e \u043a\u043b\u0443\u0431\u0435 \u0441\u043f\u043e\u0440\u0442\u0438\u0432\u043d\u043e-\u0431\u0430\u043b\u044c\u043d\u043e\u0433\u043e \u0442\u0430\u043d\u0446\u0430 \u042d\u0421\u0422\u0415\u0422 - \u042d\u0441\u0442\u0435\u0442. \u0421\u043f\u043e\u0440\u0442\u0438\u0432\u043d\u044b\u0435 \u0431\u0430\u043b\u044c\u043d\u044b\u0435 \u0442\u0430\u043d\u0446\u044b \u0432 \u0416\u0438\u0442\u043e\u043c\u0438\u0440\u0435.","robots":{"index":"index","follow":"follow","max-snippet":"max-snippet:-1","max-image-preview":"max-image-preview:large","max-video-preview":"max-video-preview:-1"},"canonical":"https:\/\/estet.zt.ua\/pl\/o\/","og_locale":"pl_PL","og_type":"article","og_title":"\u041e \u043a\u043b\u0443\u0431\u0435 \u0441\u043f\u043e\u0440\u0442\u0438\u0432\u043d\u043e-\u0431\u0430\u043b\u044c\u043d\u043e\u0433\u043e \u0442\u0430\u043d\u0446\u0430 \u042d\u0421\u0422\u0415\u0422 - \u042d\u0441\u0442\u0435\u0442. \u0421\u043f\u043e\u0440\u0442\u0438\u0432\u043d\u044b\u0435 \u0431\u0430\u043b\u044c\u043d\u044b\u0435 \u0442\u0430\u043d\u0446\u044b \u0432 \u0416\u0438\u0442\u043e\u043c\u0438\u0440\u0435.","og_description":"\u041a\u043b\u0443\u0431 \u0441\u043f\u043e\u0440\u0442\u0438\u0432\u043d\u043e-\u0431\u0430\u043b\u044c\u043d\u043e\u0433\u043e \u0442\u0430\u043d\u0446\u0430 \u042d\u0421\u0422\u0415\u0422 \u043e\u0441\u043d\u043e\u0432\u0430\u043d \u0445\u043e\u0440\u0435\u043e\u0433\u0440\u0430\u0444\u043e\u043c \u0412\u044b\u0441\u043e\u0446\u043a\u0438\u043c \u0410\u043b\u0435\u043a\u0441\u0430\u043d\u0434\u0440\u043e\u043c \u0412\u043b\u0430\u0434\u0438\u043c\u0438\u0440\u043e\u0432\u0438\u0447\u0435\u043c, \u043a\u043e\u0442\u043e\u0440\u044b\u0439 \u043d\u0430\u0447\u0430\u043b \u0441\u0432\u043e\u044e \u0440\u0430\u0431\u043e\u0442\u0443 \u0432 1995 \u0433. \u0412 \u0441\u0442\u0430\u043d\u043e\u0432\u043b\u0435\u043d\u0438\u0438 \u043a\u043b\u0443\u0431\u0430 \u0435\u043c\u0443 \u043f\u043e\u043c\u043e\u0433\u0430\u043b\u0430 \u043a\u043e\u043b\u043b\u0435\u0433\u0430, \u0436\u0435\u043d\u0430 \u0438 \u043d\u0430\u0434\u0435\u0436\u043d\u043e\u0435 \u043f\u043b\u0435\u0447\u043e, \u0445\u043e\u0440\u0435\u043e\u0433\u0440\u0430\u0444 &#8212; \u0412\u044b\u0441\u043e\u0446\u043a\u0430\u044f \u0422\u0430\u0442\u044c\u044f\u043d\u0430 \u0412\u043b\u0430\u0434\u0438\u043c\u0438\u0440\u043e\u0432\u043d\u0430. \u0421 2007\u0433. \u0432 \u043a\u043b\u0443\u0431 \u043f\u0440\u0438\u0448\u043b\u0430 \u0440\u0430\u0431\u043e\u0442\u0430\u0442\u044c \u0437\u0430\u043c\u0435\u0447\u0430\u0442\u0435\u043b\u044c\u043d\u044b\u0439 \u043f\u0440\u043e\u0444\u0435\u0441\u0441\u0438\u043e\u043d\u0430\u043b, \u0432\u043e\u0441\u043f\u0438\u0442\u0430\u043d\u043d\u0438\u0446\u0430 \u043a\u043b\u0443\u0431\u0430 \u042d\u0441\u0442\u0435\u0442 &#8212; \u0411\u043e\u0440\u043c\u043e\u0442\u043e\u0432\u0430 \u0415\u0432\u0433\u0435\u043d\u0438\u044f [&hellip;]","og_url":"https:\/\/estet.zt.ua\/pl\/o\/","og_site_name":"\u042d\u0441\u0442\u0435\u0442. \u0421\u043f\u043e\u0440\u0442\u0438\u0432\u043d\u044b\u0435 \u0431\u0430\u043b\u044c\u043d\u044b\u0435 \u0442\u0430\u043d\u0446\u044b \u0432 \u0416\u0438\u0442\u043e\u043c\u0438\u0440\u0435.","article_modified_time":"2017-09-08T05:21:58+00:00","og_image":[{"width":584,"height":974,"url":"https:\/\/estet.zt.ua\/wp-content\/uploads\/2017\/08\/visockiy_aleksandr_vladimirovich.jpg","type":"image\/jpeg"}],"twitter_card":"summary_large_image","schema":{"@context":"https:\/\/schema.org","@graph":[{"@type":"WebPage","@id":"https:\/\/estet.zt.ua\/about\/","url":"https:\/\/estet.zt.ua\/about\/","name":"\u041e \u043a\u043b\u0443\u0431\u0435 \u0441\u043f\u043e\u0440\u0442\u0438\u0432\u043d\u043e-\u0431\u0430\u043b\u044c\u043d\u043e\u0433\u043e \u0442\u0430\u043d\u0446\u0430 \u042d\u0421\u0422\u0415\u0422 - \u042d\u0441\u0442\u0435\u0442. \u0421\u043f\u043e\u0440\u0442\u0438\u0432\u043d\u044b\u0435 \u0431\u0430\u043b\u044c\u043d\u044b\u0435 \u0442\u0430\u043d\u0446\u044b \u0432 \u0416\u0438\u0442\u043e\u043c\u0438\u0440\u0435.","isPartOf":{"@id":"https:\/\/estet.zt.ua\/#website"},"primaryImageOfPage":{"@id":"https:\/\/estet.zt.ua\/about\/#primaryimage"},"image":{"@id":"https:\/\/estet.zt.ua\/about\/#primaryimage"},"thumbnailUrl":"http:\/\/estet.zt.ua\/wp-content\/uploads\/2017\/08\/visockiy_aleksandr_vladimirovich.jpg","datePublished":"2017-08-24T14:46:58+00:00","dateModified":"2017-09-08T05:21:58+00:00","breadcrumb":{"@id":"https:\/\/estet.zt.ua\/about\/#breadcrumb"},"inLanguage":"pl-PL","potentialAction":[{"@type":"ReadAction","target":["https:\/\/estet.zt.ua\/about\/"]}]},{"@type":"ImageObject","inLanguage":"pl-PL","@id":"https:\/\/estet.zt.ua\/about\/#primaryimage","url":"http:\/\/estet.zt.ua\/wp-content\/uploads\/2017\/08\/visockiy_aleksandr_vladimirovich.jpg","contentUrl":"http:\/\/estet.zt.ua\/wp-content\/uploads\/2017\/08\/visockiy_aleksandr_vladimirovich.jpg"},{"@type":"BreadcrumbList","@id":"https:\/\/estet.zt.ua\/about\/#breadcrumb","itemListElement":[{"@type":"ListItem","position":1,"name":"\u0413\u043b\u0430\u0432\u043d\u0430\u044f \u0441\u0442\u0440\u0430\u043d\u0438\u0446\u0430","item":"https:\/\/estet.zt.ua\/"},{"@type":"ListItem","position":2,"name":"\u041e \u043a\u043b\u0443\u0431\u0435 \u0441\u043f\u043e\u0440\u0442\u0438\u0432\u043d\u043e-\u0431\u0430\u043b\u044c\u043d\u043e\u0433\u043e \u0442\u0430\u043d\u0446\u0430 \u042d\u0421\u0422\u0415\u0422"}]},{"@type":"WebSite","@id":"https:\/\/estet.zt.ua\/#website","url":"https:\/\/estet.zt.ua\/","name":"\u042d\u0441\u0442\u0435\u0442. \u0421\u043f\u043e\u0440\u0442\u0438\u0432\u043d\u044b\u0435 \u0431\u0430\u043b\u044c\u043d\u044b\u0435 \u0442\u0430\u043d\u0446\u044b \u0432 \u0416\u0438\u0442\u043e\u043c\u0438\u0440\u0435.","description":"\u0421\u043f\u043e\u0440\u0442\u0438\u0432\u043d\u044b\u0435 \u0431\u0430\u043b\u044c\u043d\u044b\u0435 \u0442\u0430\u043d\u0446\u044b \u0432 \u0416\u0438\u0442\u043e\u043c\u0438\u0440\u0435","publisher":{"@id":"https:\/\/estet.zt.ua\/#organization"},"potentialAction":[{"@type":"SearchAction","target":{"@type":"EntryPoint","urlTemplate":"https:\/\/estet.zt.ua\/?s={search_term_string}"},"query-input":{"@type":"PropertyValueSpecification","valueRequired":true,"valueName":"search_term_string"}}],"inLanguage":"pl-PL"},{"@type":"Organization","@id":"https:\/\/estet.zt.ua\/#organization","name":"\u042d\u0441\u0442\u0435\u0442. \u0411\u0430\u043b\u044c\u043d\u044b\u0435 \u0442\u0430\u043d\u0446\u044b \u0416\u0438\u0442\u043e\u043c\u0438\u0440","url":"https:\/\/estet.zt.ua\/","logo":{"@type":"ImageObject","inLanguage":"pl-PL","@id":"https:\/\/estet.zt.ua\/#\/schema\/logo\/image\/","url":"https:\/\/estet.zt.ua\/wp-content\/uploads\/2020\/01\/logoestet.png","contentUrl":"https:\/\/estet.zt.ua\/wp-content\/uploads\/2020\/01\/logoestet.png","width":300,"height":100,"caption":"\u042d\u0441\u0442\u0435\u0442. \u0411\u0430\u043b\u044c\u043d\u044b\u0435 \u0442\u0430\u043d\u0446\u044b \u0416\u0438\u0442\u043e\u043c\u0438\u0440"},"image":{"@id":"https:\/\/estet.zt.ua\/#\/schema\/logo\/image\/"}}]}},"_links":{"self":[{"href":"https:\/\/estet.zt.ua\/pl\/wp-json\/wp\/v2\/pages\/60","targetHints":{"allow":["GET"]}}],"collection":[{"href":"https:\/\/estet.zt.ua\/pl\/wp-json\/wp\/v2\/pages"}],"about":[{"href":"https:\/\/estet.zt.ua\/pl\/wp-json\/wp\/v2\/types\/page"}],"author":[{"embeddable":true,"href":"https:\/\/estet.zt.ua\/pl\/wp-json\/wp\/v2\/users\/1"}],"replies":[{"embeddable":true,"href":"https:\/\/estet.zt.ua\/pl\/wp-json\/wp\/v2\/comments?post=60"}],"version-history":[{"count":12,"href":"https:\/\/estet.zt.ua\/pl\/wp-json\/wp\/v2\/pages\/60\/revisions"}],"predecessor-version":[{"id":382,"href":"https:\/\/estet.zt.ua\/pl\/wp-json\/wp\/v2\/pages\/60\/revisions\/382"}],"wp:attachment":[{"href":"https:\/\/estet.zt.ua\/pl\/wp-json\/wp\/v2\/media?parent=60"}],"curies":[{"name":"wp","href":"https:\/\/api.w.org\/{rel}","templated":true}]}}