{"id":6492,"date":"2023-09-28T16:42:04","date_gmt":"2023-09-28T13:42:04","guid":{"rendered":"https:\/\/estet.zt.ua\/?page_id=6492"},"modified":"2023-09-28T16:42:04","modified_gmt":"2023-09-28T13:42:04","slug":"granit-zhitomir-com","status":"publish","type":"page","link":"https:\/\/estet.zt.ua\/pl\/granit-zhitomir-com\/","title":{"rendered":"Pomniki z granitu od firmy granit-zhitomir.com"},"content":{"rendered":"<h2>1. Wprowadzenie<\/h2>\n<p><a href=\"https:\/\/granit-zhitomir.com\/\">Pomniki z granitu od firmy granit-zhitomir.com<\/a> - to wyj\u0105tkowe i niepowtarzalne produkty charakteryzuj\u0105ce si\u0119 wysok\u0105 jako\u015bci\u0105 i trwa\u0142o\u015bci\u0105. Ich produkcja jest kosztowna i czasoch\u0142onna, dlatego s\u0105 symbolem d\u0142ugowieczno\u015bci. Pomniki granitowe mog\u0105 by\u0107 wykorzystywane do r\u00f3\u017cnych cel\u00f3w, w tym do instalacji na terenach \u015bwi\u0105tecznych i w r\u00f3\u017cnych miejscach pami\u0119ci. W tym artykule przyjrzymy si\u0119 wszystkim zaletom i wadom pomnik\u00f3w granitowych z granit-zhitomir.com.<\/p>\n<h2>2. Zalety stosowania granitu do budowy pomnik\u00f3w<\/h2>\n<h3>Trwa\u0142o\u015b\u0107 i wysoka wytrzyma\u0142o\u015b\u0107<\/h3>\n<p>Granit charakteryzuje si\u0119 wysok\u0105 wytrzyma\u0142o\u015bci\u0105 i trwa\u0142o\u015bci\u0105, dzi\u0119ki czemu idealnie nadaje si\u0119 do budowy pomnik\u00f3w. Mo\u017ce wytrzyma\u0107 d\u0142ugotrwa\u0142\u0105 ekspozycj\u0119 na zmienne warunki pogodowe, takie jak deszcz, \u015bnieg, mg\u0142a itp.<\/p>\n<h3>Przyst\u0119pna cena<\/h3>\n<p>Granit jest dost\u0119pny w przyst\u0119pnej cenie, dlatego idealnie nadaje si\u0119 do budowy pomnik\u00f3w. Oznacza to, \u017ce ludzie mog\u0105 budowa\u0107 granitowe pomniki bez ponoszenia du\u017cych koszt\u00f3w.<\/p>\n<h3>Wysoka g\u0119sto\u015b\u0107 i wytrzyma\u0142o\u015b\u0107<\/h3>\n<p>Granit ma wysok\u0105 g\u0119sto\u015b\u0107 i trwa\u0142o\u015b\u0107, co czyni go idealnym materia\u0142em do budowy pomnik\u00f3w. Mo\u017ce wytrzyma\u0107 d\u0142ugotrwa\u0142\u0105 ekspozycj\u0119 na zmienne warunki pogodowe, takie jak deszcz, \u015bnieg, mg\u0142a itp.<\/p>\n<h3>Zdolno\u015b\u0107 przetwarzania<\/h3>\n<p>Granit mo\u017cna \u0142atwo obrabia\u0107, dzi\u0119ki czemu mo\u017cna go wykorzystywa\u0107 do budowy pomnik\u00f3w o r\u00f3\u017cnych kszta\u0142tach i rozmiarach. To czyni go idealnym materia\u0142em do budowy pomnik\u00f3w w r\u00f3\u017cnych stylach.<\/p>\n<h2>3. Zalety zamawiania pomnik\u00f3w granitowych od firmy granit-zhitomir.com<\/h2>\n<h3>Do\u015bwiadczeni specjali\u015bci<\/h3>\n<p>Nasz zesp\u00f3\u0142 sk\u0142ada si\u0119 z do\u015bwiadczonych specjalist\u00f3w, kt\u00f3rzy profesjonalnie zajmuj\u0105 si\u0119 produkcj\u0105 pomnik\u00f3w z granitu. Oferujemy wysokiej jako\u015bci us\u0142ugi i gwarantujemy profesjonalizm na wszystkich etapach pracy.<\/p>\n<h3>R\u00f3\u017cnorodno\u015b\u0107 modeli<\/h3>\n<p>W naszym asortymencie znajduje si\u0119 wiele modeli pomnik\u00f3w z granitu. B\u0119dziesz m\u00f3g\u0142 wybra\u0107 pomnik, kt\u00f3ry odpowiada Ci kszta\u0142tem i rozmiarem. Oferujemy naszym klientom r\u00f3\u017cnorodne opcje projektowania i elementy dekoracyjne.<\/p>\n<h3>Przyst\u0119pne ceny<\/h3>\n<p>Przywi\u0105zujemy du\u017c\u0105 wag\u0119 do stosunku jako\u015bci do ceny. Oferujemy przyst\u0119pne ceny pomnik\u00f3w granitowych, zapewniaj\u0105c jednocze\u015bnie wysok\u0105 jako\u015b\u0107 wykonania.<\/p>\n<h3>Przestrzeganie termin\u00f3w<\/h3>\n<p>Przestrzegamy \u015bcis\u0142ych termin\u00f3w i gwarantujemy terminow\u0105 realizacj\u0119 zam\u00f3wie\u0144. Oferujemy naszym klientom elastyczny system rabat\u00f3w i bonus\u00f3w.<\/p>\n<h3>Materia\u0142y wysokiej jako\u015bci<\/h3>\n<p>Do produkcji pomnik\u00f3w granitowych u\u017cywamy tylko najlepszych materia\u0142\u00f3w. Wszystkie nasze produkty przechodz\u0105 \u015bcis\u0142\u0105 kontrol\u0119 jako\u015bci i maj\u0105 wysokie w\u0142a\u015bciwo\u015bci.<\/p>\n<h2>4. Wnioski<\/h2>\n<p>W artykule uwzgl\u0119dniono pomniki granitowe oferowane przez firm\u0119 granit-zhitomir.com. Nasza firma produkuje pomniki z granitu najwy\u017cszej jako\u015bci, kt\u00f3re nadaj\u0105 si\u0119 do ka\u017cdego miejsca i celu. Nasze pomniki pos\u0142u\u017c\u0105 Pa\u0144stwu przez wiele lat i b\u0119d\u0105 prawdziwym pomnikiem dla Pa\u0144stwa bliskich.<\/p>\n<p>Nasza firma oferuje szerok\u0105 gam\u0119 pomnik\u00f3w granitowych dopasowanych do ka\u017cdego stylu i preferencji. Gwarantujemy jako\u015b\u0107 i trwa\u0142o\u015b\u0107 naszych produkt\u00f3w oraz oferujemy atrakcyjne ceny. Nasi eksperci pomog\u0105 Ci wybra\u0107 najbardziej odpowiedni pomnik granitowy dla Twoich bliskich.<\/p>\n<p>Je\u015bli chcesz <a href=\"https:\/\/granit-zhitomir.com\/\">kupi\u0107 pomnik z granitu, oferowany przez firm\u0119 granit-zhitomir.com<\/a>Aby uzyska\u0107 wi\u0119cej informacji, odwied\u017a nasz\u0105 stron\u0119 internetow\u0105 lub skontaktuj si\u0119 z nami.<\/p>","protected":false},"excerpt":{"rendered":"<p>1. Wst\u0119p Pomniki wykonane z granitu firmy granit-zhitomir.com to wyj\u0105tkowe i niepowtarzalne produkty charakteryzuj\u0105ce si\u0119 wysok\u0105 jako\u015bci\u0105 i trwa\u0142o\u015bci\u0105. Stanowi\u0105 kosztown\u0105 i czasoch\u0142onn\u0105 procedur\u0119 produkcyjn\u0105, dlatego s\u0105 symbolem trwa\u0142o\u015bci. Pomniki wykonane z granitu mog\u0105 by\u0107 wykorzystywane do r\u00f3\u017cnych cel\u00f3w, w tym do instalacji na uroczysto\u015bciach [...].<\/p>","protected":false},"author":1,"featured_media":6493,"parent":0,"menu_order":0,"comment_status":"closed","ping_status":"closed","template":"","meta":{"footnotes":""},"class_list":["post-6492","page","type-page","status-publish","has-post-thumbnail","hentry"],"yoast_head":"<!-- This site is optimized with the Yoast SEO plugin v25.2 - https:\/\/yoast.com\/wordpress\/plugins\/seo\/ -->\n<title>\u041f\u0430\u043c\u044f\u0442\u043d\u0438\u043a\u0438 \u0438\u0437 \u0433\u0440\u0430\u043d\u0438\u0442\u0430 \u043e\u0442 \u043a\u043e\u043c\u043f\u0430\u043d\u0438\u0438 granit-zhitomir.com - \u042d\u0441\u0442\u0435\u0442. \u0421\u043f\u043e\u0440\u0442\u0438\u0432\u043d\u044b\u0435 \u0431\u0430\u043b\u044c\u043d\u044b\u0435 \u0442\u0430\u043d\u0446\u044b \u0432 \u0416\u0438\u0442\u043e\u043c\u0438\u0440\u0435.<\/title>\n<meta name=\"robots\" content=\"index, follow, max-snippet:-1, max-image-preview:large, max-video-preview:-1\" \/>\n<link rel=\"canonical\" href=\"https:\/\/estet.zt.ua\/pl\/granit-zhitomir-com\/\" \/>\n<meta property=\"og:locale\" content=\"pl_PL\" \/>\n<meta property=\"og:type\" content=\"article\" \/>\n<meta property=\"og:title\" content=\"\u041f\u0430\u043c\u044f\u0442\u043d\u0438\u043a\u0438 \u0438\u0437 \u0433\u0440\u0430\u043d\u0438\u0442\u0430 \u043e\u0442 \u043a\u043e\u043c\u043f\u0430\u043d\u0438\u0438 granit-zhitomir.com - \u042d\u0441\u0442\u0435\u0442. \u0421\u043f\u043e\u0440\u0442\u0438\u0432\u043d\u044b\u0435 \u0431\u0430\u043b\u044c\u043d\u044b\u0435 \u0442\u0430\u043d\u0446\u044b \u0432 \u0416\u0438\u0442\u043e\u043c\u0438\u0440\u0435.\" \/>\n<meta property=\"og:description\" content=\"1. \u0412\u0432\u0435\u0434\u0435\u043d\u0438\u0435 \u041f\u0430\u043c\u044f\u0442\u043d\u0438\u043a\u0438 \u0438\u0437 \u0433\u0440\u0430\u043d\u0438\u0442\u0430 \u043e\u0442 \u043a\u043e\u043c\u043f\u0430\u043d\u0438\u0438 granit-zhitomir.com \u2013 \u044d\u0442\u043e \u0443\u043d\u0438\u043a\u0430\u043b\u044c\u043d\u044b\u0435 \u0438 \u043d\u0435\u043f\u043e\u0432\u0442\u043e\u0440\u0438\u043c\u044b\u0435 \u0438\u0437\u0434\u0435\u043b\u0438\u044f, \u043e\u0442\u043b\u0438\u0447\u0430\u044e\u0449\u0438\u0435\u0441\u044f \u0441\u0432\u043e\u0438\u043c \u0432\u044b\u0441\u043e\u043a\u0438\u043c \u043a\u0430\u0447\u0435\u0441\u0442\u0432\u043e\u043c \u0438 \u043f\u0440\u043e\u0447\u043d\u043e\u0441\u0442\u044c\u044e. \u041e\u043d\u0438 \u043f\u0440\u0435\u0434\u0441\u0442\u0430\u0432\u043b\u044f\u044e\u0442 \u0441\u043e\u0431\u043e\u0439 \u0434\u043e\u0440\u043e\u0433\u0443\u044e \u0438 \u0434\u043b\u0438\u0442\u0435\u043b\u044c\u043d\u0443\u044e \u043f\u0440\u043e\u0446\u0435\u0434\u0443\u0440\u0443 \u0438\u0437\u0433\u043e\u0442\u043e\u0432\u043b\u0435\u043d\u0438\u044f, \u043f\u043e\u044d\u0442\u043e\u043c\u0443 \u043e\u043d\u0438 \u044f\u0432\u043b\u044f\u044e\u0442\u0441\u044f \u0441\u0438\u043c\u0432\u043e\u043b\u043e\u043c \u0434\u043e\u043b\u0433\u043e\u0432\u0435\u0447\u043d\u043e\u0441\u0442\u0438. \u041f\u0430\u043c\u044f\u0442\u043d\u0438\u043a\u0438 \u0438\u0437 \u0433\u0440\u0430\u043d\u0438\u0442\u0430 \u043c\u043e\u0433\u0443\u0442 \u0438\u0441\u043f\u043e\u043b\u044c\u0437\u043e\u0432\u0430\u0442\u044c\u0441\u044f \u0434\u043b\u044f \u0440\u0430\u0437\u043b\u0438\u0447\u043d\u044b\u0445 \u0446\u0435\u043b\u0435\u0439, \u0432\u043a\u043b\u044e\u0447\u0430\u044f \u0443\u0441\u0442\u0430\u043d\u043e\u0432\u043a\u0443 \u043d\u0430 \u043f\u0440\u0430\u0437\u0434\u043d\u0438\u0447\u043d\u044b\u0435 [&hellip;]\" \/>\n<meta property=\"og:url\" content=\"https:\/\/estet.zt.ua\/pl\/granit-zhitomir-com\/\" \/>\n<meta property=\"og:site_name\" content=\"\u042d\u0441\u0442\u0435\u0442. \u0421\u043f\u043e\u0440\u0442\u0438\u0432\u043d\u044b\u0435 \u0431\u0430\u043b\u044c\u043d\u044b\u0435 \u0442\u0430\u043d\u0446\u044b \u0432 \u0416\u0438\u0442\u043e\u043c\u0438\u0440\u0435.\" \/>\n<meta property=\"og:image\" content=\"https:\/\/estet.zt.ua\/wp-content\/uploads\/2023\/09\/logo-bw.jpg\" \/>\n\t<meta property=\"og:image:width\" content=\"960\" \/>\n\t<meta property=\"og:image:height\" content=\"768\" \/>\n\t<meta property=\"og:image:type\" content=\"image\/jpeg\" \/>\n<meta name=\"twitter:card\" content=\"summary_large_image\" \/>\n<meta name=\"twitter:label1\" content=\"Szacowany czas czytania\" \/>\n\t<meta name=\"twitter:data1\" content=\"2 minuty\" \/>\n<script type=\"application\/ld+json\" class=\"yoast-schema-graph\">{\"@context\":\"https:\/\/schema.org\",\"@graph\":[{\"@type\":\"WebPage\",\"@id\":\"https:\/\/estet.zt.ua\/granit-zhitomir-com\/\",\"url\":\"https:\/\/estet.zt.ua\/granit-zhitomir-com\/\",\"name\":\"\u041f\u0430\u043c\u044f\u0442\u043d\u0438\u043a\u0438 \u0438\u0437 \u0433\u0440\u0430\u043d\u0438\u0442\u0430 \u043e\u0442 \u043a\u043e\u043c\u043f\u0430\u043d\u0438\u0438 granit-zhitomir.com - \u042d\u0441\u0442\u0435\u0442. \u0421\u043f\u043e\u0440\u0442\u0438\u0432\u043d\u044b\u0435 \u0431\u0430\u043b\u044c\u043d\u044b\u0435 \u0442\u0430\u043d\u0446\u044b \u0432 \u0416\u0438\u0442\u043e\u043c\u0438\u0440\u0435.\",\"isPartOf\":{\"@id\":\"https:\/\/estet.zt.ua\/#website\"},\"primaryImageOfPage\":{\"@id\":\"https:\/\/estet.zt.ua\/granit-zhitomir-com\/#primaryimage\"},\"image\":{\"@id\":\"https:\/\/estet.zt.ua\/granit-zhitomir-com\/#primaryimage\"},\"thumbnailUrl\":\"https:\/\/estet.zt.ua\/wp-content\/uploads\/2023\/09\/logo-bw.jpg\",\"datePublished\":\"2023-09-28T13:42:04+00:00\",\"breadcrumb\":{\"@id\":\"https:\/\/estet.zt.ua\/granit-zhitomir-com\/#breadcrumb\"},\"inLanguage\":\"pl-PL\",\"potentialAction\":[{\"@type\":\"ReadAction\",\"target\":[\"https:\/\/estet.zt.ua\/granit-zhitomir-com\/\"]}]},{\"@type\":\"ImageObject\",\"inLanguage\":\"pl-PL\",\"@id\":\"https:\/\/estet.zt.ua\/granit-zhitomir-com\/#primaryimage\",\"url\":\"https:\/\/estet.zt.ua\/wp-content\/uploads\/2023\/09\/logo-bw.jpg\",\"contentUrl\":\"https:\/\/estet.zt.ua\/wp-content\/uploads\/2023\/09\/logo-bw.jpg\",\"width\":960,\"height\":768},{\"@type\":\"BreadcrumbList\",\"@id\":\"https:\/\/estet.zt.ua\/granit-zhitomir-com\/#breadcrumb\",\"itemListElement\":[{\"@type\":\"ListItem\",\"position\":1,\"name\":\"\u0413\u043b\u0430\u0432\u043d\u0430\u044f \u0441\u0442\u0440\u0430\u043d\u0438\u0446\u0430\",\"item\":\"https:\/\/estet.zt.ua\/\"},{\"@type\":\"ListItem\",\"position\":2,\"name\":\"\u041f\u0430\u043c\u044f\u0442\u043d\u0438\u043a\u0438 \u0438\u0437 \u0433\u0440\u0430\u043d\u0438\u0442\u0430 \u043e\u0442 \u043a\u043e\u043c\u043f\u0430\u043d\u0438\u0438 granit-zhitomir.com\"}]},{\"@type\":\"WebSite\",\"@id\":\"https:\/\/estet.zt.ua\/#website\",\"url\":\"https:\/\/estet.zt.ua\/\",\"name\":\"\u042d\u0441\u0442\u0435\u0442. \u0421\u043f\u043e\u0440\u0442\u0438\u0432\u043d\u044b\u0435 \u0431\u0430\u043b\u044c\u043d\u044b\u0435 \u0442\u0430\u043d\u0446\u044b \u0432 \u0416\u0438\u0442\u043e\u043c\u0438\u0440\u0435.\",\"description\":\"\u0421\u043f\u043e\u0440\u0442\u0438\u0432\u043d\u044b\u0435 \u0431\u0430\u043b\u044c\u043d\u044b\u0435 \u0442\u0430\u043d\u0446\u044b \u0432 \u0416\u0438\u0442\u043e\u043c\u0438\u0440\u0435\",\"publisher\":{\"@id\":\"https:\/\/estet.zt.ua\/#organization\"},\"potentialAction\":[{\"@type\":\"SearchAction\",\"target\":{\"@type\":\"EntryPoint\",\"urlTemplate\":\"https:\/\/estet.zt.ua\/?s={search_term_string}\"},\"query-input\":{\"@type\":\"PropertyValueSpecification\",\"valueRequired\":true,\"valueName\":\"search_term_string\"}}],\"inLanguage\":\"pl-PL\"},{\"@type\":\"Organization\",\"@id\":\"https:\/\/estet.zt.ua\/#organization\",\"name\":\"\u042d\u0441\u0442\u0435\u0442. \u0411\u0430\u043b\u044c\u043d\u044b\u0435 \u0442\u0430\u043d\u0446\u044b \u0416\u0438\u0442\u043e\u043c\u0438\u0440\",\"url\":\"https:\/\/estet.zt.ua\/\",\"logo\":{\"@type\":\"ImageObject\",\"inLanguage\":\"pl-PL\",\"@id\":\"https:\/\/estet.zt.ua\/#\/schema\/logo\/image\/\",\"url\":\"https:\/\/estet.zt.ua\/wp-content\/uploads\/2020\/01\/logoestet.png\",\"contentUrl\":\"https:\/\/estet.zt.ua\/wp-content\/uploads\/2020\/01\/logoestet.png\",\"width\":300,\"height\":100,\"caption\":\"\u042d\u0441\u0442\u0435\u0442. \u0411\u0430\u043b\u044c\u043d\u044b\u0435 \u0442\u0430\u043d\u0446\u044b \u0416\u0438\u0442\u043e\u043c\u0438\u0440\"},\"image\":{\"@id\":\"https:\/\/estet.zt.ua\/#\/schema\/logo\/image\/\"}}]}<\/script>\n<!-- \/ Yoast SEO plugin. -->","yoast_head_json":{"title":"\u041f\u0430\u043c\u044f\u0442\u043d\u0438\u043a\u0438 \u0438\u0437 \u0433\u0440\u0430\u043d\u0438\u0442\u0430 \u043e\u0442 \u043a\u043e\u043c\u043f\u0430\u043d\u0438\u0438 granit-zhitomir.com - \u042d\u0441\u0442\u0435\u0442. \u0421\u043f\u043e\u0440\u0442\u0438\u0432\u043d\u044b\u0435 \u0431\u0430\u043b\u044c\u043d\u044b\u0435 \u0442\u0430\u043d\u0446\u044b \u0432 \u0416\u0438\u0442\u043e\u043c\u0438\u0440\u0435.","robots":{"index":"index","follow":"follow","max-snippet":"max-snippet:-1","max-image-preview":"max-image-preview:large","max-video-preview":"max-video-preview:-1"},"canonical":"https:\/\/estet.zt.ua\/pl\/granit-zhitomir-com\/","og_locale":"pl_PL","og_type":"article","og_title":"\u041f\u0430\u043c\u044f\u0442\u043d\u0438\u043a\u0438 \u0438\u0437 \u0433\u0440\u0430\u043d\u0438\u0442\u0430 \u043e\u0442 \u043a\u043e\u043c\u043f\u0430\u043d\u0438\u0438 granit-zhitomir.com - \u042d\u0441\u0442\u0435\u0442. \u0421\u043f\u043e\u0440\u0442\u0438\u0432\u043d\u044b\u0435 \u0431\u0430\u043b\u044c\u043d\u044b\u0435 \u0442\u0430\u043d\u0446\u044b \u0432 \u0416\u0438\u0442\u043e\u043c\u0438\u0440\u0435.","og_description":"1. \u0412\u0432\u0435\u0434\u0435\u043d\u0438\u0435 \u041f\u0430\u043c\u044f\u0442\u043d\u0438\u043a\u0438 \u0438\u0437 \u0433\u0440\u0430\u043d\u0438\u0442\u0430 \u043e\u0442 \u043a\u043e\u043c\u043f\u0430\u043d\u0438\u0438 granit-zhitomir.com \u2013 \u044d\u0442\u043e \u0443\u043d\u0438\u043a\u0430\u043b\u044c\u043d\u044b\u0435 \u0438 \u043d\u0435\u043f\u043e\u0432\u0442\u043e\u0440\u0438\u043c\u044b\u0435 \u0438\u0437\u0434\u0435\u043b\u0438\u044f, \u043e\u0442\u043b\u0438\u0447\u0430\u044e\u0449\u0438\u0435\u0441\u044f \u0441\u0432\u043e\u0438\u043c \u0432\u044b\u0441\u043e\u043a\u0438\u043c \u043a\u0430\u0447\u0435\u0441\u0442\u0432\u043e\u043c \u0438 \u043f\u0440\u043e\u0447\u043d\u043e\u0441\u0442\u044c\u044e. \u041e\u043d\u0438 \u043f\u0440\u0435\u0434\u0441\u0442\u0430\u0432\u043b\u044f\u044e\u0442 \u0441\u043e\u0431\u043e\u0439 \u0434\u043e\u0440\u043e\u0433\u0443\u044e \u0438 \u0434\u043b\u0438\u0442\u0435\u043b\u044c\u043d\u0443\u044e \u043f\u0440\u043e\u0446\u0435\u0434\u0443\u0440\u0443 \u0438\u0437\u0433\u043e\u0442\u043e\u0432\u043b\u0435\u043d\u0438\u044f, \u043f\u043e\u044d\u0442\u043e\u043c\u0443 \u043e\u043d\u0438 \u044f\u0432\u043b\u044f\u044e\u0442\u0441\u044f \u0441\u0438\u043c\u0432\u043e\u043b\u043e\u043c \u0434\u043e\u043b\u0433\u043e\u0432\u0435\u0447\u043d\u043e\u0441\u0442\u0438. \u041f\u0430\u043c\u044f\u0442\u043d\u0438\u043a\u0438 \u0438\u0437 \u0433\u0440\u0430\u043d\u0438\u0442\u0430 \u043c\u043e\u0433\u0443\u0442 \u0438\u0441\u043f\u043e\u043b\u044c\u0437\u043e\u0432\u0430\u0442\u044c\u0441\u044f \u0434\u043b\u044f \u0440\u0430\u0437\u043b\u0438\u0447\u043d\u044b\u0445 \u0446\u0435\u043b\u0435\u0439, \u0432\u043a\u043b\u044e\u0447\u0430\u044f \u0443\u0441\u0442\u0430\u043d\u043e\u0432\u043a\u0443 \u043d\u0430 \u043f\u0440\u0430\u0437\u0434\u043d\u0438\u0447\u043d\u044b\u0435 [&hellip;]","og_url":"https:\/\/estet.zt.ua\/pl\/granit-zhitomir-com\/","og_site_name":"\u042d\u0441\u0442\u0435\u0442. \u0421\u043f\u043e\u0440\u0442\u0438\u0432\u043d\u044b\u0435 \u0431\u0430\u043b\u044c\u043d\u044b\u0435 \u0442\u0430\u043d\u0446\u044b \u0432 \u0416\u0438\u0442\u043e\u043c\u0438\u0440\u0435.","og_image":[{"width":960,"height":768,"url":"https:\/\/estet.zt.ua\/wp-content\/uploads\/2023\/09\/logo-bw.jpg","type":"image\/jpeg"}],"twitter_card":"summary_large_image","twitter_misc":{"Szacowany czas czytania":"2 minuty"},"schema":{"@context":"https:\/\/schema.org","@graph":[{"@type":"WebPage","@id":"https:\/\/estet.zt.ua\/granit-zhitomir-com\/","url":"https:\/\/estet.zt.ua\/granit-zhitomir-com\/","name":"\u041f\u0430\u043c\u044f\u0442\u043d\u0438\u043a\u0438 \u0438\u0437 \u0433\u0440\u0430\u043d\u0438\u0442\u0430 \u043e\u0442 \u043a\u043e\u043c\u043f\u0430\u043d\u0438\u0438 granit-zhitomir.com - \u042d\u0441\u0442\u0435\u0442. \u0421\u043f\u043e\u0440\u0442\u0438\u0432\u043d\u044b\u0435 \u0431\u0430\u043b\u044c\u043d\u044b\u0435 \u0442\u0430\u043d\u0446\u044b \u0432 \u0416\u0438\u0442\u043e\u043c\u0438\u0440\u0435.","isPartOf":{"@id":"https:\/\/estet.zt.ua\/#website"},"primaryImageOfPage":{"@id":"https:\/\/estet.zt.ua\/granit-zhitomir-com\/#primaryimage"},"image":{"@id":"https:\/\/estet.zt.ua\/granit-zhitomir-com\/#primaryimage"},"thumbnailUrl":"https:\/\/estet.zt.ua\/wp-content\/uploads\/2023\/09\/logo-bw.jpg","datePublished":"2023-09-28T13:42:04+00:00","breadcrumb":{"@id":"https:\/\/estet.zt.ua\/granit-zhitomir-com\/#breadcrumb"},"inLanguage":"pl-PL","potentialAction":[{"@type":"ReadAction","target":["https:\/\/estet.zt.ua\/granit-zhitomir-com\/"]}]},{"@type":"ImageObject","inLanguage":"pl-PL","@id":"https:\/\/estet.zt.ua\/granit-zhitomir-com\/#primaryimage","url":"https:\/\/estet.zt.ua\/wp-content\/uploads\/2023\/09\/logo-bw.jpg","contentUrl":"https:\/\/estet.zt.ua\/wp-content\/uploads\/2023\/09\/logo-bw.jpg","width":960,"height":768},{"@type":"BreadcrumbList","@id":"https:\/\/estet.zt.ua\/granit-zhitomir-com\/#breadcrumb","itemListElement":[{"@type":"ListItem","position":1,"name":"\u0413\u043b\u0430\u0432\u043d\u0430\u044f \u0441\u0442\u0440\u0430\u043d\u0438\u0446\u0430","item":"https:\/\/estet.zt.ua\/"},{"@type":"ListItem","position":2,"name":"\u041f\u0430\u043c\u044f\u0442\u043d\u0438\u043a\u0438 \u0438\u0437 \u0433\u0440\u0430\u043d\u0438\u0442\u0430 \u043e\u0442 \u043a\u043e\u043c\u043f\u0430\u043d\u0438\u0438 granit-zhitomir.com"}]},{"@type":"WebSite","@id":"https:\/\/estet.zt.ua\/#website","url":"https:\/\/estet.zt.ua\/","name":"\u042d\u0441\u0442\u0435\u0442. \u0421\u043f\u043e\u0440\u0442\u0438\u0432\u043d\u044b\u0435 \u0431\u0430\u043b\u044c\u043d\u044b\u0435 \u0442\u0430\u043d\u0446\u044b \u0432 \u0416\u0438\u0442\u043e\u043c\u0438\u0440\u0435.","description":"\u0421\u043f\u043e\u0440\u0442\u0438\u0432\u043d\u044b\u0435 \u0431\u0430\u043b\u044c\u043d\u044b\u0435 \u0442\u0430\u043d\u0446\u044b \u0432 \u0416\u0438\u0442\u043e\u043c\u0438\u0440\u0435","publisher":{"@id":"https:\/\/estet.zt.ua\/#organization"},"potentialAction":[{"@type":"SearchAction","target":{"@type":"EntryPoint","urlTemplate":"https:\/\/estet.zt.ua\/?s={search_term_string}"},"query-input":{"@type":"PropertyValueSpecification","valueRequired":true,"valueName":"search_term_string"}}],"inLanguage":"pl-PL"},{"@type":"Organization","@id":"https:\/\/estet.zt.ua\/#organization","name":"\u042d\u0441\u0442\u0435\u0442. \u0411\u0430\u043b\u044c\u043d\u044b\u0435 \u0442\u0430\u043d\u0446\u044b \u0416\u0438\u0442\u043e\u043c\u0438\u0440","url":"https:\/\/estet.zt.ua\/","logo":{"@type":"ImageObject","inLanguage":"pl-PL","@id":"https:\/\/estet.zt.ua\/#\/schema\/logo\/image\/","url":"https:\/\/estet.zt.ua\/wp-content\/uploads\/2020\/01\/logoestet.png","contentUrl":"https:\/\/estet.zt.ua\/wp-content\/uploads\/2020\/01\/logoestet.png","width":300,"height":100,"caption":"\u042d\u0441\u0442\u0435\u0442. \u0411\u0430\u043b\u044c\u043d\u044b\u0435 \u0442\u0430\u043d\u0446\u044b \u0416\u0438\u0442\u043e\u043c\u0438\u0440"},"image":{"@id":"https:\/\/estet.zt.ua\/#\/schema\/logo\/image\/"}}]}},"_links":{"self":[{"href":"https:\/\/estet.zt.ua\/pl\/wp-json\/wp\/v2\/pages\/6492","targetHints":{"allow":["GET"]}}],"collection":[{"href":"https:\/\/estet.zt.ua\/pl\/wp-json\/wp\/v2\/pages"}],"about":[{"href":"https:\/\/estet.zt.ua\/pl\/wp-json\/wp\/v2\/types\/page"}],"author":[{"embeddable":true,"href":"https:\/\/estet.zt.ua\/pl\/wp-json\/wp\/v2\/users\/1"}],"replies":[{"embeddable":true,"href":"https:\/\/estet.zt.ua\/pl\/wp-json\/wp\/v2\/comments?post=6492"}],"version-history":[{"count":2,"href":"https:\/\/estet.zt.ua\/pl\/wp-json\/wp\/v2\/pages\/6492\/revisions"}],"predecessor-version":[{"id":6495,"href":"https:\/\/estet.zt.ua\/pl\/wp-json\/wp\/v2\/pages\/6492\/revisions\/6495"}],"wp:featuredmedia":[{"embeddable":true,"href":"https:\/\/estet.zt.ua\/pl\/wp-json\/wp\/v2\/media\/6493"}],"wp:attachment":[{"href":"https:\/\/estet.zt.ua\/pl\/wp-json\/wp\/v2\/media?parent=6492"}],"curies":[{"name":"wp","href":"https:\/\/api.w.org\/{rel}","templated":true}]}}